{"id":1697,"date":"2013-08-01T00:51:21","date_gmt":"2013-08-01T00:51:21","guid":{"rendered":"http:\/\/landmines.org.vn\/publications-2\/"},"modified":"2024-02-29T10:08:58","modified_gmt":"2024-02-29T03:08:58","slug":"publications","status":"publish","type":"page","link":"https:\/\/landmines.org.vn\/vi\/publications\/","title":{"rendered":"\u1ea4n ph\u1ea9m"},"content":{"rendered":"\n<p class=\"wp-block-paragraph\">Nh\u1eefng \u1ea5n b\u1ea3n n\u00e0y c\u00f3 th\u1ec3 t\u1ea3i mi\u1ec5n ph\u00ed. Ch\u00fang t\u00f4i b\u1ea3o \u0111\u1ea3m d\u1eef li\u1ec7u c\u00e1 nh\u00e2n v\u00e0 \u0111\u1ecba ch\u1ec9 email c\u1ee7a b\u1ea1n s\u1ebd kh\u00f4ng \u0111\u01b0\u1ee3c ai s\u1eed d\u1ee5ng ngo\u00e0i D\u1ef1 \u00e1n RENEW.<\/p>\n\n\n\n<p class=\"wp-block-paragraph\">N\u1ebfu b\u1ea1n g\u1eb7p tr\u1edf ng\u1ea1i trong vi\u1ec7c t\u00ecm ki\u1ebfm th\u00f4ng tin b\u1ea1n c\u1ea7n ho\u1eb7c c\u00f3 th\u1eafc m\u1eafc g\u00ec, xin h\u00e3y li\u00ean h\u1ec7 ch\u00fang t\u00f4i t\u1ea1i <a href=\"mailto:admin@landmines.org.vn\">admin@landmines.org.vn<\/a>. <\/p>\n\n\n\n<p class=\"wp-block-paragraph\"><\/p>\n<div class=\"pvc_clear\"><\/div><p id=\"pvc_stats_1697\" class=\"pvc_stats all  \" data-element-id=\"1697\" style=\"\"><i class=\"pvc-stats-icon medium\" aria-hidden=\"true\"><svg aria-hidden=\"true\" focusable=\"false\" data-prefix=\"far\" data-icon=\"chart-bar\" role=\"img\" xmlns=\"http:\/\/www.w3.org\/2000\/svg\" viewBox=\"0 0 512 512\" class=\"svg-inline--fa fa-chart-bar fa-w-16 fa-2x\"><path fill=\"currentColor\" d=\"M396.8 352h22.4c6.4 0 12.8-6.4 12.8-12.8V108.8c0-6.4-6.4-12.8-12.8-12.8h-22.4c-6.4 0-12.8 6.4-12.8 12.8v230.4c0 6.4 6.4 12.8 12.8 12.8zm-192 0h22.4c6.4 0 12.8-6.4 12.8-12.8V140.8c0-6.4-6.4-12.8-12.8-12.8h-22.4c-6.4 0-12.8 6.4-12.8 12.8v198.4c0 6.4 6.4 12.8 12.8 12.8zm96 0h22.4c6.4 0 12.8-6.4 12.8-12.8V204.8c0-6.4-6.4-12.8-12.8-12.8h-22.4c-6.4 0-12.8 6.4-12.8 12.8v134.4c0 6.4 6.4 12.8 12.8 12.8zM496 400H48V80c0-8.84-7.16-16-16-16H16C7.16 64 0 71.16 0 80v336c0 17.67 14.33 32 32 32h464c8.84 0 16-7.16 16-16v-16c0-8.84-7.16-16-16-16zm-387.2-48h22.4c6.4 0 12.8-6.4 12.8-12.8v-70.4c0-6.4-6.4-12.8-12.8-12.8h-22.4c-6.4 0-12.8 6.4-12.8 12.8v70.4c0 6.4 6.4 12.8 12.8 12.8z\" class=\"\"><\/path><\/svg><\/i> <img data-recalc-dims=\"1\" loading=\"lazy\" decoding=\"async\" width=\"16\" height=\"16\" alt=\"Loading\" src=\"https:\/\/i0.wp.com\/landmines.org.vn\/wp-content\/plugins\/page-views-count\/ajax-loader-2x.gif?resize=16%2C16&#038;ssl=1\" border=0 \/><\/p><div class=\"pvc_clear\"><\/div>","protected":false},"excerpt":{"rendered":"<p>Nh\u1eefng \u1ea5n b\u1ea3n n\u00e0y c\u00f3 th\u1ec3 t\u1ea3i mi\u1ec5n ph\u00ed. Ch\u00fang t\u00f4i b\u1ea3o \u0111\u1ea3m d\u1eef li\u1ec7u c\u00e1 nh\u00e2n v\u00e0 \u0111\u1ecba ch\u1ec9 email c\u1ee7a b\u1ea1n s\u1ebd kh\u00f4ng \u0111\u01b0\u1ee3c ai s\u1eed d\u1ee5ng ngo\u00e0i D\u1ef1 \u00e1n RENEW. N\u1ebfu b\u1ea1n g\u1eb7p tr\u1edf ng\u1ea1i trong vi\u1ec7c t\u00ecm ki\u1ebfm th\u00f4ng tin b\u1ea1n c\u1ea7n ho\u1eb7c c\u00f3 th\u1eafc m\u1eafc g\u00ec, xin h\u00e3y li\u00ean h\u1ec7 [&hellip;]<\/p>\n<div class=\"pvc_clear\"><\/div>\n<p id=\"pvc_stats_1697\" class=\"pvc_stats all  \" data-element-id=\"1697\" style=\"\"><i class=\"pvc-stats-icon medium\" aria-hidden=\"true\"><svg aria-hidden=\"true\" focusable=\"false\" data-prefix=\"far\" data-icon=\"chart-bar\" role=\"img\" xmlns=\"http:\/\/www.w3.org\/2000\/svg\" viewBox=\"0 0 512 512\" class=\"svg-inline--fa fa-chart-bar fa-w-16 fa-2x\"><path fill=\"currentColor\" d=\"M396.8 352h22.4c6.4 0 12.8-6.4 12.8-12.8V108.8c0-6.4-6.4-12.8-12.8-12.8h-22.4c-6.4 0-12.8 6.4-12.8 12.8v230.4c0 6.4 6.4 12.8 12.8 12.8zm-192 0h22.4c6.4 0 12.8-6.4 12.8-12.8V140.8c0-6.4-6.4-12.8-12.8-12.8h-22.4c-6.4 0-12.8 6.4-12.8 12.8v198.4c0 6.4 6.4 12.8 12.8 12.8zm96 0h22.4c6.4 0 12.8-6.4 12.8-12.8V204.8c0-6.4-6.4-12.8-12.8-12.8h-22.4c-6.4 0-12.8 6.4-12.8 12.8v134.4c0 6.4 6.4 12.8 12.8 12.8zM496 400H48V80c0-8.84-7.16-16-16-16H16C7.16 64 0 71.16 0 80v336c0 17.67 14.33 32 32 32h464c8.84 0 16-7.16 16-16v-16c0-8.84-7.16-16-16-16zm-387.2-48h22.4c6.4 0 12.8-6.4 12.8-12.8v-70.4c0-6.4-6.4-12.8-12.8-12.8h-22.4c-6.4 0-12.8 6.4-12.8 12.8v70.4c0 6.4 6.4 12.8 12.8 12.8z\" class=\"\"><\/path><\/svg><\/i> <img loading=\"lazy\" decoding=\"async\" width=\"16\" height=\"16\" alt=\"Loading\" src=\"https:\/\/landmines.org.vn\/wp-content\/plugins\/page-views-count\/ajax-loader-2x.gif\" border=0 \/><\/p>\n<div class=\"pvc_clear\"><\/div>\n","protected":false},"author":1,"featured_media":0,"parent":0,"menu_order":0,"comment_status":"open","ping_status":"open","template":"template-publication.php","meta":{"_crdt_document":"","advanced_seo_description":"","jetpack_seo_html_title":"","jetpack_seo_noindex":false,"jetpack_post_was_ever_published":false,"footnotes":""},"class_list":["post-1697","page","type-page","status-publish","hentry"],"jetpack_sharing_enabled":true,"jetpack_shortlink":"https:\/\/wp.me\/PaK7Iz-rn","jetpack_likes_enabled":false,"_links":{"self":[{"href":"https:\/\/landmines.org.vn\/vi\/wp-json\/wp\/v2\/pages\/1697","targetHints":{"allow":["GET"]}}],"collection":[{"href":"https:\/\/landmines.org.vn\/vi\/wp-json\/wp\/v2\/pages"}],"about":[{"href":"https:\/\/landmines.org.vn\/vi\/wp-json\/wp\/v2\/types\/page"}],"author":[{"embeddable":true,"href":"https:\/\/landmines.org.vn\/vi\/wp-json\/wp\/v2\/users\/1"}],"replies":[{"embeddable":true,"href":"https:\/\/landmines.org.vn\/vi\/wp-json\/wp\/v2\/comments?post=1697"}],"version-history":[{"count":4,"href":"https:\/\/landmines.org.vn\/vi\/wp-json\/wp\/v2\/pages\/1697\/revisions"}],"predecessor-version":[{"id":9302,"href":"https:\/\/landmines.org.vn\/vi\/wp-json\/wp\/v2\/pages\/1697\/revisions\/9302"}],"wp:attachment":[{"href":"https:\/\/landmines.org.vn\/vi\/wp-json\/wp\/v2\/media?parent=1697"}],"curies":[{"name":"wp","href":"https:\/\/api.w.org\/{rel}","templated":true}]}}