{"id":1683,"date":"2014-11-28T14:32:10","date_gmt":"2014-11-28T07:32:10","guid":{"rendered":"http:\/\/landmines.org.vn\/faq-2\/"},"modified":"2014-12-15T14:15:11","modified_gmt":"2014-12-15T07:15:11","slug":"faq","status":"publish","type":"page","link":"https:\/\/landmines.org.vn\/vi\/faq\/","title":{"rendered":"C\u00e2u h\u1ecfi th\u01b0\u1eddng g\u1eb7p"},"content":{"rendered":"<p>C\u00e2u h\u1ecfi th\u01b0\u1eddng g\u1eb7p<\/p>\n<p>[zilla_toggle title=&#8221;<strong>1. Ch\u1ea5t n\u1ed5\/Thu\u1ed1c n\u1ed5<\/strong>&#8221; state=&#8221;closed&#8221;] L\u00e0 m\u1ed9t ch\u1ea5t ho\u1eb7c h\u1ed7n h\u1ee3p c\u1ee7a nhi\u1ec1u ch\u1ea5t, v\u1edbi s\u1ef1 t\u00e1c \u0111\u1ed9ng t\u1eeb b\u00ean ngo\u00e0i, c\u00f3 kh\u1ea3 n\u0103ng gi\u1ea3i ph\u00f3ng n\u0103ng l\u01b0\u1ee3ng r\u1ea5t nhanh d\u01b0\u1edbi d\u1ea1ng kh\u00ed v\u00e0 nhi\u1ec7t.\u00a0[\/zilla_toggle]<\/p>\n<p>[zilla_toggle title=&#8221;<strong>2. \u0110\u1ea1n d\u01b0\u1ee3c\/v\u0169 kh\u00ed<\/strong>&#8221; state=&#8221;closed&#8221;]M\u1ed9t thi\u1ebft b\u1ecb \u0111\u01b0\u1ee3c n\u1ea1p ch\u1ea5t n\u1ed5, thu\u1ed1c ph\u00f3ng, thu\u1ed1c ph\u00e1o, h\u1ed7n h\u1ee3p k\u00edch ho\u1ea1t, ho\u1eb7c h\u1ea1t nh\u00e2n, v\u1eadt li\u1ec7u sinh h\u1ecdc hay h\u00f3a h\u1ecdc \u0111\u01b0\u1ee3c s\u1eed d\u1ee5ng trong c\u00e1c ho\u1ea1t \u0111\u1ed9ng qu\u00e2n s\u1ef1, bao g\u1ed3m c\u1ea3 ho\u1ea1t \u0111\u1ed9ng h\u1ee7y n\u1ed5.<br \/>\nL\u01b0u \u00fd: Trong c\u00e1ch d\u00f9ng th\u00f4ng th\u01b0\u1eddng, thu\u1eadt ng\u1eef n\u00e0y (th\u01b0\u1eddng l\u00e0 s\u1ed1 nhi\u1ec1u) c\u00f3 th\u1ec3 ch\u1ec9 t\u1ea5t c\u1ea3 c\u00e1c lo\u1ea1i v\u0169 kh\u00ed \u0111\u1ea1n d\u01b0\u1ee3c v\u00e0 trang thi\u1ebft b\u1ecb qu\u00e2n s\u1ef1.[\/zilla_toggle]<\/p>\n<p>[zilla_toggle title=&#8221;<strong>3. M\u00ecn<\/strong>&#8221; state=&#8221;closed&#8221;] L\u00e0 m\u1ed9t lo\u1ea1i v\u0169 kh\u00ed \u0111\u01b0\u1ee3c thi\u1ebft k\u1ebf \u0111\u1ec3 \u0111\u1eb7t d\u01b0\u1edbi, tr\u00ean ho\u1eb7c g\u1ea7n m\u1eb7t \u0111\u1ea5t hay m\u1ed9t m\u1eb7t b\u1eb1ng kh\u00e1c v\u1edbi m\u1ee5c \u0111\u00edch ph\u00e1t n\u1ed5 khi c\u00f3 s\u1ef1 hi\u1ec7n di\u1ec7n, ti\u1ebfp c\u1eadn hay va ch\u1ea1m v\u1edbi m\u1ed9t ng\u01b0\u1eddi ho\u1eb7c xe c\u1ed9.[\/zilla_toggle]<\/p>\n<p>[zilla_toggle title=&#8221;<strong>4. M\u00ecn s\u00e1t th\u01b0\u01a1ng (APM)<\/strong>&#8221; state=&#8221;closed&#8221;] L\u00e0 m\u1ed9t lo\u1ea1i m\u00ecn \u0111\u01b0\u1ee3c thi\u1ebft k\u1ebf v\u1edbi m\u1ee5c \u0111\u00edch ph\u00e1t n\u1ed5 khi c\u00f3 s\u1ef1 hi\u1ec7n di\u1ec7n, ti\u1ebfp c\u1eadn hay va ch\u1ea1m v\u1edbi m\u1ed9t ng\u01b0\u1eddi, s\u1ebd l\u00e0m m\u1ea5t kh\u1ea3 n\u0103ng, l\u00e0m b\u1ecb th\u01b0\u01a1ng ho\u1eb7c gi\u1ebft ch\u1ebft m\u1ed9t hay nhi\u1ec1u ng\u01b0\u1eddi.<br \/>\nL\u01b0u \u00fd: M\u00ecn \u0111\u01b0\u1ee3c thi\u1ebft k\u1ebf v\u1edbi m\u1ee5c \u0111\u00edch ph\u00e1t n\u1ed5 khi c\u00f3 s\u1ef1 hi\u1ec7n di\u1ec7n, ti\u1ebfp c\u1eadn hay va ch\u1ea1m v\u1edbi xe c\u1ed9, ch\u1ee9 kh\u00f4ng ph\u1ea3i v\u1edbi con ng\u01b0\u1eddi, \u0111\u01b0\u1ee3c trang b\u1ecb c\u00e1c thi\u1ebft b\u1ecb ch\u1ed1ng th\u00e1o g\u1ee1, kh\u00f4ng \u0111\u01b0\u1ee3c xem l\u00e0 m\u00ecn s\u00e1t th\u01b0\u01a1ng do t\u00ednh ch\u1ea5t qu\u00e1 m\u00e1y m\u00f3c \u0111\u00f3.[\/zilla_toggle]<\/p>\n<p>[zilla_toggle title=&#8221;<strong>5. V\u1eadt n\u1ed5 (EO)<\/strong>&#8221; state=&#8221;closed&#8221;] T\u1ea5t c\u1ea3 nh\u1eefng lo\u1ea1i v\u0169 kh\u00ed \u0111\u1ea1n d\u01b0\u1ee3c c\u00f3 ch\u1ee9a ch\u1ea5t n\u1ed5, c\u00e1c v\u1eadt li\u1ec7u h\u1ea1t nh\u00e2n h\u1ee3p h\u1ea1ch hay ph\u00e2n h\u1ea1ch ho\u1eb7c nh\u1eefng ch\u1ea5t h\u00f3a h\u1ecdc hay sinh h\u1ecdc. V\u1eadt n\u1ed5 bao g\u1ed3m bom, \u0111\u1ea7u \u0111\u1ea1n; t\u00ean l\u1eeda \u0111\u1ea1n \u0111\u1ea1o c\u00f3 \u0111i\u1ec1u khi\u1ec3n; \u0111\u1ea1n ph\u00e1o, \u0111\u1ea1n c\u1ed1i, rocket, v\u00e0 nh\u1eefng lo\u1ea1i \u0111\u1ea1n d\u01b0\u1ee3c v\u0169 kh\u00ed h\u1ea1ng nh\u1eb9; c\u00e1c lo\u1ea1i m\u00ecn, ng\u01b0 l\u00f4i v\u00e0 c\u00e1c kh\u1ed1i n\u1ed5 d\u01b0\u1edbi n\u01b0\u1edbc, ph\u00e1o s\u00e1ng, bom ch\u00f9m bom r\u1ea3i, v\u1ecf \u0111\u1ea1n v\u00e0 nh\u1eefng thi\u1ebft b\u1ecb k\u00edch ho\u1ea1t \u0111\u1ea9y; c\u00e1c thi\u1ebft b\u1ecb n\u1ed5 \u0111i\u1ec7n t\u1eed; c\u00e1c lo\u1ea1i thi\u1ebft b\u1ecb n\u1ed5 t\u1ef1 t\u1ea1o \u00edt \u0111\u01b0\u1ee3c bi\u1ebft \u0111\u1ebfn; v\u00e0 t\u1ea5t c\u1ea3 nh\u1eefng v\u1eadt th\u1ec3 n\u00e0o t\u01b0\u01a1ng t\u1ef1 ho\u1eb7c li\u00ean quan hay nh\u1eefng h\u1ed7n h\u1ee3p g\u00e2y n\u1ed5 trong t\u1ef1 nhi\u00ean.[\/zilla_toggle]<\/p>\n<p>[zilla_toggle title=&#8221;<strong>6. V\u1eadt n\u1ed5 ch\u01b0a n\u1ed5 (UXO)<\/strong>&#8221; state=&#8221;closed&#8221;]V\u1eadt n\u1ed5 \u0111\u00e3 \u0111\u01b0\u1ee3c k\u00edch n\u1ed5, l\u1eafp \u0111\u1ea7u n\u1ed5, l\u00ean ch\u1ed1t hay b\u1eb1ng m\u1ed9t c\u00e1ch th\u1ee9c n\u00e0o \u0111\u00f3 chu\u1ea9n b\u1ecb s\u1eed d\u1ee5ng ho\u1eb7c \u0111\u00e3 \u0111\u01b0\u1ee3c s\u1eed d\u1ee5ng. V\u1eadt n\u1ed5 n\u00e0y c\u00f3 th\u1ec3 \u0111\u00e3 \u0111\u01b0\u1ee3c b\u1eafn ra, th\u1ea3 xu\u1ed1ng, ph\u00f3ng \u0111i ho\u1eb7c \u0111\u1ea9y \u0111i nh\u01b0ng v\u1eabn ch\u01b0a ph\u00e1t n\u1ed5 ho\u1eb7c do s\u1ef1 c\u1ed1 ho\u1eb7c do thi\u1ebft k\u1ebf hay b\u1ea5t k\u1ef3 l\u00fd do n\u00e0o kh\u00e1c.[\/zilla_toggle]<\/p>\n<p>[zilla_toggle title=&#8221;<strong>7. V\u1eadt n\u1ed5 b\u1ecf l\u1ea1i (AXO)<\/strong>&#8221; state=&#8221;closed&#8221;]V\u1eadt n\u1ed5 \u0111\u00e3 kh\u00f4ng \u0111\u01b0\u1ee3c s\u1eed d\u1ee5ng trong su\u1ed1t m\u1ed9t cu\u1ed9c xung \u0111\u1ed9t v\u0169 trang, b\u1ecb b\u1ecf s\u00f3t l\u1ea1i ho\u1eb7c v\u1ee9t b\u1ecf b\u1edfi m\u1ed9t b\u00ean tham chi\u1ebfn v\u00e0 kh\u00f4ng c\u00f2n n\u1eb1m trong t\u1ea7m ki\u1ec3m so\u00e1t c\u1ee7a b\u00ean tham chi\u1ebfn \u0111\u00e3 b\u1ecf s\u00f3t l\u1ea1i hay v\u1ee9t b\u1ecf n\u00e0y. V\u1eadt n\u1ed5 b\u1ecf l\u1ea1i c\u00f3 th\u1ec3 \u0111\u00e3 ho\u1eb7c ch\u01b0a k\u00edch n\u1ed5, l\u1eafp \u0111\u1ea7u n\u1ed5, l\u00ean ch\u1ed1t hay b\u1eb1ng m\u1ed9t c\u00e1ch th\u1ee9c n\u00e0o \u0111\u00f3 chu\u1ea9n b\u1ecb s\u1eed d\u1ee5ng.[\/zilla_toggle]<\/p>\n<p>[zilla_toggle title=&#8221;<strong>8. V\u1eadt n\u1ed5 s\u00f3t l\u1ea1i sau chi\u1ebfn tranh (ERW)<\/strong>&#8221; state=&#8221;closed&#8221;]Bao g\u1ed3m c\u1ea3 V\u1eadt n\u1ed5 ch\u01b0a n\u1ed5 (UXO) v\u00e0 V\u1eadt n\u1ed5 b\u1ecf l\u1ea1i (AXO). [\/zilla_toggle]<\/p>\n<p>[zilla_toggle title=&#8221;<strong>9. X\u1eed l\u00fd bom m\u00ecn v\u1eadt n\u1ed5 (EOD)<\/strong>&#8221; state=&#8221;closed&#8221;]\u00a0L\u00e0 vi\u1ec7c r\u00e0 t\u00ecm, x\u00e1c \u0111\u1ecbnh, \u0111\u00e1nh gi\u00e1, v\u00f4 hi\u1ec7u h\u00f3a, \u0111\u01b0a v\u1ec1 tr\u1ea1ng th\u00e1i an to\u00e0n v\u00e0 ph\u00e1 h\u1ee7y c\u00e1c V\u1eadt n\u1ed5.<br \/>\nX\u1eed l\u00fd bom m\u00ecn v\u1eadt n\u1ed5 c\u00f3 th\u1ec3 \u0111\u01b0\u1ee3c th\u1ef1c hi\u1ec7n:<\/p>\n<ul>\n<li>nh\u01b0 l\u00e0 m\u1ed9t c\u00f4ng vi\u1ec7c th\u01b0\u1eddng xuy\u00ean c\u1ee7a c\u00e1c ho\u1ea1t \u0111\u1ed9ng r\u00e0 ph\u00e1 bom m\u00ecn, t\u00f9y thu\u1ed9c v\u00e0o vi\u1ec7c ph\u00e1t hi\u1ec7n V\u1eadt n\u1ed5 s\u00f3t l\u1ea1i sau chi\u1ebfn tranh (ERW);<\/li>\n<li>nh\u1eb1m ph\u00e1 h\u1ee7y ERW ph\u00e1t hi\u1ec7n b\u00ean ngo\u00e0i khu v\u1ef1c nguy hi\u1ec3m, (c\u00f3 th\u1ec3 l\u00e0 m\u1ed9t v\u1eadt n\u1ed5 ho\u1eb7c m\u1ed9t s\u1ed1 l\u01b0\u1ee3ng v\u1eadt n\u1ed5 nh\u01b0ng ch\u1ec9 n\u1eb1m trong m\u1ed9t khu v\u1ef1c nh\u1ea5t \u0111\u1ecbnh);<\/li>\n<li>ho\u1eb7c\u00a0nh\u1eb1m ph\u00e1 h\u1ee7y EO \u0111\u00e3 tr\u1edf n\u00ean nguy hi\u1ec3m do ph\u00e2n h\u1ee7y, ph\u00e1 h\u1ee7y hay do kh\u00f4ng th\u00e0nh c\u00f4ng trong h\u1ee7y n\u1ed5 tr\u01b0\u1edbc \u0111\u00f3 [\/zilla_toggle]<\/li>\n<\/ul>\n<p>[zilla_toggle title=&#8221;<strong>10. \u0110\u1ea1n ch\u00f9m\/bom con (bom bi)<\/strong>&#8221; state=&#8221;closed&#8221;] L\u00e0 m\u1ed9t lo\u1ea1i v\u0169 kh\u00ed\/\u0111\u1ea1n d\u01b0\u1ee3c, \u0111\u1ec3 th\u1ef1c hi\u1ec7n nhi\u1ec7m v\u1ee5 c\u1ee7a m\u00ecnh, \u0111\u01b0\u1ee3c t\u00e1ch ra t\u1eeb m\u1ed9t v\u0169 kh\u00ed m\u1eb9\/bom \u0111\u1ea1n ch\u1ee9a.<br \/>\nM\u00ecn ho\u1eb7c \u0111\u1ea1n d\u01b0\u1ee3c l\u00e0 th\u00e0nh ph\u1ea7n c\u1ee7a m\u1ed9t \u0111\u01a1n v\u1ecb bom ch\u00f9m (bom m\u1eb9), \u0111\u1ea1n ph\u00e1o ho\u1eb7c \u0111\u01b0\u1ee3c n\u1ea1p trong t\u00ean l\u1eeda. [\/zilla_toggle]<\/p>\n<p>[zilla_toggle title=&#8221;<strong>11. \u0110\u01a1n v\u1ecb bom ch\u00f9m\/bom m\u1eb9 (CBU)<\/strong>&#8221; state=&#8221;closed&#8221;] L\u00e0 m\u1ed9t v\u1eadt ch\u1ee9a c\u00f3 th\u1ec3 r\u1ea3i b\u1eb1ng m\u00e1y bay bao g\u1ed3m m\u1ed9t bom r\u1ea3i v\u00e0 nhi\u1ec1u bom con\/\u0111\u1ea1n ch\u00f9m.<br \/>\nM\u1ed9t qu\u1ea3 bom ch\u1ee9a v\u00e0 r\u1ea3i bom con\/\u0111\u1ea1n ch\u00f9m c\u00f3 th\u1ec3 l\u00e0 m\u00ecn (s\u00e1t th\u01b0\u01a1ng ho\u1eb7c ch\u1ed1ng t\u0103ng), bom con xuy\u00ean (ph\u00e1 \u0111\u01b0\u1eddng b\u0103ng), hay bom bi ph\u00e2n m\u1ea3nh&#8230;[\/zilla_toggle]<\/p>\n<p>[zilla_toggle title=&#8221;<strong>12. V\u0169 kh\u00ed ch\u00f9m\/Bom ch\u00f9m<\/strong>&#8221; state=&#8221;closed&#8221;] V\u0169 kh\u00ed ch\u00f9m\/Bom ch\u00f9m l\u00e0 v\u0169 kh\u00ed ch\u1ee9a ch\u1ea5t n\u1ed5 \u0111\u01b0\u1ee3c th\u1ea3 t\u1eeb tr\u00ean kh\u00f4ng hay b\u1eafn t\u1eeb m\u1eb7t \u0111\u1ea5t r\u1ed3i sau \u0111\u00f3 ph\u00f3ng ra nhi\u1ec1u bom con\/\u0111\u1ea1n ch\u00f9m (hay m\u1ed9t ch\u00f9m nh\u1eefng qu\u1ea3 bom nh\u1ecf). Nh\u1eefng lo\u1ea1i th\u00f4ng th\u01b0\u1eddng nh\u1ea5t th\u01b0\u1eddng thi\u1ebft k\u1ebf \u0111\u1ec3 gi\u1ebft ch\u1ebft \u0111\u1ed1i ph\u01b0\u01a1ng v\u00e0 ph\u00e1 h\u1ee7y xe c\u1ed9. Nhi\u1ec1u lo\u1ea1i v\u0169 kh\u00ed bom \u0111\u1ea1n ch\u00f9m kh\u00e1c \u0111\u01b0\u1ee3c thi\u1ebft k\u1ebf \u0111\u1ec3 ph\u00e1 h\u1ee7y \u0111\u01b0\u1eddng b\u0103ng, \u0111\u01b0\u1eddng d\u00e2y \u0111i\u1ec7n, r\u1ea3i v\u0169 kh\u00ed h\u00f3a sinh ho\u1eb7c r\u1ea3i c\u1ea3 m\u00ecn s\u00e1t th\u01b0\u01a1ng. M\u1ed9t s\u1ed1 lo\u1ea1i bom d\u1ea1ng n\u00e0y kh\u00f4ng r\u1ea3i v\u0169 kh\u00ed mang ch\u1ea5t n\u1ed5 m\u00e0 r\u1ea3i truy\u1ec1n \u0111\u01a1n.<br \/>\nB\u1edfi v\u00ec bom ch\u00f9m r\u1ea3i ra r\u1ea5t nhi\u1ec1u qu\u1ea3 bom con tr\u00ean m\u1ed9t di\u1ec7n t\u00edch r\u1ed9ng l\u1edbn n\u00ean lo\u1ea1i v\u0169 kh\u00ed n\u00e0y mang \u0111\u1ebfn nhi\u1ec1u nguy hi\u1ec3m cho th\u01b0\u1eddng d\u00e2n c\u1ea3 trong qu\u00e1 tr\u00ecnh xung \u0111\u1ed9t v\u00e0 h\u1eadu chi\u1ebfn. Trong qu\u00e1 tr\u00ecnh t\u1ea5n c\u00f4ng, lo\u1ea1i v\u0169 kh\u00ed n\u00e0y th\u01b0\u1eddng \u1ea3nh h\u01b0\u1edfng kh\u00f4ng ph\u00e2n bi\u1ec7t th\u01b0\u1eddng d\u00e2n, \u0111\u1eb7c bi\u1ec7t v\u00f9ng \u0111\u00f4ng d\u00e2n c\u01b0. Sau khi xung \u0111\u1ed9t k\u1ebft th\u00fac, bom con ch\u01b0a n\u1ed5 s\u00f3t l\u1ea1i c\u00f3 th\u1ec3 g\u00e2y th\u01b0\u01a1ng vong cho th\u01b0\u01a1ng d\u00e2n m\u1ed9t th\u1eddi gian gian. Vi\u1ec7c x\u00e1c \u0111\u1ecbnh v\u00e0 di d\u1eddi bom con\/\u0111\u1ea1n ch\u00f9m ch\u01b0a n\u1ed5 s\u00f3t l\u1ea1i r\u1ea5t t\u1ed1n k\u00e9m.<br \/>\nV\u0169 kh\u00ed ch\u00f9m\/Bom ch\u00f9m b\u1ecb c\u1ea5m \u1edf nh\u1eefng qu\u1ed1c gia ph\u00ea chu\u1ea9n C\u00f4ng \u01b0\u1edbc v\u1ec1 Bom ch\u00f9m, so\u1ea1n th\u1ea3o \u1edf Dublin, Ireland th\u00e1ng 05 n\u0103m 2008 v\u00e0 \u0111\u01b0\u1ee3c 94 qu\u1ed1c gia k\u00fd v\u00e0o 2 n\u00e0y 3-4 th\u00e1ng 12 n\u0103m 2008 \u1edf Oslo, Na Uy. Cho \u0111\u1ebfn 15 th\u00e1ng 07 n\u0103m 2009, \u0111\u00e3 c\u00f3 98 qu\u1ed1c gia k\u00fd v\u00e0o C\u00f4ng \u01b0\u1edbc v\u00e0 14 qu\u1ed1c gia \u0111\u00e3 ph\u00ea chu\u1ea9n. Nh\u1eefng \u0111i\u1ec1u kho\u1ea3n chung c\u1ee7a lu\u1eadt nh\u00e2n \u0111\u1ea1o qu\u1ed1c t\u1ebf nh\u1eb1m b\u1ea3o v\u1ec7 th\u01b0\u1eddng d\u00e2n \u00e1p d\u1ee5ng \u0111\u1ed1i v\u1edbi bom ch\u00f9m c\u0169ng nh\u01b0 \u0111\u00e3 \u00e1p d\u1ee5ng v\u1edbi t\u1ea5t c\u1ea3 c\u00e1c lo\u1ea1i v\u0169 kh\u00ed.<br \/>\n[\/zilla_toggle]<\/p>\n<p>[zilla_toggle title=&#8221;<strong>13. H\u00e0nh \u0111\u1ed9ng bom m\u00ecn (H\u00e0nh \u0111\u1ed9ng bom m\u00ecn nh\u00e2n \u0111\u1ea1o)<\/strong>&#8221; state=&#8221;closed&#8221;] Nh\u1eefng ho\u1ea1t \u0111\u1ed9ng nh\u1eb1m m\u1ee5c \u0111\u00edch gi\u1ea3m thi\u1ec3u \u1ea3nh h\u01b0\u1edfng v\u1ec1 kinh t\u1ebf x\u00e3 h\u1ed9i v\u00e0 m\u00f4i tr\u01b0\u1eddng c\u1ee7a m\u00ecn v\u00e0 c\u00e1c lo\u1ea1i v\u1eadt n\u1ed1 s\u00f3t l\u1ea1i sau chi\u1ebfn tranh. [\/zilla_toggle]<\/p>\n<div class=\"pvc_clear\"><\/div>\n<p id=\"pvc_stats_1683\" class=\"pvc_stats all  \" data-element-id=\"1683\" style=\"\"><i class=\"pvc-stats-icon medium\" aria-hidden=\"true\"><svg aria-hidden=\"true\" focusable=\"false\" data-prefix=\"far\" data-icon=\"chart-bar\" role=\"img\" xmlns=\"http:\/\/www.w3.org\/2000\/svg\" viewBox=\"0 0 512 512\" class=\"svg-inline--fa fa-chart-bar fa-w-16 fa-2x\"><path fill=\"currentColor\" d=\"M396.8 352h22.4c6.4 0 12.8-6.4 12.8-12.8V108.8c0-6.4-6.4-12.8-12.8-12.8h-22.4c-6.4 0-12.8 6.4-12.8 12.8v230.4c0 6.4 6.4 12.8 12.8 12.8zm-192 0h22.4c6.4 0 12.8-6.4 12.8-12.8V140.8c0-6.4-6.4-12.8-12.8-12.8h-22.4c-6.4 0-12.8 6.4-12.8 12.8v198.4c0 6.4 6.4 12.8 12.8 12.8zm96 0h22.4c6.4 0 12.8-6.4 12.8-12.8V204.8c0-6.4-6.4-12.8-12.8-12.8h-22.4c-6.4 0-12.8 6.4-12.8 12.8v134.4c0 6.4 6.4 12.8 12.8 12.8zM496 400H48V80c0-8.84-7.16-16-16-16H16C7.16 64 0 71.16 0 80v336c0 17.67 14.33 32 32 32h464c8.84 0 16-7.16 16-16v-16c0-8.84-7.16-16-16-16zm-387.2-48h22.4c6.4 0 12.8-6.4 12.8-12.8v-70.4c0-6.4-6.4-12.8-12.8-12.8h-22.4c-6.4 0-12.8 6.4-12.8 12.8v70.4c0 6.4 6.4 12.8 12.8 12.8z\" class=\"\"><\/path><\/svg><\/i> <img data-recalc-dims=\"1\" loading=\"lazy\" decoding=\"async\" width=\"16\" height=\"16\" alt=\"Loading\" src=\"https:\/\/i0.wp.com\/landmines.org.vn\/wp-content\/plugins\/page-views-count\/ajax-loader-2x.gif?resize=16%2C16&#038;ssl=1\" border=0 \/><\/p>\n<div class=\"pvc_clear\"><\/div>\n","protected":false},"excerpt":{"rendered":"<p>C\u00e2u h\u1ecfi th\u01b0\u1eddng g\u1eb7p [zilla_toggle title=&#8221;1. Ch\u1ea5t n\u1ed5\/Thu\u1ed1c n\u1ed5&#8221; state=&#8221;closed&#8221;] L\u00e0 m\u1ed9t ch\u1ea5t ho\u1eb7c h\u1ed7n h\u1ee3p c\u1ee7a nhi\u1ec1u ch\u1ea5t, v\u1edbi s\u1ef1 t\u00e1c \u0111\u1ed9ng t\u1eeb b\u00ean ngo\u00e0i, c\u00f3 kh\u1ea3 n\u0103ng gi\u1ea3i ph\u00f3ng n\u0103ng l\u01b0\u1ee3ng r\u1ea5t nhanh d\u01b0\u1edbi d\u1ea1ng kh\u00ed v\u00e0 nhi\u1ec7t.\u00a0[\/zilla_toggle] [zilla_toggle title=&#8221;2. \u0110\u1ea1n d\u01b0\u1ee3c\/v\u0169 kh\u00ed&#8221; state=&#8221;closed&#8221;]M\u1ed9t thi\u1ebft b\u1ecb \u0111\u01b0\u1ee3c n\u1ea1p ch\u1ea5t n\u1ed5, thu\u1ed1c ph\u00f3ng, thu\u1ed1c [&hellip;]<\/p>\n<div class=\"pvc_clear\"><\/div>\n<p id=\"pvc_stats_1683\" class=\"pvc_stats all  \" data-element-id=\"1683\" style=\"\"><i class=\"pvc-stats-icon medium\" aria-hidden=\"true\"><svg aria-hidden=\"true\" focusable=\"false\" data-prefix=\"far\" data-icon=\"chart-bar\" role=\"img\" xmlns=\"http:\/\/www.w3.org\/2000\/svg\" viewBox=\"0 0 512 512\" class=\"svg-inline--fa fa-chart-bar fa-w-16 fa-2x\"><path fill=\"currentColor\" d=\"M396.8 352h22.4c6.4 0 12.8-6.4 12.8-12.8V108.8c0-6.4-6.4-12.8-12.8-12.8h-22.4c-6.4 0-12.8 6.4-12.8 12.8v230.4c0 6.4 6.4 12.8 12.8 12.8zm-192 0h22.4c6.4 0 12.8-6.4 12.8-12.8V140.8c0-6.4-6.4-12.8-12.8-12.8h-22.4c-6.4 0-12.8 6.4-12.8 12.8v198.4c0 6.4 6.4 12.8 12.8 12.8zm96 0h22.4c6.4 0 12.8-6.4 12.8-12.8V204.8c0-6.4-6.4-12.8-12.8-12.8h-22.4c-6.4 0-12.8 6.4-12.8 12.8v134.4c0 6.4 6.4 12.8 12.8 12.8zM496 400H48V80c0-8.84-7.16-16-16-16H16C7.16 64 0 71.16 0 80v336c0 17.67 14.33 32 32 32h464c8.84 0 16-7.16 16-16v-16c0-8.84-7.16-16-16-16zm-387.2-48h22.4c6.4 0 12.8-6.4 12.8-12.8v-70.4c0-6.4-6.4-12.8-12.8-12.8h-22.4c-6.4 0-12.8 6.4-12.8 12.8v70.4c0 6.4 6.4 12.8 12.8 12.8z\" class=\"\"><\/path><\/svg><\/i> <img loading=\"lazy\" decoding=\"async\" width=\"16\" height=\"16\" alt=\"Loading\" src=\"https:\/\/landmines.org.vn\/wp-content\/plugins\/page-views-count\/ajax-loader-2x.gif\" border=0 \/><\/p>\n<div class=\"pvc_clear\"><\/div>\n","protected":false},"author":1,"featured_media":0,"parent":0,"menu_order":0,"comment_status":"closed","ping_status":"closed","template":"","meta":{"_crdt_document":"","advanced_seo_description":"","jetpack_seo_html_title":"","jetpack_seo_noindex":false,"jetpack_post_was_ever_published":false,"footnotes":""},"class_list":["post-1683","page","type-page","status-publish","hentry"],"jetpack_sharing_enabled":true,"jetpack_shortlink":"https:\/\/wp.me\/PaK7Iz-r9","jetpack_likes_enabled":false,"_links":{"self":[{"href":"https:\/\/landmines.org.vn\/vi\/wp-json\/wp\/v2\/pages\/1683","targetHints":{"allow":["GET"]}}],"collection":[{"href":"https:\/\/landmines.org.vn\/vi\/wp-json\/wp\/v2\/pages"}],"about":[{"href":"https:\/\/landmines.org.vn\/vi\/wp-json\/wp\/v2\/types\/page"}],"author":[{"embeddable":true,"href":"https:\/\/landmines.org.vn\/vi\/wp-json\/wp\/v2\/users\/1"}],"replies":[{"embeddable":true,"href":"https:\/\/landmines.org.vn\/vi\/wp-json\/wp\/v2\/comments?post=1683"}],"version-history":[{"count":2,"href":"https:\/\/landmines.org.vn\/vi\/wp-json\/wp\/v2\/pages\/1683\/revisions"}],"predecessor-version":[{"id":1693,"href":"https:\/\/landmines.org.vn\/vi\/wp-json\/wp\/v2\/pages\/1683\/revisions\/1693"}],"wp:attachment":[{"href":"https:\/\/landmines.org.vn\/vi\/wp-json\/wp\/v2\/media?parent=1683"}],"curies":[{"name":"wp","href":"https:\/\/api.w.org\/{rel}","templated":true}]}}