{"id":1682,"date":"2014-11-28T14:03:39","date_gmt":"2014-11-28T07:03:39","guid":{"rendered":"http:\/\/landmines.org.vn\/testimonials-2\/"},"modified":"2014-12-15T14:00:48","modified_gmt":"2014-12-15T07:00:48","slug":"testimonials","status":"publish","type":"page","link":"https:\/\/landmines.org.vn\/vi\/testimonials\/","title":{"rendered":"Ng\u01b0\u1eddi kh\u00e1c n\u00f3i"},"content":{"rendered":"<p><em>\u201cD\u1ef1 \u00e1n RENEW \u0111\u00e3 c\u00f3 b\u01b0\u1edbc ti\u1ebfn d\u00e0i trong v\u00f2ng 1 th\u1eadp k\u1ef7 qua v\u00e0 ng\u00e0y c\u00e0ng ph\u00e1t tri\u1ec3n. Cu\u1ed9c s\u1ed1ng c\u1ee7a ng\u01b0\u1eddi d\u00e2n Qu\u1ea3ng Tr\u1ecb b\u00e2y gi\u1edd c\u0169ng \u0111\u01b0\u1ee3c an to\u00e0n h\u01a1n do nh\u1eefng n\u1ed7 l\u1ef1c l\u1edbn lao c\u1ee7a c\u00e1c b\u1ea1n trong ho\u1ea1t \u0111\u1ed9ng r\u00e0 ph\u00e1 bom m\u00ecn, gi\u00fap \u0111\u1ee1 c\u00e1c h\u1ed9 gia \u0111\u00ecnh b\u1ecb \u1ea3nh h\u01b0\u1edfng b\u1edfi tai n\u1ea1n bom m\u00ecn, v\u00e0 gi\u00e1o d\u1ee5c cho ng\u01b0\u1eddi d\u00e2n v\u1ec1 s\u1ef1 nguy hi\u1ec3m c\u1ee7a bom m\u00ecn.\u201d<br \/>\n<\/em><strong>Ralph L. Cwerman,<\/strong> Ch\u1ee7 t\u1ecbch, Vi\u1ec7n Humpty Dumpty Institute<\/p>\n<p><em> \u201cNa Uy t\u1ef1 h\u00e0o v\u1ec1 s\u1ef1 c\u1ed9ng t\u00e1c c\u1ee7a ch\u00ednh quy\u1ec1n Qu\u1ea3ng Tr\u1ecb v\u00e0 c\u00e1c t\u1ed5 ch\u1ee9c \u0111\u1ebfn t\u1eeb \u0111\u1ea5t n\u01b0\u1edbc ch\u00fang t\u00f4i, nh\u1eefng t\u1ed5 ch\u1ee9c \u0111ang h\u1ee3p t\u00e1c v\u1edbi D\u1ef1 \u00e1n RENEW nh\u1eb1m lo\u1ea1i b\u1ecf di s\u1ea3n ch\u1ebft ng\u01b0\u1eddi do bom m\u00ecn, v\u1eadt n\u1ed5 g\u00e2y ra \u0111\u1ed1i v\u1edbi c\u1ed9ng \u0111\u1ed3ng \u0111\u1ecba ph\u01b0\u01a1ng.\u201d<br \/>\n<\/em><strong>Stale Tortein Risa,<\/strong>\u00a0\u0110\u1ea1i s\u1ee9 Ho\u00e0ng gia Na Uy t\u1ea1i Vi\u1ec7t Nam<\/p>\n<p><em>\u201cH\u1eadu qu\u1ea3 c\u1ee7a chi\u1ebfn tranh c\u00f3 th\u1ec3 \u0111ang qu\u00e1 s\u1ee9c ch\u1ecbu \u0111\u1ef1ng, nh\u01b0ng c\u00e1c b\u1ea1n \u0111ang gi\u00fap \u0111\u1ee1 c\u1ed9ng \u0111\u1ed3ng b\u1eb1ng ni\u1ec1m hi v\u1ecdng, ph\u1ea9m gi\u00e1 v\u00e0 s\u1ef1 quy\u1ebft t\u00e2m. Na Uy s\u1ebd ti\u1ebfp t\u1ee5c h\u1ed7 tr\u1ee3 cho vi\u1ec7c gi\u1ea3i ph\u00f3ng \u0111\u1ea5t \u0111ai, gi\u00fap \u0111\u1ee1 n\u1ea1n nh\u00e2n bom m\u00ecn v\u00e0 v\u1eadn \u0111\u1ed9ng.\u201d<br \/>\n<\/em><strong>Dybdahl Ragnhild,<\/strong>\u00a0Ph\u00f3 \u0110\u1ea1i s\u1ee9 Ho\u00e0ng Gia Na Uy t\u1ea1i Vi\u1ec7t Nam<\/p>\n<p><em>\u201c\u0110\u00e3 c\u00f3 nh\u1eefng h\u1ed7 tr\u1ee3 \u0111\u00e1ng k\u1ec3 c\u1ee7a Ch\u00ednh ph\u1ee7 Nh\u1eadt, M\u1ef9 v\u00e0 Na Uy, c\u00e1c nh\u00f3m t\u1ed5 ch\u1ee9c phi ch\u00ednh ph\u1ee7 qu\u1ed1c t\u1ebf \u1edf Vi\u1ec7t Nam, trong \u0111\u00f3 c\u00f3 Qu\u1ef9 C\u1ef1u chi\u1ebfn binh M\u1ef9 t\u1ea1i Vi\u1ec7t Nam, D\u1ef1 \u00e1n RENEW, PEACE TREE v\u00e0 \u1ee6y ban Ch\u1eef th\u1eadp \u0111\u1ecf qu\u1ed1c t\u1ebf. Ch\u00fang ta c\u1ea7n c\u1ee7ng c\u1ed1 v\u00e0 m\u1edf r\u1ed9ng s\u1ef1 h\u1ee3p t\u00e1c tr\u00ean \u0111\u1ec3 gi\u1ea3i quy\u1ebft th\u00e1ch th\u1ee9c bom m\u00ec v\u00e0 v\u1eadt li\u1ec7u ch\u01b0a n\u1ed5 n\u00e0y m\u1ed9t c\u00e1ch b\u1ec1n v\u1eefng.\u201d<br \/>\n<\/em><strong>Pratibha Mehta,<\/strong>\u00a0\u0110i\u1ec1u ph\u1ed1i vi\u00ean UNDP Vi\u1ec7t Nam<\/p>\n<p><em>\u201cVi\u1ec7c tri\u1ec3n khai ho\u1ea1t \u0111\u1ed9ng c\u1ee7a D\u1ef1 \u00e1n RENEW \u0111\u1ea1t hi\u1ec7u qu\u1ea3 cao, thi\u1ebft th\u1ef1c v\u00e0 \u0111\u01b0\u1ee3c c\u01a1 quan Trung \u01b0\u01a1ng v\u00e0 ch\u00ednh quy\u1ec1n \u0111\u1ecba ph\u01b0\u01a1ng, c\u00e1c nh\u00e0 t\u00e0i tr\u1ee3 v\u00e0 c\u1ed9ng \u0111\u1ed3ng qu\u1ed1c t\u1ebf \u1ee7ng h\u1ed9 v\u00e0 \u0111\u00e1nh gi\u00e1 l\u00e0 m\u1ed9t m\u00f4 h\u00ecnh m\u1eabu m\u1ef1c cho gi\u1ea3i ph\u00e1p bom m\u00ecn\/v\u1eadt li\u1ec7u ch\u01b0a n\u1ed5 \u1edf VN\u201d<br \/>\n<\/em><strong>V\u0169 Xu\u00e2n H\u1ed3ng,<\/strong>\u00a0Ch\u1ee7 t\u1ecbch Li\u00ean hi\u1ec7p c\u00e1c t\u1ed5 ch\u1ee9c h\u1eefu ngh\u1ecb Vi\u1ec7t Nam (VUFO)<\/p>\n<p><em>\u201cTrong 10 n\u0103m qua, v\u1edbi s\u1ef1 gi\u00fap \u0111\u1ee1 c\u1ee7a c\u00e1c nh\u00e0 t\u00e0i tr\u1ee3, s\u1ef1 h\u1ee3p t\u00e1c ch\u1eb7t ch\u1ebd c\u1ee7a c\u00e1c \u0111\u1ed1i t\u00e1c n\u01b0\u1edbc ngo\u00e0i, s\u1ef1 h\u1ed7 tr\u1ee3 c\u1ee7a c\u00e1c c\u01a1 quan trung \u01b0\u01a1ng, c\u00e1c c\u01a1 quan, ban ng\u00e0nh v\u00e0 \u0111\u1ecba ph\u01b0\u01a1ng trong t\u1ec9nh, s\u1ef1 n\u1ed7 l\u1ef1c c\u1ee7a \u0111\u1ed9i ng\u0169 chuy\u00ean gia, c\u00e1n b\u1ed9, nh\u00e2n vi\u00ean, D\u1ef1 \u00e1n RENEW \u0111\u00e3 g\u1eb7t h\u00e1i nhi\u1ec1u th\u00e0nh c\u00f4ng quan tr\u1ecdng, \u0111\u00e1p \u1ee9ng c\u00e1c m\u1ee5c ti\u00eau \u0111\u1eb7t ra ban \u0111\u1ea7u.\u201d<\/em><br \/>\n<strong>Nguy\u1ec5n \u0110\u1ee9c Ch\u00ednh,<\/strong>\u00a0Ph\u00f3 ch\u1ee7 t\u1ecbch th\u01b0\u1eddng tr\u1ef1c UBND t\u1ec9nh Qu\u1ea3ng Tr\u1ecb<\/p>\n<p><em>&#8220;\u0110\u1ed9i ng\u0169 nh\u00e2n vi\u00ean c\u1ee7a D\u1ef1 \u00e1n RENEW l\u00e0 m\u1ed9t trong nh\u1eefng \u0111\u1ed9i ng\u0169 \u0111\u1ecba ph\u01b0\u01a1ng t\u1ed1t nh\u1ea5t m\u00e0 ch\u00fang t\u00f4i \u0111\u00e3 t\u1eebng c\u1ed9ng t\u00e1c \u1edf tr\u00ean 30 qu\u1ed1c gia m\u00e0 NPA \u0111ang ho\u1ea1t \u0111\u1ed9ng tr\u00ean to\u00e0n th\u1ebf gi\u1edbi.\u201d<br \/>\n<\/em><strong>Jonathon Guthrie,<\/strong>\u00a0Gi\u00e1m \u0111\u1ed1c Qu\u1ed1c gia, Qu\u1ef9 Vi\u1ec7n Nh\u00e2n d\u00e2n Na Uy t\u1ea1i Vi\u1ec7t Nam<\/p>\n<p><em>\u201cT\u00f4i r\u1ea5t vui khi \u0111\u01b0\u1ee3c bi\u1ebft r\u1eb1ng vi\u1ec7c tr\u1ed3ng n\u1ea5m \u0111ang c\u1ea3i thi\u1ec7n cu\u1ed9c s\u1ed1ng c\u1ee7a nh\u1eefng n\u1ea1n nh\u00e2n bom m\u00ecn t\u1ea1i Vi\u1ec7t Nam\u201d<\/em><br \/>\n<strong>Ban Ki Moon,<\/strong>\u00a0T\u1ed5ng th\u01b0 k\u00fd Li\u00ean h\u1ee3p qu\u1ed1c<\/p>\n<p><em>\u201cC\u1ea3m \u01a1n c\u00e1c b\u1ea1n \u0111\u00e3 \u0111\u01b0a ch\u00fang t\u00f4i t\u1edbi v\u1edbi Trung t\u00e2m n\u00e0y n\u01a1i \u0111\u00e3 gi\u00fap ch\u00fang t\u00f4i hi\u1ec3u bi\u1ebft s\u00e2u s\u1eafc h\u01a1n v\u1ec1 h\u1eadu qu\u1ea3 n\u1eb7ng n\u1ec1 c\u1ee7a chi\u1ebfn tranh.\u201d<br \/>\n<\/em><strong>Damien Cole,<\/strong>\u00a0\u0110\u1ea1i s\u1ee9 Ireland t\u1ea1i Vi\u1ec7t Nam<\/p>\n<p><em>\u201cThay m\u1eb7t cho tr\u01b0\u1eddng Cao \u0111\u1eb3ng Augustana, ch\u00fang t\u00f4i mu\u1ed1n b\u00e0y t\u1ecf l\u00f2ngc\u1ea3m \u01a1n s\u00e2u s\u1eafc \u0111\u1ebfn D\u1ef1 \u00e1n RENEW v\u00ec c\u00e1c ho\u1ea1t \u0111\u1ed9ng quan tr\u1ecdng v\u00e0 \u0111\u1ea7y \u00fd ngh\u0129a m\u00e0 c\u00e1c b\u1ea1n \u0111\u00e3 th\u1ef1c hi\u1ec7n t\u1ea1i \u0111\u00e2y tr\u00ean m\u1ea3nh \u0111\u1ea5t Qu\u1ea3ng Tr\u1ecb.\u201d<br \/>\n<\/em><strong>Nh\u00f3m sinh vi\u00ean,<\/strong>\u00a0Cao \u0111\u1eb3ng Augustana, Rock Island, Bang Illinois, Hoa K\u1ef3<\/p>\n<p><em>\u201cC\u1ea3m \u01a1n D\u1ef1 \u00e1n RENEW \u0111\u00e3 th\u1ef1c hi\u1ec7n vi\u1ec7c r\u00e0 ph\u00e1 sau chi\u1ebfn tranh. N\u1ed7 l\u1ef1c c\u1ee7a c\u00e1c b\u1ea1n nh\u1eb1m gi\u1ea3i ph\u00f3ng \u0111\u1ea5t \u0111ai v\u00e0 gi\u00e1o d\u1ee5c nguy c\u01a1 bom m\u00ecn s\u1ebd gi\u1ea3m thi\u1ec3u nguy c\u01a1 th\u01b0\u01a1ng vong. Hi v\u1ecdng r\u1eb1ng Hoa K\u1ef3 v\u00e0 Vi\u1ec7t Nam s\u1ebd x\u00e2y d\u1ef1ng m\u1ed1i quan h\u1ec7 h\u1eefu ngh\u1ecb v\u00e0 l\u00e2u d\u00e0i.\u201d<br \/>\n<\/em><strong>Steve Pearce,<\/strong>\u00a0H\u1ea1 ngh\u1ecb s\u0129 Hoa K\u1ef3, \u0110\u1ea1i \u00fay kh\u00f4ng l\u1ef1c Hoa K\u1ef3, c\u1ef1u chi\u1ebfn binh trong chi\u1ebfn tranh Vi\u1ec7t Nam<\/p>\n<p><em>\u201cH\u00f4m nay, \u0111\u01b0\u1ee3c t\u1edbi th\u0103m n\u01a1i \u0111\u00e2y l\u00e0 m\u1ed9t tr\u1ea3i nghi\u1ec7m qu\u00fd gi\u00e1 \u0111\u1ed1i v\u1edbi t\u00f4i. Hi v\u1ecdng r\u1eb1ng trong t\u01b0\u01a1ng lai kh\u00f4ng xa, t\u00f4i s\u1ebd c\u00f9ng v\u1edbi vi\u1ec7n HDI h\u1ed7 tr\u1ee3 D\u1ef1 \u00e1n RENEW trong c\u00e1c ho\u1ea1t \u0111\u1ed9ng c\u1ee7a m\u00ecnh. C\u00e1m \u01a1n.\u201d<br \/>\n<\/em><strong>Kazuko Maruyama,<\/strong>\u00a0B\u00ed th\u01b0 th\u1ee9 hai, \u0110\u1ea1i s\u1ee9 qu\u00e1n Nh\u1eadt B\u1ea3n<\/p>\n<p><em>&#8220;Ch\u00fang t\u00f4i r\u1ea5t vui khi bi\u1ebft r\u1eb1ng nh\u1eefng \u0111\u00f3ng g\u00f3p c\u1ee7a Hoa K\u1ef3 trong vi\u1ec7c h\u1ed7 tr\u1ee3 D\u1ef1 \u00e1n RENEW \u0111\u00e3 c\u00f3 hi\u1ec7u qu\u1ea3. Hy v\u1ecdng c\u00e1c b\u1ea1n s\u1ebd ti\u1ebfp t\u1ee5c th\u1ef1c hi\u1ec7n nh\u1eefng c\u00f4ng vi\u1ec7c \u0111\u1ea7y \u00fd ngh\u0129a c\u1ee7a m\u00ecnh.&#8221;<br \/>\n<\/em><strong>Charles Stonecipher,<\/strong>\u00a0Gi\u00e1m \u0111\u1ed1c ch\u01b0\u01a1ng tr\u00ecnh, V\u1ee5 Qu\u00e2n ch\u00ednh, V\u0103n ph\u00f2ng gi\u1ea3i tr\u1eeb qu\u00e2n b\u1ecb, B\u1ed9 Ngo\u1ea1i giao Hoa K\u1ef3<\/p>\n<p><em>&#8220;RENEW \u0111ang l\u00e0m r\u1ea5t t\u1ed1t c\u00f4ng vi\u1ec7c c\u1ee7a m\u00ecnh trong l\u0129nh v\u1ef1c r\u00e0 ph\u00e1, gi\u00e1o d\u1ee5c v\u00e0 h\u1ed7 tr\u1ee3 n\u1ea1n nh\u00e2n. C\u1ea3m \u01a1n v\u00e0 hy v\u1ecdng c\u00e1c b\u1ea1n s\u1ebd ti\u1ebfp t\u1ee5c c\u00f4ng vi\u1ec7c \u0111\u00e1ng tr\u00e2n tr\u1ecdng c\u1ee7a m\u00ecnh&#8221;<br \/>\n<\/em><strong>Charles W Chichester,<\/strong>\u00a0Ph\u00f3 gi\u00e1m \u0111\u1ed1c Ch\u01b0\u01a1ng tr\u00ecnh R\u00e0 ph\u00e1 bom m\u00ecn nh\u00e2n \u0111\u1ea1o, B\u1ed9 Qu\u1ed1c ph\u00f2ng M\u1ef9<\/p>\n<p><em>&#8220;D\u1ef1 \u00e1n RENEW c\u00f3 m\u1ed9t \u0111\u1ed9i ng\u0169 chuy\u00ean nghi\u1ec7p v\u00e0 h\u1ecd \u0111ang t\u1ea1o n\u00ean nh\u1eefng \u1ea3nh h\u01b0\u1edfng t\u00edch c\u1ef1c \u0111\u1ebfn con ng\u01b0\u1eddi tr\u00ean m\u1ea3nh \u0111\u1ea5t Qu\u1ea3ng Tr\u1ecb.&#8221;<br \/>\n<\/em><strong>Lieut. Col. Wayne Turnbull,<\/strong>\u00a0V\u0103n ph\u00f2ng h\u1ee3p t\u00e1c Qu\u1ed1c ph\u00f2ng, \u0110\u1ea1i s\u1ee9 qu\u00e1n Hoa K\u1ef3<\/p>\n<div class=\"pvc_clear\"><\/div>\n<p id=\"pvc_stats_1682\" class=\"pvc_stats all  \" data-element-id=\"1682\" style=\"\"><i class=\"pvc-stats-icon medium\" aria-hidden=\"true\"><svg aria-hidden=\"true\" focusable=\"false\" data-prefix=\"far\" data-icon=\"chart-bar\" role=\"img\" xmlns=\"http:\/\/www.w3.org\/2000\/svg\" viewBox=\"0 0 512 512\" class=\"svg-inline--fa fa-chart-bar fa-w-16 fa-2x\"><path fill=\"currentColor\" d=\"M396.8 352h22.4c6.4 0 12.8-6.4 12.8-12.8V108.8c0-6.4-6.4-12.8-12.8-12.8h-22.4c-6.4 0-12.8 6.4-12.8 12.8v230.4c0 6.4 6.4 12.8 12.8 12.8zm-192 0h22.4c6.4 0 12.8-6.4 12.8-12.8V140.8c0-6.4-6.4-12.8-12.8-12.8h-22.4c-6.4 0-12.8 6.4-12.8 12.8v198.4c0 6.4 6.4 12.8 12.8 12.8zm96 0h22.4c6.4 0 12.8-6.4 12.8-12.8V204.8c0-6.4-6.4-12.8-12.8-12.8h-22.4c-6.4 0-12.8 6.4-12.8 12.8v134.4c0 6.4 6.4 12.8 12.8 12.8zM496 400H48V80c0-8.84-7.16-16-16-16H16C7.16 64 0 71.16 0 80v336c0 17.67 14.33 32 32 32h464c8.84 0 16-7.16 16-16v-16c0-8.84-7.16-16-16-16zm-387.2-48h22.4c6.4 0 12.8-6.4 12.8-12.8v-70.4c0-6.4-6.4-12.8-12.8-12.8h-22.4c-6.4 0-12.8 6.4-12.8 12.8v70.4c0 6.4 6.4 12.8 12.8 12.8z\" class=\"\"><\/path><\/svg><\/i> <img data-recalc-dims=\"1\" loading=\"lazy\" decoding=\"async\" width=\"16\" height=\"16\" alt=\"Loading\" src=\"https:\/\/i0.wp.com\/landmines.org.vn\/wp-content\/plugins\/page-views-count\/ajax-loader-2x.gif?resize=16%2C16&#038;ssl=1\" border=0 \/><\/p>\n<div class=\"pvc_clear\"><\/div>\n","protected":false},"excerpt":{"rendered":"<p>\u201cD\u1ef1 \u00e1n RENEW \u0111\u00e3 c\u00f3 b\u01b0\u1edbc ti\u1ebfn d\u00e0i trong v\u00f2ng 1 th\u1eadp k\u1ef7 qua v\u00e0 ng\u00e0y c\u00e0ng ph\u00e1t tri\u1ec3n. Cu\u1ed9c s\u1ed1ng c\u1ee7a ng\u01b0\u1eddi d\u00e2n Qu\u1ea3ng Tr\u1ecb b\u00e2y gi\u1edd c\u0169ng \u0111\u01b0\u1ee3c an to\u00e0n h\u01a1n do nh\u1eefng n\u1ed7 l\u1ef1c l\u1edbn lao c\u1ee7a c\u00e1c b\u1ea1n trong ho\u1ea1t \u0111\u1ed9ng r\u00e0 ph\u00e1 bom m\u00ecn, gi\u00fap \u0111\u1ee1 c\u00e1c h\u1ed9 gia \u0111\u00ecnh [&hellip;]<\/p>\n<div class=\"pvc_clear\"><\/div>\n<p id=\"pvc_stats_1682\" class=\"pvc_stats all  \" data-element-id=\"1682\" style=\"\"><i class=\"pvc-stats-icon medium\" aria-hidden=\"true\"><svg aria-hidden=\"true\" focusable=\"false\" data-prefix=\"far\" data-icon=\"chart-bar\" role=\"img\" xmlns=\"http:\/\/www.w3.org\/2000\/svg\" viewBox=\"0 0 512 512\" class=\"svg-inline--fa fa-chart-bar fa-w-16 fa-2x\"><path fill=\"currentColor\" d=\"M396.8 352h22.4c6.4 0 12.8-6.4 12.8-12.8V108.8c0-6.4-6.4-12.8-12.8-12.8h-22.4c-6.4 0-12.8 6.4-12.8 12.8v230.4c0 6.4 6.4 12.8 12.8 12.8zm-192 0h22.4c6.4 0 12.8-6.4 12.8-12.8V140.8c0-6.4-6.4-12.8-12.8-12.8h-22.4c-6.4 0-12.8 6.4-12.8 12.8v198.4c0 6.4 6.4 12.8 12.8 12.8zm96 0h22.4c6.4 0 12.8-6.4 12.8-12.8V204.8c0-6.4-6.4-12.8-12.8-12.8h-22.4c-6.4 0-12.8 6.4-12.8 12.8v134.4c0 6.4 6.4 12.8 12.8 12.8zM496 400H48V80c0-8.84-7.16-16-16-16H16C7.16 64 0 71.16 0 80v336c0 17.67 14.33 32 32 32h464c8.84 0 16-7.16 16-16v-16c0-8.84-7.16-16-16-16zm-387.2-48h22.4c6.4 0 12.8-6.4 12.8-12.8v-70.4c0-6.4-6.4-12.8-12.8-12.8h-22.4c-6.4 0-12.8 6.4-12.8 12.8v70.4c0 6.4 6.4 12.8 12.8 12.8z\" class=\"\"><\/path><\/svg><\/i> <img loading=\"lazy\" decoding=\"async\" width=\"16\" height=\"16\" alt=\"Loading\" src=\"https:\/\/landmines.org.vn\/wp-content\/plugins\/page-views-count\/ajax-loader-2x.gif\" border=0 \/><\/p>\n<div class=\"pvc_clear\"><\/div>\n","protected":false},"author":1,"featured_media":0,"parent":0,"menu_order":0,"comment_status":"closed","ping_status":"closed","template":"","meta":{"_crdt_document":"","advanced_seo_description":"","jetpack_seo_html_title":"","jetpack_seo_noindex":false,"jetpack_post_was_ever_published":false,"footnotes":""},"class_list":["post-1682","page","type-page","status-publish","hentry"],"jetpack_sharing_enabled":true,"jetpack_shortlink":"https:\/\/wp.me\/PaK7Iz-r8","jetpack_likes_enabled":false,"_links":{"self":[{"href":"https:\/\/landmines.org.vn\/vi\/wp-json\/wp\/v2\/pages\/1682","targetHints":{"allow":["GET"]}}],"collection":[{"href":"https:\/\/landmines.org.vn\/vi\/wp-json\/wp\/v2\/pages"}],"about":[{"href":"https:\/\/landmines.org.vn\/vi\/wp-json\/wp\/v2\/types\/page"}],"author":[{"embeddable":true,"href":"https:\/\/landmines.org.vn\/vi\/wp-json\/wp\/v2\/users\/1"}],"replies":[{"embeddable":true,"href":"https:\/\/landmines.org.vn\/vi\/wp-json\/wp\/v2\/comments?post=1682"}],"version-history":[{"count":2,"href":"https:\/\/landmines.org.vn\/vi\/wp-json\/wp\/v2\/pages\/1682\/revisions"}],"predecessor-version":[{"id":1688,"href":"https:\/\/landmines.org.vn\/vi\/wp-json\/wp\/v2\/pages\/1682\/revisions\/1688"}],"wp:attachment":[{"href":"https:\/\/landmines.org.vn\/vi\/wp-json\/wp\/v2\/media?parent=1682"}],"curies":[{"name":"wp","href":"https:\/\/api.w.org\/{rel}","templated":true}]}}