{"id":1674,"date":"2014-11-28T11:17:28","date_gmt":"2014-11-28T04:17:28","guid":{"rendered":"http:\/\/landmines.org.vn\/get-involved\/donate-now\/"},"modified":"2025-02-05T14:59:56","modified_gmt":"2025-02-05T07:59:56","slug":"donate-now","status":"publish","type":"page","link":"https:\/\/landmines.org.vn\/vi\/get-involved\/donate-now\/","title":{"rendered":"T\u00e0i tr\u1ee3 ngay b\u00e2y gi\u1edd"},"content":{"rendered":"\n<h2 class=\"wp-block-heading\">\u0110\u00f3ng g\u00f3p tr\u1ef1c ti\u1ebfp v\u00e0o t\u00e0i kho\u1ea3n ng\u00e2n h\u00e0ng Vi\u1ec7t Nam c\u1ee7a D\u1ef1 \u00e1n RENEW<\/h2>\n\n\n\n<p class=\"wp-block-paragraph\">S\u1ed1 t\u00e0i kho\u1ea3n th\u1ee5 h\u01b0\u1edfng (VND): 5400005047<br>T\u00ean th\u1ee5 h\u01b0\u1edfng: DU AN RENEW (T\u00caN TI\u1ebeNG ANH: PROJECT RENEW)<br>T\u00ean ng\u00e2n h\u00e0ng: Ng\u00e2n h\u00e0ng\u00a0TMCP \u0110\u1ea7u t\u01b0 v\u00e0 Ph\u00e1t tri\u1ec3n Vi\u1ec7t Nam, Chi nh\u00e1nh Qu\u1ea3ng Tr\u1ecb<br>\u0110\u1ecba ch\u1ec9: 24 H\u00f9ng V\u01b0\u01a1ng, \u0110\u00f4ng H\u00e0, Qu\u1ea3ng Tr\u1ecb <br>M\u00e3 SWIFT: BIDVVNVXXXX<\/p>\n\n\n\n<p class=\"wp-block-paragraph\">Ch\u00fang t\u00f4i t\u1ea1i D\u1ef1 \u00e1n RENEW v\u00f4 c\u00f9ng bi\u1ebft \u01a1n s\u1ef1 \u0111\u00f3ng g\u00f3p h\u00e0o ph\u00f3ng c\u1ee7a b\u1ea1n. S\u1ef1 \u0111\u00f3ng g\u00f3p c\u1ee7a b\u1ea1n s\u1ebd h\u1ed7 tr\u1ee3 tr\u1ef1c ti\u1ebfp cho s\u1ee9 m\u1ec7nh c\u1ea3i thi\u1ec7n ch\u1ea5t l\u01b0\u1ee3ng cu\u1ed9c s\u1ed1ng cho c\u00e1c gia \u0111\u00ecnh khuy\u1ebft t\u1eadt c\u1ee7a ch\u00fang t\u00f4i. \u0110\u1ec3 \u0111\u1ea3m b\u1ea3o b\u1ea1n nh\u1eadn \u0111\u01b0\u1ee3c s\u1ef1 ghi nh\u1eadn x\u1ee9ng \u0111\u00e1ng cho s\u1ef1 h\u1ed7 tr\u1ee3 c\u1ee7a m\u00ecnh, ch\u00fang t\u00f4i s\u1ebd s\u1edbm g\u1eedi cho b\u1ea1n m\u1ed9t l\u00e1 th\u01b0 x\u00e1c nh\u1eadn, sau khi x\u00e1c nh\u1eadn t\u1eeb ng\u00e2n h\u00e0ng c\u1ee7a ch\u00fang t\u00f4i. L\u00e1 th\u01b0 n\u00e0y c\u00f3 th\u1ec3 \u0111\u01b0\u1ee3c s\u1eed d\u1ee5ng cho m\u1ee5c \u0111\u00edch thu\u1ebf n\u1ebfu c\u00f3. C\u1ea3m \u01a1n b\u1ea1n m\u1ed9t l\u1ea7n n\u1eefa v\u00ec \u0111\u00e3 t\u1ea1o n\u00ean s\u1ef1 kh\u00e1c bi\u1ec7t!<\/p>\n\n\n\n<p class=\"has-text-align-center wp-block-paragraph\">###<\/p>\n<div class=\"pvc_clear\"><\/div><p id=\"pvc_stats_1674\" class=\"pvc_stats all  \" data-element-id=\"1674\" style=\"\"><i class=\"pvc-stats-icon medium\" aria-hidden=\"true\"><svg aria-hidden=\"true\" focusable=\"false\" data-prefix=\"far\" data-icon=\"chart-bar\" role=\"img\" xmlns=\"http:\/\/www.w3.org\/2000\/svg\" viewBox=\"0 0 512 512\" class=\"svg-inline--fa fa-chart-bar fa-w-16 fa-2x\"><path fill=\"currentColor\" d=\"M396.8 352h22.4c6.4 0 12.8-6.4 12.8-12.8V108.8c0-6.4-6.4-12.8-12.8-12.8h-22.4c-6.4 0-12.8 6.4-12.8 12.8v230.4c0 6.4 6.4 12.8 12.8 12.8zm-192 0h22.4c6.4 0 12.8-6.4 12.8-12.8V140.8c0-6.4-6.4-12.8-12.8-12.8h-22.4c-6.4 0-12.8 6.4-12.8 12.8v198.4c0 6.4 6.4 12.8 12.8 12.8zm96 0h22.4c6.4 0 12.8-6.4 12.8-12.8V204.8c0-6.4-6.4-12.8-12.8-12.8h-22.4c-6.4 0-12.8 6.4-12.8 12.8v134.4c0 6.4 6.4 12.8 12.8 12.8zM496 400H48V80c0-8.84-7.16-16-16-16H16C7.16 64 0 71.16 0 80v336c0 17.67 14.33 32 32 32h464c8.84 0 16-7.16 16-16v-16c0-8.84-7.16-16-16-16zm-387.2-48h22.4c6.4 0 12.8-6.4 12.8-12.8v-70.4c0-6.4-6.4-12.8-12.8-12.8h-22.4c-6.4 0-12.8 6.4-12.8 12.8v70.4c0 6.4 6.4 12.8 12.8 12.8z\" class=\"\"><\/path><\/svg><\/i> <img data-recalc-dims=\"1\" loading=\"lazy\" decoding=\"async\" width=\"16\" height=\"16\" alt=\"Loading\" src=\"https:\/\/i0.wp.com\/landmines.org.vn\/wp-content\/plugins\/page-views-count\/ajax-loader-2x.gif?resize=16%2C16&#038;ssl=1\" border=0 \/><\/p><div class=\"pvc_clear\"><\/div>","protected":false},"excerpt":{"rendered":"<p>\u0110\u00f3ng g\u00f3p tr\u1ef1c ti\u1ebfp v\u00e0o t\u00e0i kho\u1ea3n ng\u00e2n h\u00e0ng Vi\u1ec7t Nam c\u1ee7a D\u1ef1 \u00e1n RENEW S\u1ed1 t\u00e0i kho\u1ea3n th\u1ee5 h\u01b0\u1edfng (VND): 5400005047T\u00ean th\u1ee5 h\u01b0\u1edfng: DU AN RENEW (T\u00caN TI\u1ebeNG ANH: PROJECT RENEW)T\u00ean ng\u00e2n h\u00e0ng: Ng\u00e2n h\u00e0ng\u00a0TMCP \u0110\u1ea7u t\u01b0 v\u00e0 Ph\u00e1t tri\u1ec3n Vi\u1ec7t Nam, Chi nh\u00e1nh Qu\u1ea3ng Tr\u1ecb\u0110\u1ecba ch\u1ec9: 24 H\u00f9ng V\u01b0\u01a1ng, \u0110\u00f4ng H\u00e0, Qu\u1ea3ng Tr\u1ecb [&hellip;]<\/p>\n<div class=\"pvc_clear\"><\/div>\n<p id=\"pvc_stats_1674\" class=\"pvc_stats all  \" data-element-id=\"1674\" style=\"\"><i class=\"pvc-stats-icon medium\" aria-hidden=\"true\"><svg aria-hidden=\"true\" focusable=\"false\" data-prefix=\"far\" data-icon=\"chart-bar\" role=\"img\" xmlns=\"http:\/\/www.w3.org\/2000\/svg\" viewBox=\"0 0 512 512\" class=\"svg-inline--fa fa-chart-bar fa-w-16 fa-2x\"><path fill=\"currentColor\" d=\"M396.8 352h22.4c6.4 0 12.8-6.4 12.8-12.8V108.8c0-6.4-6.4-12.8-12.8-12.8h-22.4c-6.4 0-12.8 6.4-12.8 12.8v230.4c0 6.4 6.4 12.8 12.8 12.8zm-192 0h22.4c6.4 0 12.8-6.4 12.8-12.8V140.8c0-6.4-6.4-12.8-12.8-12.8h-22.4c-6.4 0-12.8 6.4-12.8 12.8v198.4c0 6.4 6.4 12.8 12.8 12.8zm96 0h22.4c6.4 0 12.8-6.4 12.8-12.8V204.8c0-6.4-6.4-12.8-12.8-12.8h-22.4c-6.4 0-12.8 6.4-12.8 12.8v134.4c0 6.4 6.4 12.8 12.8 12.8zM496 400H48V80c0-8.84-7.16-16-16-16H16C7.16 64 0 71.16 0 80v336c0 17.67 14.33 32 32 32h464c8.84 0 16-7.16 16-16v-16c0-8.84-7.16-16-16-16zm-387.2-48h22.4c6.4 0 12.8-6.4 12.8-12.8v-70.4c0-6.4-6.4-12.8-12.8-12.8h-22.4c-6.4 0-12.8 6.4-12.8 12.8v70.4c0 6.4 6.4 12.8 12.8 12.8z\" class=\"\"><\/path><\/svg><\/i> <img loading=\"lazy\" decoding=\"async\" width=\"16\" height=\"16\" alt=\"Loading\" src=\"https:\/\/landmines.org.vn\/wp-content\/plugins\/page-views-count\/ajax-loader-2x.gif\" border=0 \/><\/p>\n<div class=\"pvc_clear\"><\/div>\n","protected":false},"author":1,"featured_media":0,"parent":1659,"menu_order":0,"comment_status":"closed","ping_status":"closed","template":"","meta":{"_crdt_document":"","advanced_seo_description":"","jetpack_seo_html_title":"","jetpack_seo_noindex":false,"jetpack_post_was_ever_published":false,"footnotes":""},"class_list":["post-1674","page","type-page","status-publish","hentry"],"jetpack_sharing_enabled":true,"jetpack_shortlink":"https:\/\/wp.me\/PaK7Iz-r0","jetpack_likes_enabled":false,"_links":{"self":[{"href":"https:\/\/landmines.org.vn\/vi\/wp-json\/wp\/v2\/pages\/1674","targetHints":{"allow":["GET"]}}],"collection":[{"href":"https:\/\/landmines.org.vn\/vi\/wp-json\/wp\/v2\/pages"}],"about":[{"href":"https:\/\/landmines.org.vn\/vi\/wp-json\/wp\/v2\/types\/page"}],"author":[{"embeddable":true,"href":"https:\/\/landmines.org.vn\/vi\/wp-json\/wp\/v2\/users\/1"}],"replies":[{"embeddable":true,"href":"https:\/\/landmines.org.vn\/vi\/wp-json\/wp\/v2\/comments?post=1674"}],"version-history":[{"count":10,"href":"https:\/\/landmines.org.vn\/vi\/wp-json\/wp\/v2\/pages\/1674\/revisions"}],"predecessor-version":[{"id":10278,"href":"https:\/\/landmines.org.vn\/vi\/wp-json\/wp\/v2\/pages\/1674\/revisions\/10278"}],"up":[{"embeddable":true,"href":"https:\/\/landmines.org.vn\/vi\/wp-json\/wp\/v2\/pages\/1659"}],"wp:attachment":[{"href":"https:\/\/landmines.org.vn\/vi\/wp-json\/wp\/v2\/media?parent=1674"}],"curies":[{"name":"wp","href":"https:\/\/api.w.org\/{rel}","templated":true}]}}