{"id":1668,"date":"2014-12-01T21:41:05","date_gmt":"2014-12-01T14:41:05","guid":{"rendered":"http:\/\/landmines.org.vn\/get-involved\/fundraising-2\/"},"modified":"2014-12-15T13:41:27","modified_gmt":"2014-12-15T06:41:27","slug":"fundraising-2","status":"publish","type":"page","link":"https:\/\/landmines.org.vn\/vi\/get-involved\/fundraising-2\/","title":{"rendered":"H\u1ed7 tr\u1ee3"},"content":{"rendered":"<h3>D\u1ef1 \u00e1n RENEW c\u0169ng d\u1ef1a v\u00e0o s\u1ef1 h\u1ea3o t\u00e2m, cam k\u1ebft v\u00e0 nhi\u1ec7t t\u00ecnh c\u1ee7a c\u00e1c c\u00f4ng ty Vi\u1ec7t Nam c\u0169ng nh\u01b0 n\u01b0\u1edbc ngo\u00e0i, c\u00e1c nh\u00e0 t\u00e0i tr\u1ee3 c\u00f4ng ty, v\u00e0 nh\u00e2n vi\u00ean c\u1ee7a h\u1ecd \u0111\u1ec3 gi\u00fap ch\u00fang t\u00f4i g\u00e2y qu\u1ef9. C\u00f4ng ty c\u1ee7a b\u1ea1n c\u00f3 th\u1ec3 ch\u1ecdn h\u1ed7 tr\u1ee3 m\u1ed9t ho\u1ea1t \u0111\u1ed9ng c\u1ee5 th\u1ec3 ph\u1ea3n \u00e1nh s\u1ee9 m\u1ec7nh, s\u1ea3n ph\u1ea9m hay d\u1ecbch v\u1ee5 ho\u1eb7c \u01b0u ti\u00ean th\u1ecb tr\u01b0\u1eddng c\u1ee7a doanh nghi\u1ec7p.<\/h3>\n<p>[clear]<\/p>\n<p class=\"copytextnews\">Ch\u00fang t\u00f4i s\u1ebd c\u00f9ng v\u1edbi b\u1ea1n x\u00e1c \u0111\u1ecbnh s\u1ef1 l\u1ef1a ch\u1ecdn \u0111\u00fang \u0111\u1eafn. Ch\u00fang t\u00f4i s\u1ebd g\u1eedi b\u00e1o c\u00e1o th\u01b0\u1eddng xuy\u00ean \u0111\u1ec3 c\u1eadp nh\u1eadt vi\u1ec7c s\u1eed d\u1ee5ng s\u1ed1 ti\u1ec1n \u0111\u00e3 t\u00e0i tr\u1ee3 c\u0169ng nh\u01b0 ti\u1ebfn \u0111\u1ed9 m\u00e0 ch\u00fang t\u00f4i \u0111ang \u0111\u1ea1t \u0111\u01b0\u1ee3c trong vi\u1ec7c lo\u1ea1i b\u1ecf bom m\u00ecn v\u1eadt n\u1ed5.<\/p>\n<p class=\"copytextnews\">S\u1ef1 tham gia c\u1ee7a c\u00e1c c\u00f4ng ty trong nh\u1eefng n\u1ed7 l\u1ef1c nh\u00e2n \u0111\u1ea1o \u1edf Vi\u1ec7t Nam c\u00f3 th\u1ec3 \u0111em l\u1ea1i nh\u1eefng l\u1ee3i \u00edch r\u00f5 r\u00e0ng cho ph\u00eda doanh nghi\u1ec7p:<\/p>\n<ul>\n<li class=\"copytextnews\">T\u0103ng c\u01b0\u1eddng s\u1ef1 hi\u1ec3u bi\u1ebft v\u1ec1 th\u01b0\u01a1ng hi\u1ec7u v\u00e0 uy t\u00edn c\u1ee7a c\u00f4ng ty.<\/li>\n<li class=\"copytextnews\">Th\u1ec3 hi\u1ec7n thi\u1ec7n ch\u00ed v\u00e0 \u0111\u1ea1o l\u00fd kinh doanh c\u00f3 tr\u00e1ch nhi\u1ec7m \u0111em l\u1ea1i s\u1ef1 t\u1ef1 h\u00e0o cho nh\u00e2n vi\u00ean c\u00f4ng ty, s\u1ef1 t\u00f4n tr\u1ecdng t\u1eeb ph\u00eda kh\u00e1ch h\u00e0ng, nh\u00e0 cung c\u1ea5p v\u00e0 c\u00e1c \u0111\u1ed1i t\u00e1c c\u00f3 li\u00ean quan.<\/li>\n<\/ul>\n<p class=\"copytextnews\">S\u1ef1 tham gia v\u00e0 h\u1ed7 tr\u1ee3 c\u1ee7a c\u00e1c c\u00f4ng ty s\u1ebd \u0111\u01b0\u1ee3c c\u00f4ng nh\u1eadn th\u01b0\u1eddng xuy\u00ean v\u00e0 \u0111\u00e1nh gi\u00e1 cao m\u1ed9t c\u00e1ch c\u00f4ng khai, \u0111\u01b0\u1ee3c c\u00f4ng b\u1ed1 tr\u00ean website c\u1ee7a D\u1ef1 \u00e1n RENEW v\u00e0 c\u00e1c \u1ea5n ph\u1ea9m , ph\u01b0\u01a1ng ti\u1ec7n truy\u1ec1n th\u00f4ng kh\u00e1c.<\/p>\n<div class=\"pvc_clear\"><\/div>\n<p id=\"pvc_stats_1668\" class=\"pvc_stats all  \" data-element-id=\"1668\" style=\"\"><i class=\"pvc-stats-icon medium\" aria-hidden=\"true\"><svg aria-hidden=\"true\" focusable=\"false\" data-prefix=\"far\" data-icon=\"chart-bar\" role=\"img\" xmlns=\"http:\/\/www.w3.org\/2000\/svg\" viewBox=\"0 0 512 512\" class=\"svg-inline--fa fa-chart-bar fa-w-16 fa-2x\"><path fill=\"currentColor\" d=\"M396.8 352h22.4c6.4 0 12.8-6.4 12.8-12.8V108.8c0-6.4-6.4-12.8-12.8-12.8h-22.4c-6.4 0-12.8 6.4-12.8 12.8v230.4c0 6.4 6.4 12.8 12.8 12.8zm-192 0h22.4c6.4 0 12.8-6.4 12.8-12.8V140.8c0-6.4-6.4-12.8-12.8-12.8h-22.4c-6.4 0-12.8 6.4-12.8 12.8v198.4c0 6.4 6.4 12.8 12.8 12.8zm96 0h22.4c6.4 0 12.8-6.4 12.8-12.8V204.8c0-6.4-6.4-12.8-12.8-12.8h-22.4c-6.4 0-12.8 6.4-12.8 12.8v134.4c0 6.4 6.4 12.8 12.8 12.8zM496 400H48V80c0-8.84-7.16-16-16-16H16C7.16 64 0 71.16 0 80v336c0 17.67 14.33 32 32 32h464c8.84 0 16-7.16 16-16v-16c0-8.84-7.16-16-16-16zm-387.2-48h22.4c6.4 0 12.8-6.4 12.8-12.8v-70.4c0-6.4-6.4-12.8-12.8-12.8h-22.4c-6.4 0-12.8 6.4-12.8 12.8v70.4c0 6.4 6.4 12.8 12.8 12.8z\" class=\"\"><\/path><\/svg><\/i> <img data-recalc-dims=\"1\" loading=\"lazy\" decoding=\"async\" width=\"16\" height=\"16\" alt=\"Loading\" src=\"https:\/\/i0.wp.com\/landmines.org.vn\/wp-content\/plugins\/page-views-count\/ajax-loader-2x.gif?resize=16%2C16&#038;ssl=1\" border=0 \/><\/p>\n<div class=\"pvc_clear\"><\/div>\n","protected":false},"excerpt":{"rendered":"<p>D\u1ef1 \u00e1n RENEW c\u0169ng d\u1ef1a v\u00e0o s\u1ef1 h\u1ea3o t\u00e2m, cam k\u1ebft v\u00e0 nhi\u1ec7t t\u00ecnh c\u1ee7a c\u00e1c c\u00f4ng ty Vi\u1ec7t Nam c\u0169ng nh\u01b0 n\u01b0\u1edbc ngo\u00e0i, c\u00e1c nh\u00e0 t\u00e0i tr\u1ee3 c\u00f4ng ty, v\u00e0 nh\u00e2n vi\u00ean c\u1ee7a h\u1ecd \u0111\u1ec3 gi\u00fap ch\u00fang t\u00f4i g\u00e2y qu\u1ef9. C\u00f4ng ty c\u1ee7a b\u1ea1n c\u00f3 th\u1ec3 ch\u1ecdn h\u1ed7 tr\u1ee3 m\u1ed9t ho\u1ea1t \u0111\u1ed9ng c\u1ee5 th\u1ec3 [&hellip;]<\/p>\n<div class=\"pvc_clear\"><\/div>\n<p id=\"pvc_stats_1668\" class=\"pvc_stats all  \" data-element-id=\"1668\" style=\"\"><i class=\"pvc-stats-icon medium\" aria-hidden=\"true\"><svg aria-hidden=\"true\" focusable=\"false\" data-prefix=\"far\" data-icon=\"chart-bar\" role=\"img\" xmlns=\"http:\/\/www.w3.org\/2000\/svg\" viewBox=\"0 0 512 512\" class=\"svg-inline--fa fa-chart-bar fa-w-16 fa-2x\"><path fill=\"currentColor\" d=\"M396.8 352h22.4c6.4 0 12.8-6.4 12.8-12.8V108.8c0-6.4-6.4-12.8-12.8-12.8h-22.4c-6.4 0-12.8 6.4-12.8 12.8v230.4c0 6.4 6.4 12.8 12.8 12.8zm-192 0h22.4c6.4 0 12.8-6.4 12.8-12.8V140.8c0-6.4-6.4-12.8-12.8-12.8h-22.4c-6.4 0-12.8 6.4-12.8 12.8v198.4c0 6.4 6.4 12.8 12.8 12.8zm96 0h22.4c6.4 0 12.8-6.4 12.8-12.8V204.8c0-6.4-6.4-12.8-12.8-12.8h-22.4c-6.4 0-12.8 6.4-12.8 12.8v134.4c0 6.4 6.4 12.8 12.8 12.8zM496 400H48V80c0-8.84-7.16-16-16-16H16C7.16 64 0 71.16 0 80v336c0 17.67 14.33 32 32 32h464c8.84 0 16-7.16 16-16v-16c0-8.84-7.16-16-16-16zm-387.2-48h22.4c6.4 0 12.8-6.4 12.8-12.8v-70.4c0-6.4-6.4-12.8-12.8-12.8h-22.4c-6.4 0-12.8 6.4-12.8 12.8v70.4c0 6.4 6.4 12.8 12.8 12.8z\" class=\"\"><\/path><\/svg><\/i> <img loading=\"lazy\" decoding=\"async\" width=\"16\" height=\"16\" alt=\"Loading\" src=\"https:\/\/landmines.org.vn\/wp-content\/plugins\/page-views-count\/ajax-loader-2x.gif\" border=0 \/><\/p>\n<div class=\"pvc_clear\"><\/div>\n","protected":false},"author":1,"featured_media":0,"parent":1659,"menu_order":0,"comment_status":"closed","ping_status":"closed","template":"","meta":{"_crdt_document":"","advanced_seo_description":"","jetpack_seo_html_title":"","jetpack_seo_noindex":false,"jetpack_post_was_ever_published":false,"footnotes":""},"class_list":["post-1668","page","type-page","status-publish","hentry"],"jetpack_sharing_enabled":true,"jetpack_shortlink":"https:\/\/wp.me\/PaK7Iz-qU","jetpack_likes_enabled":false,"_links":{"self":[{"href":"https:\/\/landmines.org.vn\/vi\/wp-json\/wp\/v2\/pages\/1668","targetHints":{"allow":["GET"]}}],"collection":[{"href":"https:\/\/landmines.org.vn\/vi\/wp-json\/wp\/v2\/pages"}],"about":[{"href":"https:\/\/landmines.org.vn\/vi\/wp-json\/wp\/v2\/types\/page"}],"author":[{"embeddable":true,"href":"https:\/\/landmines.org.vn\/vi\/wp-json\/wp\/v2\/users\/1"}],"replies":[{"embeddable":true,"href":"https:\/\/landmines.org.vn\/vi\/wp-json\/wp\/v2\/comments?post=1668"}],"version-history":[{"count":2,"href":"https:\/\/landmines.org.vn\/vi\/wp-json\/wp\/v2\/pages\/1668\/revisions"}],"predecessor-version":[{"id":1671,"href":"https:\/\/landmines.org.vn\/vi\/wp-json\/wp\/v2\/pages\/1668\/revisions\/1671"}],"up":[{"embeddable":true,"href":"https:\/\/landmines.org.vn\/vi\/wp-json\/wp\/v2\/pages\/1659"}],"wp:attachment":[{"href":"https:\/\/landmines.org.vn\/vi\/wp-json\/wp\/v2\/media?parent=1668"}],"curies":[{"name":"wp","href":"https:\/\/api.w.org\/{rel}","templated":true}]}}