{"id":1664,"date":"2014-12-01T21:39:15","date_gmt":"2014-12-01T14:39:15","guid":{"rendered":"http:\/\/landmines.org.vn\/get-involved\/fundraising\/"},"modified":"2014-12-15T13:38:28","modified_gmt":"2014-12-15T06:38:28","slug":"fundraising","status":"publish","type":"page","link":"https:\/\/landmines.org.vn\/vi\/get-involved\/fundraising\/","title":{"rendered":"G\u00e2y qu\u1ef9"},"content":{"rendered":"<h3>B\u1ea1n v\u00e0 nh\u00f3m b\u1ea1n b\u00e8 c\u1ee7a m\u00ecnh, c\u00e2u l\u1ea1c b\u1ed9, tr\u01b0\u1eddng h\u1ecdc ho\u1eb7c c\u00e1c t\u1ed5 ch\u1ee9c n\u01a1i b\u1ea1n s\u1ed1ng, c\u1ed9ng \u0111\u1ed3ng t\u00edn ng\u01b0\u1ee1ng \u2026 c\u00f3 th\u1ec3 mong mu\u1ed1n d\u00e0nh m\u1ed9t s\u1ed1 ho\u1ea1t \u0111\u1ed9ng t\u1eeb thi\u1ec7n c\u1ee7a m\u00ecnh \u0111\u1ec3 g\u00e2y qu\u1ef9 cho D\u1ef1 \u00e1n RENEW.<\/h3>\n<p class=\"copytext\">[clear]<\/p>\n<p class=\"copytextnews\">N\u1ebfu \u0111\u01b0\u1ee3c y\u00eau c\u1ea7u, \u0111\u00f3ng g\u00f3p c\u1ee7a nh\u00f3m ho\u1eb7c c\u00e1 nh\u00e2n s\u1ebd \u0111\u01b0\u1ee3c chuy\u1ec3n tr\u1ef1c ti\u1ebfp \u0111\u1ebfn c\u00e1c ho\u1ea1t \u0111\u1ed9ng c\u1ee7a d\u1ef1 \u00e1n v\u00e0 do ch\u00ednh c\u00e1c nh\u00e0 t\u00e0i tr\u1ee3 n\u00e0y l\u1ef1a ch\u1ecdn c\u1ee5 th\u1ec3.<\/p>\n<p class=\"copytextnews\">Ch\u1eb3ng h\u1ea1n, m\u1ed9t s\u1ed1 c\u00e1 nh\u00e2n v\u00e0 t\u1ed5 ch\u1ee9c \u0111\u00e3 ch\u1ecdn h\u1ed7 tr\u1ee3 c\u00e1c gia \u0111\u00ecnh trong ch\u01b0\u01a1ng tr\u00ecnh tr\u1ed3ng n\u1ea5m, ho\u1eb7c mua b\u00f2 cho ch\u01b0\u01a1ng tr\u00ecnh t\u00edn d\u1ee5ng nh\u1ecf, gi\u00fap cho gia \u0111\u00ecnh n\u1ea1n nh\u00e2n tho\u00e1t ngh\u00e8o. (Chi ph\u00ed m\u1ed7i gia \u0111\u00ecnh: 500USD)<\/p>\n<p class=\"copytextnews\">Ba c\u1ef1u chi\u1ebfn binh M\u1ef9 t\u1eebng tham chi\u1ebfn \u1edf Vi\u1ec7t Nam t\u00e0i tr\u1ee3 m\u1ed9t kho\u1ea3n ti\u1ec1n \u0111\u1ec3 n\u00e2ng c\u1ea5p v\u00e0 x\u00e2y th\u00eam ph\u00f2ng cho m\u1ed9t tr\u01b0\u1eddng ti\u1ec3u h\u1ecdc, gi\u00fap tr\u1ebb em ngh\u00e8o \u1edf n\u00f4ng th\u00f4n c\u00f3 th\u1ec3 h\u1ecdc t\u1eadp trong m\u00f4i tr\u01b0\u1eddng r\u1ed9ng m\u00e1t, s\u1ea1ch s\u1ebd h\u01a1n. (Chi ph\u00ed: 50.000USD)<\/p>\n<p class=\"copytextnews\">M\u1ed9t nh\u00e0 t\u00e0i tr\u1ee3 b\u1ecf ti\u1ec1n \u0111\u1ec3 x\u00e2y l\u1ea1i ng\u00f4i nh\u00e0 c\u1ee7a m\u1ed9t c\u1eb7p v\u1ee3 ch\u1ed3ng gi\u00e0 v\u1ed1n \u0111\u00e3 b\u1ecb ph\u00e1 h\u1ee7y n\u1eb7ng n\u1ec1 sau khi m\u1ed9t qu\u1ea3 bom ph\u00e1t n\u1ed5 \u1edf s\u00e2u d\u01b0\u1edbi n\u1ec1n \u0111\u1ea5t. (R\u1ea5t may kh\u00f4ng c\u00f3 ai b\u1ecb th\u01b0\u01a1ng trong v\u1ee5 n\u00e0y.) (Chi ph\u00ed: g\u1ea7n 3.000USD)<\/p>\n<p class=\"copytextnews\">Nhi\u1ec1u nh\u00e0 t\u00e0i tr\u1ee3 \u0111\u00e3 h\u1ed7 tr\u1ee3 s\u1ea3n xu\u1ea5t ch\u00e2n tay gi\u1ea3 cho ng\u01b0\u1eddi t\u00e0n t\u1eadt, gi\u00fap x\u00e2y d\u1ef1ng th\u01b0 vi\u1ec7n, mua s\u00e1ch, trao t\u1eb7ng h\u1ecdc b\u1ed5ng cho tr\u1ebb em ngh\u00e8o c\u1ee7a c\u00e1c gia \u0111\u00ecnh n\u1ea1n nh\u00e2n \u0111\u1ec3 trang tr\u1ea3i chi ph\u00ed h\u1ecdc t\u1eadp. (Chi ph\u00ed: t\u1eeb 50USD \u0111\u1ebfn 150USD)<\/p>\n<p class=\"copytextnews\">M\u1ed9t s\u1ed1 nh\u00e0 t\u00e0i tr\u1ee3 ch\u1ec9 \u0111\u01a1n gi\u1ea3n trao ti\u1ec1n, v\u00ec v\u1eady nh\u00e2n vi\u00ean D\u1ef1 \u00e1n RENEW t\u1ef1 x\u00e1c \u0111\u1ecbnh \u0111\u1ed1i t\u01b0\u1ee3ng c\u00f3 nhu c\u1ea7u h\u1ed7 tr\u1ee3 v\u00e0o th\u1eddi \u0111i\u1ec3m \u0111\u00f3 (\u0111\u1eb7c bi\u1ec7t nh\u1eefng nhu c\u1ea7u n\u1ea3y sinh kh\u00f4ng \u0111\u01b0\u1ee3c d\u1ef1 to\u00e1n trong ng\u00e2n s\u00e1ch). Theo \u0111\u1ec1 xu\u1ea5t c\u1ee7a nh\u00e2n vi\u00ean, m\u1ed9t nh\u00e0 t\u00e0i tr\u1ee3 \u0111\u1ed3ng \u00fd d\u00e0nh ti\u1ec1n \u0111\u00f3ng g\u00f3p d\u00f9ng \u0111\u1ec3 s\u1eeda ch\u1eefa, s\u01a1n l\u1ea1i, v\u00e0 n\u00e2ng c\u1ea5p 52 pa-n\u00f4 tuy\u00ean truy\u1ec1n ph\u00f2ng tr\u00e1nh bom m\u00ecn, thi\u1ebft k\u1ebf v\u00e0 x\u00e2y d\u1ef1ng th\u00eam 18 pa-n\u00f4 m\u1edbi \u1edf nh\u1eefng v\u00f9ng c\u00f3 nhi\u1ec1u ng\u01b0\u1eddi qua l\u1ea1i. (Chi ph\u00ed: 10.000USD)<\/p>\n<div class=\"pvc_clear\"><\/div>\n<p id=\"pvc_stats_1664\" class=\"pvc_stats all  \" data-element-id=\"1664\" style=\"\"><i class=\"pvc-stats-icon medium\" aria-hidden=\"true\"><svg aria-hidden=\"true\" focusable=\"false\" data-prefix=\"far\" data-icon=\"chart-bar\" role=\"img\" xmlns=\"http:\/\/www.w3.org\/2000\/svg\" viewBox=\"0 0 512 512\" class=\"svg-inline--fa fa-chart-bar fa-w-16 fa-2x\"><path fill=\"currentColor\" d=\"M396.8 352h22.4c6.4 0 12.8-6.4 12.8-12.8V108.8c0-6.4-6.4-12.8-12.8-12.8h-22.4c-6.4 0-12.8 6.4-12.8 12.8v230.4c0 6.4 6.4 12.8 12.8 12.8zm-192 0h22.4c6.4 0 12.8-6.4 12.8-12.8V140.8c0-6.4-6.4-12.8-12.8-12.8h-22.4c-6.4 0-12.8 6.4-12.8 12.8v198.4c0 6.4 6.4 12.8 12.8 12.8zm96 0h22.4c6.4 0 12.8-6.4 12.8-12.8V204.8c0-6.4-6.4-12.8-12.8-12.8h-22.4c-6.4 0-12.8 6.4-12.8 12.8v134.4c0 6.4 6.4 12.8 12.8 12.8zM496 400H48V80c0-8.84-7.16-16-16-16H16C7.16 64 0 71.16 0 80v336c0 17.67 14.33 32 32 32h464c8.84 0 16-7.16 16-16v-16c0-8.84-7.16-16-16-16zm-387.2-48h22.4c6.4 0 12.8-6.4 12.8-12.8v-70.4c0-6.4-6.4-12.8-12.8-12.8h-22.4c-6.4 0-12.8 6.4-12.8 12.8v70.4c0 6.4 6.4 12.8 12.8 12.8z\" class=\"\"><\/path><\/svg><\/i> <img data-recalc-dims=\"1\" loading=\"lazy\" decoding=\"async\" width=\"16\" height=\"16\" alt=\"Loading\" src=\"https:\/\/i0.wp.com\/landmines.org.vn\/wp-content\/plugins\/page-views-count\/ajax-loader-2x.gif?resize=16%2C16&#038;ssl=1\" border=0 \/><\/p>\n<div class=\"pvc_clear\"><\/div>\n","protected":false},"excerpt":{"rendered":"<p>B\u1ea1n v\u00e0 nh\u00f3m b\u1ea1n b\u00e8 c\u1ee7a m\u00ecnh, c\u00e2u l\u1ea1c b\u1ed9, tr\u01b0\u1eddng h\u1ecdc ho\u1eb7c c\u00e1c t\u1ed5 ch\u1ee9c n\u01a1i b\u1ea1n s\u1ed1ng, c\u1ed9ng \u0111\u1ed3ng t\u00edn ng\u01b0\u1ee1ng \u2026 c\u00f3 th\u1ec3 mong mu\u1ed1n d\u00e0nh m\u1ed9t s\u1ed1 ho\u1ea1t \u0111\u1ed9ng t\u1eeb thi\u1ec7n c\u1ee7a m\u00ecnh \u0111\u1ec3 g\u00e2y qu\u1ef9 cho D\u1ef1 \u00e1n RENEW. [clear] N\u1ebfu \u0111\u01b0\u1ee3c y\u00eau c\u1ea7u, \u0111\u00f3ng g\u00f3p c\u1ee7a nh\u00f3m ho\u1eb7c c\u00e1 [&hellip;]<\/p>\n<div class=\"pvc_clear\"><\/div>\n<p id=\"pvc_stats_1664\" class=\"pvc_stats all  \" data-element-id=\"1664\" style=\"\"><i class=\"pvc-stats-icon medium\" aria-hidden=\"true\"><svg aria-hidden=\"true\" focusable=\"false\" data-prefix=\"far\" data-icon=\"chart-bar\" role=\"img\" xmlns=\"http:\/\/www.w3.org\/2000\/svg\" viewBox=\"0 0 512 512\" class=\"svg-inline--fa fa-chart-bar fa-w-16 fa-2x\"><path fill=\"currentColor\" d=\"M396.8 352h22.4c6.4 0 12.8-6.4 12.8-12.8V108.8c0-6.4-6.4-12.8-12.8-12.8h-22.4c-6.4 0-12.8 6.4-12.8 12.8v230.4c0 6.4 6.4 12.8 12.8 12.8zm-192 0h22.4c6.4 0 12.8-6.4 12.8-12.8V140.8c0-6.4-6.4-12.8-12.8-12.8h-22.4c-6.4 0-12.8 6.4-12.8 12.8v198.4c0 6.4 6.4 12.8 12.8 12.8zm96 0h22.4c6.4 0 12.8-6.4 12.8-12.8V204.8c0-6.4-6.4-12.8-12.8-12.8h-22.4c-6.4 0-12.8 6.4-12.8 12.8v134.4c0 6.4 6.4 12.8 12.8 12.8zM496 400H48V80c0-8.84-7.16-16-16-16H16C7.16 64 0 71.16 0 80v336c0 17.67 14.33 32 32 32h464c8.84 0 16-7.16 16-16v-16c0-8.84-7.16-16-16-16zm-387.2-48h22.4c6.4 0 12.8-6.4 12.8-12.8v-70.4c0-6.4-6.4-12.8-12.8-12.8h-22.4c-6.4 0-12.8 6.4-12.8 12.8v70.4c0 6.4 6.4 12.8 12.8 12.8z\" class=\"\"><\/path><\/svg><\/i> <img loading=\"lazy\" decoding=\"async\" width=\"16\" height=\"16\" alt=\"Loading\" src=\"https:\/\/landmines.org.vn\/wp-content\/plugins\/page-views-count\/ajax-loader-2x.gif\" border=0 \/><\/p>\n<div class=\"pvc_clear\"><\/div>\n","protected":false},"author":1,"featured_media":0,"parent":1659,"menu_order":0,"comment_status":"closed","ping_status":"closed","template":"","meta":{"_crdt_document":"","advanced_seo_description":"","jetpack_seo_html_title":"","jetpack_seo_noindex":false,"jetpack_post_was_ever_published":false,"footnotes":""},"class_list":["post-1664","page","type-page","status-publish","hentry"],"jetpack_sharing_enabled":true,"jetpack_shortlink":"https:\/\/wp.me\/PaK7Iz-qQ","jetpack_likes_enabled":false,"_links":{"self":[{"href":"https:\/\/landmines.org.vn\/vi\/wp-json\/wp\/v2\/pages\/1664","targetHints":{"allow":["GET"]}}],"collection":[{"href":"https:\/\/landmines.org.vn\/vi\/wp-json\/wp\/v2\/pages"}],"about":[{"href":"https:\/\/landmines.org.vn\/vi\/wp-json\/wp\/v2\/types\/page"}],"author":[{"embeddable":true,"href":"https:\/\/landmines.org.vn\/vi\/wp-json\/wp\/v2\/users\/1"}],"replies":[{"embeddable":true,"href":"https:\/\/landmines.org.vn\/vi\/wp-json\/wp\/v2\/comments?post=1664"}],"version-history":[{"count":2,"href":"https:\/\/landmines.org.vn\/vi\/wp-json\/wp\/v2\/pages\/1664\/revisions"}],"predecessor-version":[{"id":1667,"href":"https:\/\/landmines.org.vn\/vi\/wp-json\/wp\/v2\/pages\/1664\/revisions\/1667"}],"up":[{"embeddable":true,"href":"https:\/\/landmines.org.vn\/vi\/wp-json\/wp\/v2\/pages\/1659"}],"wp:attachment":[{"href":"https:\/\/landmines.org.vn\/vi\/wp-json\/wp\/v2\/media?parent=1664"}],"curies":[{"name":"wp","href":"https:\/\/api.w.org\/{rel}","templated":true}]}}