{"id":1659,"date":"2014-11-28T11:15:03","date_gmt":"2014-11-28T04:15:03","guid":{"rendered":"http:\/\/landmines.org.vn\/get-involved-2\/"},"modified":"2014-12-26T17:35:32","modified_gmt":"2014-12-26T10:35:32","slug":"get-involved","status":"publish","type":"page","link":"https:\/\/landmines.org.vn\/vi\/get-involved\/","title":{"rendered":"\u1ee6ng h\u1ed9"},"content":{"rendered":"<h3>\u0110\u00f3ng g\u00f3p cho D\u1ef1 \u00e1n RENEW t\u1eeb c\u00e1c nh\u00e0 t\u00e0i tr\u1ee3, t\u1ed5 ch\u1ee9c t\u1eeb thi\u1ec7n, ch\u00ednh ph\u1ee7, c\u00e1c c\u00e1 nh\u1eadn v\u00e0 t\u1ed5 ch\u1ee9c l\u1edbn nh\u1ecf, trong v\u00e0 ngo\u00e0i n\u01b0\u1edbc, c\u00f3 vai tr\u00f2 quan tr\u1ecdng trong vi\u1ec7c gi\u00fap ch\u00fang t\u00f4i r\u00e0 ph\u00e1 h\u00e0ng ng\u00e0n bom m\u00ecn v\u1eadt n\u1ed5 c\u00f2n s\u00f3t l\u1ea1i sau chi\u1ebfn tranh.<\/h3>\n<p class=\"copytextnews\">V\u1edbi s\u1ef1 \u0111\u00f3ng g\u00f3p c\u1ee7a c\u00e1c b\u1ea1n, ch\u00fang ta c\u00f3 th\u1ec3 \u0111em l\u1ea1i m\u1ed9t t\u01b0\u01a1ng lai t\u01b0\u01a1i s\u00e1ng h\u01a1n, an to\u00e0n h\u01a1n cho ng\u01b0\u1eddi d\u00e2n t\u1ec9nh Qu\u1ea3ng Tr\u1ecb. C\u1ee5 th\u1ec3, \u0111\u00f3ng g\u00f3p \u0111\u00f3 s\u1ebd gi\u00fap:<\/p>\n<ul>\n<li class=\"copytextnews\">L\u00e0m cho ng\u01b0\u1eddi d\u00e2n \u1edf c\u00e1c th\u00f4n, b\u1ea3n y\u00ean t\u00e2m khi bi\u1ebft n\u01a1i m\u00ecnh \u0111ang sinh s\u1ed1ng \u0111\u00e3 an to\u00e0n, kh\u00f4ng c\u00f2n ph\u1ea3i lo s\u1ee3 g\u1eb7p nguy hi\u1ec3m t\u1eeb c\u00e1c v\u1ee5 n\u1ed5 bom m\u00ecn b\u1ea5t ng\u1edd n\u1eefa, \u0111i\u1ec1u n\u00e0y \u0111\u1eb7c bi\u1ec7t quan tr\u1ecdng \u0111\u1ed1i v\u1edbi th\u1ebf h\u1ec7 tr\u1ebb em sinh ra sau chi\u1ebfn tranh.<\/li>\n<li class=\"copytextnews\">H\u1ed7 tr\u1ee3 c\u00e1c gia \u0111\u00ecnh kh\u00f3 kh\u0103n, h\u1ed9 ngh\u00e8o bao g\u1ed3m n\u1ea1n nh\u00e2n bom m\u00ecn \u2013 n\u1ea1n nh\u00e2n c\u00e1c v\u1ee5 tai n\u1ea1n th\u01b0\u01a1ng t\u00e2m \u0111\u1ed1i m\u1eb7t v\u1edbi s\u1ef1 t\u00e0n t\u1eadt su\u1ed1t \u0111\u1eddi \u2013 mang l\u1ea1i ni\u1ec1m tin v\u00e0o kh\u1ea3 n\u0103ng x\u00e2y d\u1ef1ng l\u1ea1i cu\u1ed9c s\u1ed1ng v\u00e0 t\u1ea1o t\u01b0\u01a1ng lai t\u1ed1t \u0111\u1eb9p h\u01a1n cho con c\u00e1i c\u1ee7a h\u1ecd.<\/li>\n<li class=\"copytextnews\">Ti\u1ebfp t\u1ee5c ho\u1ea1t \u0111\u1ed9ng c\u1ee7a c\u00e1c \u0111\u1ed9i r\u00e0 ph\u00e1, gom nh\u1eb7t ph\u00e1 h\u1ee7y l\u01b0u \u0111\u1ed9ng &#8211; v\u1edbi nh\u00e2n vi\u00ean ng\u01b0\u1eddi Vi\u1ec7t Nam \u0111\u00e3 \u0111\u01b0\u1ee3c \u0111\u00e0o t\u1ea1o b\u00e0i b\u1ea3n &#8211; th\u1ef1c hi\u1ec7n nhi\u1ec7m v\u1ee5 di d\u1eddi, ph\u00e1 h\u1ee7y an to\u00e0n c\u00e1c lo\u1ea1i bom m\u00ecn v\u1eadt n\u1ed5 c\u00f2n s\u00f3t l\u1ea1i trong v\u01b0\u1eddn nh\u00e0, g\u1ea7n khu d\u00e2n c\u01b0. Ti\u1ebfp t\u1ee5c r\u00e0 ph\u00e1 c\u00e1c hi\u1ec7n tr\u01b0\u1eddng \u01b0u ti\u00ean cho t\u00e1i \u0111\u1ecbnh c\u01b0, cho c\u00e1c c\u00f4ng tr\u00ecnh ph\u00fac l\u1ee3i c\u00f4ng c\u1ed9ng nh\u01b0 tr\u01b0\u1eddng h\u1ecdc, nh\u00e0 tr\u1ebb, tr\u1ea1m y t\u1ebf\u2026<\/li>\n<li class=\"copytextnews\">Cung c\u1ea5p ch\u00e2n tay gi\u1ea3 cho ng\u01b0\u1eddi t\u00e0n t\u1eadt, gi\u00fap h\u1ecd \u0111i l\u1ea1i, t\u00e1i h\u00f2a nh\u1eadp v\u00e0o c\u00e1c ho\u1ea1t \u0111\u1ed9ng b\u00ecnh th\u01b0\u1eddng c\u1ee7a \u0111\u1eddi s\u1ed1ng.<\/li>\n<li class=\"copytextnews\">H\u1ed7 tr\u1ee3 ch\u01b0\u01a1ng tr\u00ecnh v\u1ed1n t\u00edn d\u1ee5ng nh\u1ecf, gi\u00fap gia \u0111\u00ecnh n\u1ea1n nh\u00e2n bom m\u00ecn c\u00f3 cu\u1ed9c s\u1ed1ng t\u1ef1 l\u1eadp.<\/li>\n<li class=\"copytextnews\">Duy tr\u00ec c\u00e1c t\u00e0i li\u1ec7u gi\u00e1o d\u1ee5c, d\u1ee5ng c\u1ee5 gi\u1ea3ng d\u1ea1y, c\u00e1c chi\u1ebfn d\u1ecbch truy\u1ec1n th\u00f4ng \u0111\u1ec3 nh\u1eafc nh\u1edf h\u00e0ng ng\u00e0n tr\u1ebb em v\u00e0 ng\u01b0\u1eddi l\u1edbn r\u1eb1ng h\u1ecd ph\u1ea3i c\u1ea9n th\u1eadn, ph\u1ea3i ch\u1ecbu tr\u00e1ch nhi\u1ec7m b\u00e1o c\u00e1o khi ph\u00e1t hi\u1ec7n th\u1ea5y bom m\u00ecn \u0111\u1ec3 c\u00e1c \u0111\u1ed9i chuy\u00ean m\u00f4n c\u1ee7a ch\u00fang t\u00f4i c\u00f3 th\u1ec3 th\u1ef1c hi\u1ec7n ho\u1ea1t \u0111\u1ed9ng lo\u1ea1i b\u1ecf m\u1ed1i nguy hi\u1ec3m.<\/li>\n<\/ul>\n<p class=\"copytextnews\"><strong>\u0110\u00f3ng g\u00f3p c\u1ee7a c\u00e1c b\u1ea1n l\u00e0 \u0111\u1ea7u t\u01b0 cho t\u01b0\u01a1ng lai c\u1ee7a ng\u01b0\u1eddi d\u00e2n t\u1ec9nh Qu\u1ea3ng Tr\u1ecb.<\/strong><\/p>\n<div class=\"pvc_clear\"><\/div>\n<p id=\"pvc_stats_1659\" class=\"pvc_stats all  \" data-element-id=\"1659\" style=\"\"><i class=\"pvc-stats-icon medium\" aria-hidden=\"true\"><svg aria-hidden=\"true\" focusable=\"false\" data-prefix=\"far\" data-icon=\"chart-bar\" role=\"img\" xmlns=\"http:\/\/www.w3.org\/2000\/svg\" viewBox=\"0 0 512 512\" class=\"svg-inline--fa fa-chart-bar fa-w-16 fa-2x\"><path fill=\"currentColor\" d=\"M396.8 352h22.4c6.4 0 12.8-6.4 12.8-12.8V108.8c0-6.4-6.4-12.8-12.8-12.8h-22.4c-6.4 0-12.8 6.4-12.8 12.8v230.4c0 6.4 6.4 12.8 12.8 12.8zm-192 0h22.4c6.4 0 12.8-6.4 12.8-12.8V140.8c0-6.4-6.4-12.8-12.8-12.8h-22.4c-6.4 0-12.8 6.4-12.8 12.8v198.4c0 6.4 6.4 12.8 12.8 12.8zm96 0h22.4c6.4 0 12.8-6.4 12.8-12.8V204.8c0-6.4-6.4-12.8-12.8-12.8h-22.4c-6.4 0-12.8 6.4-12.8 12.8v134.4c0 6.4 6.4 12.8 12.8 12.8zM496 400H48V80c0-8.84-7.16-16-16-16H16C7.16 64 0 71.16 0 80v336c0 17.67 14.33 32 32 32h464c8.84 0 16-7.16 16-16v-16c0-8.84-7.16-16-16-16zm-387.2-48h22.4c6.4 0 12.8-6.4 12.8-12.8v-70.4c0-6.4-6.4-12.8-12.8-12.8h-22.4c-6.4 0-12.8 6.4-12.8 12.8v70.4c0 6.4 6.4 12.8 12.8 12.8z\" class=\"\"><\/path><\/svg><\/i> <img data-recalc-dims=\"1\" loading=\"lazy\" decoding=\"async\" width=\"16\" height=\"16\" alt=\"Loading\" src=\"https:\/\/i0.wp.com\/landmines.org.vn\/wp-content\/plugins\/page-views-count\/ajax-loader-2x.gif?resize=16%2C16&#038;ssl=1\" border=0 \/><\/p>\n<div class=\"pvc_clear\"><\/div>\n","protected":false},"excerpt":{"rendered":"<p>\u0110\u00f3ng g\u00f3p cho D\u1ef1 \u00e1n RENEW t\u1eeb c\u00e1c nh\u00e0 t\u00e0i tr\u1ee3, t\u1ed5 ch\u1ee9c t\u1eeb thi\u1ec7n, ch\u00ednh ph\u1ee7, c\u00e1c c\u00e1 nh\u1eadn v\u00e0 t\u1ed5 ch\u1ee9c l\u1edbn nh\u1ecf, trong v\u00e0 ngo\u00e0i n\u01b0\u1edbc, c\u00f3 vai tr\u00f2 quan tr\u1ecdng trong vi\u1ec7c gi\u00fap ch\u00fang t\u00f4i r\u00e0 ph\u00e1 h\u00e0ng ng\u00e0n bom m\u00ecn v\u1eadt n\u1ed5 c\u00f2n s\u00f3t l\u1ea1i sau chi\u1ebfn tranh. V\u1edbi s\u1ef1 [&hellip;]<\/p>\n<div class=\"pvc_clear\"><\/div>\n<p id=\"pvc_stats_1659\" class=\"pvc_stats all  \" data-element-id=\"1659\" style=\"\"><i class=\"pvc-stats-icon medium\" aria-hidden=\"true\"><svg aria-hidden=\"true\" focusable=\"false\" data-prefix=\"far\" data-icon=\"chart-bar\" role=\"img\" xmlns=\"http:\/\/www.w3.org\/2000\/svg\" viewBox=\"0 0 512 512\" class=\"svg-inline--fa fa-chart-bar fa-w-16 fa-2x\"><path fill=\"currentColor\" d=\"M396.8 352h22.4c6.4 0 12.8-6.4 12.8-12.8V108.8c0-6.4-6.4-12.8-12.8-12.8h-22.4c-6.4 0-12.8 6.4-12.8 12.8v230.4c0 6.4 6.4 12.8 12.8 12.8zm-192 0h22.4c6.4 0 12.8-6.4 12.8-12.8V140.8c0-6.4-6.4-12.8-12.8-12.8h-22.4c-6.4 0-12.8 6.4-12.8 12.8v198.4c0 6.4 6.4 12.8 12.8 12.8zm96 0h22.4c6.4 0 12.8-6.4 12.8-12.8V204.8c0-6.4-6.4-12.8-12.8-12.8h-22.4c-6.4 0-12.8 6.4-12.8 12.8v134.4c0 6.4 6.4 12.8 12.8 12.8zM496 400H48V80c0-8.84-7.16-16-16-16H16C7.16 64 0 71.16 0 80v336c0 17.67 14.33 32 32 32h464c8.84 0 16-7.16 16-16v-16c0-8.84-7.16-16-16-16zm-387.2-48h22.4c6.4 0 12.8-6.4 12.8-12.8v-70.4c0-6.4-6.4-12.8-12.8-12.8h-22.4c-6.4 0-12.8 6.4-12.8 12.8v70.4c0 6.4 6.4 12.8 12.8 12.8z\" class=\"\"><\/path><\/svg><\/i> <img loading=\"lazy\" decoding=\"async\" width=\"16\" height=\"16\" alt=\"Loading\" src=\"https:\/\/landmines.org.vn\/wp-content\/plugins\/page-views-count\/ajax-loader-2x.gif\" border=0 \/><\/p>\n<div class=\"pvc_clear\"><\/div>\n","protected":false},"author":1,"featured_media":0,"parent":0,"menu_order":0,"comment_status":"closed","ping_status":"closed","template":"","meta":{"_crdt_document":"","advanced_seo_description":"","jetpack_seo_html_title":"","jetpack_seo_noindex":false,"jetpack_post_was_ever_published":false,"footnotes":""},"class_list":["post-1659","page","type-page","status-publish","hentry"],"jetpack_sharing_enabled":true,"jetpack_shortlink":"https:\/\/wp.me\/PaK7Iz-qL","jetpack_likes_enabled":false,"_links":{"self":[{"href":"https:\/\/landmines.org.vn\/vi\/wp-json\/wp\/v2\/pages\/1659","targetHints":{"allow":["GET"]}}],"collection":[{"href":"https:\/\/landmines.org.vn\/vi\/wp-json\/wp\/v2\/pages"}],"about":[{"href":"https:\/\/landmines.org.vn\/vi\/wp-json\/wp\/v2\/types\/page"}],"author":[{"embeddable":true,"href":"https:\/\/landmines.org.vn\/vi\/wp-json\/wp\/v2\/users\/1"}],"replies":[{"embeddable":true,"href":"https:\/\/landmines.org.vn\/vi\/wp-json\/wp\/v2\/comments?post=1659"}],"version-history":[{"count":2,"href":"https:\/\/landmines.org.vn\/vi\/wp-json\/wp\/v2\/pages\/1659\/revisions"}],"predecessor-version":[{"id":2215,"href":"https:\/\/landmines.org.vn\/vi\/wp-json\/wp\/v2\/pages\/1659\/revisions\/2215"}],"wp:attachment":[{"href":"https:\/\/landmines.org.vn\/vi\/wp-json\/wp\/v2\/media?parent=1659"}],"curies":[{"name":"wp","href":"https:\/\/api.w.org\/{rel}","templated":true}]}}