{"id":1651,"date":"2014-12-01T17:39:43","date_gmt":"2014-12-01T10:39:43","guid":{"rendered":"http:\/\/landmines.org.vn\/visitor-center\/the-exhibits\/"},"modified":"2014-12-15T13:28:17","modified_gmt":"2014-12-15T06:28:17","slug":"the-exhibits","status":"publish","type":"page","link":"https:\/\/landmines.org.vn\/vi\/visitor-center\/the-exhibits\/","title":{"rendered":"Tr\u01b0ng b\u00e0y"},"content":{"rendered":"<p><strong>Chi\u1ebfn tranh v\u00e0 H\u1eadu qu\u1ea3<br \/>\n<\/strong>Th\u00f4ng tin v\u00e0 hi\u1ec7n v\u1eadt t\u00e1i hi\u1ec7n chi\u1ebfn tranh nh\u01b0 tr\u1ea3i nghi\u1ec7m c\u1ee7a ng\u01b0\u1eddi d\u00e2n Qu\u1ea3ng Tr\u1ecb. Tr\u01b0ng b\u00e0y m\u00f4 ph\u1ecfng c\u00e1c \u0111\u1ee3t n\u00e9m bom c\u1ee7a M\u1ef9, c\u00f9ng v\u1edbi bom m\u00ecn, v\u1eadt n\u1ed5 ph\u00e1t hi\u1ec7n \u1edf \u0111\u1ecba b\u00e0n t\u1ec9nh.<\/p>\n<p><strong>R\u00e0 ph\u00e1 ngay sau chi\u1ebfn tranh<\/strong><br \/>\nInformation about efforts undertaken immediately after the war by the government, Vietnamese military units and local residents.<\/p>\n<p><strong>R\u00e0 ph\u00e1 v\u00e0 gi\u00e1o d\u1ee5c nguy c\u01a1 bom m\u00ecn<\/strong><br \/>\nGi\u1edbi thi\u1ec7u nh\u1eefng ho\u1ea1t \u0111\u1ed9ng \u0111ang ti\u1ebfn h\u00e0nh \u0111\u1ec3 r\u00e0 ph\u00e1 bom m\u00ecn, v\u1eadt n\u1ed5 v\u00e0 gi\u00e1o d\u1ee5c tr\u1ebb em v\u00e0 ng\u01b0\u1eddi l\u1edbn v\u1ec1 nguy c\u01a1 bom m\u00ecn.<\/p>\n<p><strong>H\u1ed7 tr\u1ee3 n\u1ea1n nh\u00e2n<\/strong><br \/>\nM\u00f4 t\u1ea3 c\u00e1c n\u1ed7 l\u1ef1c h\u1ed7 tr\u1ee3 n\u1ea1n nh\u00e2n, g\u1ed3m ch\u00e2n tay gi\u1ea3 do n\u1ea1n nh\u00e2n t\u1ef1 ch\u1ebf b\u1eb1ng ph\u1ebf li\u1ec7u chi\u1ebfn tranh, c\u1ee7a ch\u01b0\u01a1ng tr\u00ecnh ph\u1ee5c h\u1ed3i ch\u1ee9c n\u0103ng l\u01b0u \u0111\u1ed9ng, c\u00e1c ho\u1ea1t \u0111\u1ed9ng h\u1ed7 tr\u1ee3 sinh k\u1ebf.<\/p>\n<p><strong>V\u01b0\u1ee3t l\u00ean s\u1ed1 ph\u1eadn<\/strong><br \/>\nC\u00e2u chuy\u1ec7n v\u1ec1 nh\u1eefng ng\u01b0\u1eddi d\u00e2n \u0111\u00e3 v\u01b0\u1ee3t l\u00ean ngh\u1ecbch c\u1ea3nh b\u1eb1ng ngh\u1ecb l\u1ef1c b\u1ea3n th\u00e2n.<\/p>\n<div class=\"pvc_clear\"><\/div>\n<p id=\"pvc_stats_1651\" class=\"pvc_stats all  \" data-element-id=\"1651\" style=\"\"><i class=\"pvc-stats-icon medium\" aria-hidden=\"true\"><svg aria-hidden=\"true\" focusable=\"false\" data-prefix=\"far\" data-icon=\"chart-bar\" role=\"img\" xmlns=\"http:\/\/www.w3.org\/2000\/svg\" viewBox=\"0 0 512 512\" class=\"svg-inline--fa fa-chart-bar fa-w-16 fa-2x\"><path fill=\"currentColor\" d=\"M396.8 352h22.4c6.4 0 12.8-6.4 12.8-12.8V108.8c0-6.4-6.4-12.8-12.8-12.8h-22.4c-6.4 0-12.8 6.4-12.8 12.8v230.4c0 6.4 6.4 12.8 12.8 12.8zm-192 0h22.4c6.4 0 12.8-6.4 12.8-12.8V140.8c0-6.4-6.4-12.8-12.8-12.8h-22.4c-6.4 0-12.8 6.4-12.8 12.8v198.4c0 6.4 6.4 12.8 12.8 12.8zm96 0h22.4c6.4 0 12.8-6.4 12.8-12.8V204.8c0-6.4-6.4-12.8-12.8-12.8h-22.4c-6.4 0-12.8 6.4-12.8 12.8v134.4c0 6.4 6.4 12.8 12.8 12.8zM496 400H48V80c0-8.84-7.16-16-16-16H16C7.16 64 0 71.16 0 80v336c0 17.67 14.33 32 32 32h464c8.84 0 16-7.16 16-16v-16c0-8.84-7.16-16-16-16zm-387.2-48h22.4c6.4 0 12.8-6.4 12.8-12.8v-70.4c0-6.4-6.4-12.8-12.8-12.8h-22.4c-6.4 0-12.8 6.4-12.8 12.8v70.4c0 6.4 6.4 12.8 12.8 12.8z\" class=\"\"><\/path><\/svg><\/i> <img data-recalc-dims=\"1\" loading=\"lazy\" decoding=\"async\" width=\"16\" height=\"16\" alt=\"Loading\" src=\"https:\/\/i0.wp.com\/landmines.org.vn\/wp-content\/plugins\/page-views-count\/ajax-loader-2x.gif?resize=16%2C16&#038;ssl=1\" border=0 \/><\/p>\n<div class=\"pvc_clear\"><\/div>\n","protected":false},"excerpt":{"rendered":"<p>Chi\u1ebfn tranh v\u00e0 H\u1eadu qu\u1ea3 Th\u00f4ng tin v\u00e0 hi\u1ec7n v\u1eadt t\u00e1i hi\u1ec7n chi\u1ebfn tranh nh\u01b0 tr\u1ea3i nghi\u1ec7m c\u1ee7a ng\u01b0\u1eddi d\u00e2n Qu\u1ea3ng Tr\u1ecb. Tr\u01b0ng b\u00e0y m\u00f4 ph\u1ecfng c\u00e1c \u0111\u1ee3t n\u00e9m bom c\u1ee7a M\u1ef9, c\u00f9ng v\u1edbi bom m\u00ecn, v\u1eadt n\u1ed5 ph\u00e1t hi\u1ec7n \u1edf \u0111\u1ecba b\u00e0n t\u1ec9nh. R\u00e0 ph\u00e1 ngay sau chi\u1ebfn tranh Information about efforts undertaken immediately [&hellip;]<\/p>\n<div class=\"pvc_clear\"><\/div>\n<p id=\"pvc_stats_1651\" class=\"pvc_stats all  \" data-element-id=\"1651\" style=\"\"><i class=\"pvc-stats-icon medium\" aria-hidden=\"true\"><svg aria-hidden=\"true\" focusable=\"false\" data-prefix=\"far\" data-icon=\"chart-bar\" role=\"img\" xmlns=\"http:\/\/www.w3.org\/2000\/svg\" viewBox=\"0 0 512 512\" class=\"svg-inline--fa fa-chart-bar fa-w-16 fa-2x\"><path fill=\"currentColor\" d=\"M396.8 352h22.4c6.4 0 12.8-6.4 12.8-12.8V108.8c0-6.4-6.4-12.8-12.8-12.8h-22.4c-6.4 0-12.8 6.4-12.8 12.8v230.4c0 6.4 6.4 12.8 12.8 12.8zm-192 0h22.4c6.4 0 12.8-6.4 12.8-12.8V140.8c0-6.4-6.4-12.8-12.8-12.8h-22.4c-6.4 0-12.8 6.4-12.8 12.8v198.4c0 6.4 6.4 12.8 12.8 12.8zm96 0h22.4c6.4 0 12.8-6.4 12.8-12.8V204.8c0-6.4-6.4-12.8-12.8-12.8h-22.4c-6.4 0-12.8 6.4-12.8 12.8v134.4c0 6.4 6.4 12.8 12.8 12.8zM496 400H48V80c0-8.84-7.16-16-16-16H16C7.16 64 0 71.16 0 80v336c0 17.67 14.33 32 32 32h464c8.84 0 16-7.16 16-16v-16c0-8.84-7.16-16-16-16zm-387.2-48h22.4c6.4 0 12.8-6.4 12.8-12.8v-70.4c0-6.4-6.4-12.8-12.8-12.8h-22.4c-6.4 0-12.8 6.4-12.8 12.8v70.4c0 6.4 6.4 12.8 12.8 12.8z\" class=\"\"><\/path><\/svg><\/i> <img loading=\"lazy\" decoding=\"async\" width=\"16\" height=\"16\" alt=\"Loading\" src=\"https:\/\/landmines.org.vn\/wp-content\/plugins\/page-views-count\/ajax-loader-2x.gif\" border=0 \/><\/p>\n<div class=\"pvc_clear\"><\/div>\n","protected":false},"author":1,"featured_media":0,"parent":1630,"menu_order":0,"comment_status":"closed","ping_status":"closed","template":"","meta":{"_crdt_document":"","advanced_seo_description":"","jetpack_seo_html_title":"","jetpack_seo_noindex":false,"jetpack_post_was_ever_published":false,"footnotes":""},"class_list":["post-1651","page","type-page","status-publish","hentry"],"jetpack_sharing_enabled":true,"jetpack_shortlink":"https:\/\/wp.me\/PaK7Iz-qD","jetpack_likes_enabled":false,"_links":{"self":[{"href":"https:\/\/landmines.org.vn\/vi\/wp-json\/wp\/v2\/pages\/1651","targetHints":{"allow":["GET"]}}],"collection":[{"href":"https:\/\/landmines.org.vn\/vi\/wp-json\/wp\/v2\/pages"}],"about":[{"href":"https:\/\/landmines.org.vn\/vi\/wp-json\/wp\/v2\/types\/page"}],"author":[{"embeddable":true,"href":"https:\/\/landmines.org.vn\/vi\/wp-json\/wp\/v2\/users\/1"}],"replies":[{"embeddable":true,"href":"https:\/\/landmines.org.vn\/vi\/wp-json\/wp\/v2\/comments?post=1651"}],"version-history":[{"count":2,"href":"https:\/\/landmines.org.vn\/vi\/wp-json\/wp\/v2\/pages\/1651\/revisions"}],"predecessor-version":[{"id":1654,"href":"https:\/\/landmines.org.vn\/vi\/wp-json\/wp\/v2\/pages\/1651\/revisions\/1654"}],"up":[{"embeddable":true,"href":"https:\/\/landmines.org.vn\/vi\/wp-json\/wp\/v2\/pages\/1630"}],"wp:attachment":[{"href":"https:\/\/landmines.org.vn\/vi\/wp-json\/wp\/v2\/media?parent=1651"}],"curies":[{"name":"wp","href":"https:\/\/api.w.org\/{rel}","templated":true}]}}