{"id":1630,"date":"2014-11-28T10:54:17","date_gmt":"2014-11-28T03:54:17","guid":{"rendered":"http:\/\/landmines.org.vn\/visitor-center-2\/"},"modified":"2023-02-21T13:00:34","modified_gmt":"2023-02-21T06:00:34","slug":"visitor-center","status":"publish","type":"page","link":"https:\/\/landmines.org.vn\/vi\/visitor-center\/","title":{"rendered":"Trung T\u00e2m Tham Quan"},"content":{"rendered":"\n<div class=\"wp-block-cover is-light\"><span aria-hidden=\"true\" class=\"wp-block-cover__background has-background-dim\"><\/span><img data-recalc-dims=\"1\" loading=\"lazy\" decoding=\"async\" width=\"790\" height=\"538\" class=\"wp-block-cover__image-background wp-image-6376\" alt=\"\" src=\"https:\/\/i0.wp.com\/landmines.org.vn\/wp-content\/uploads\/2020\/05\/IMG_5949-1-scaled.jpg?resize=790%2C538&#038;ssl=1\" style=\"object-position:50% 50%\" data-object-fit=\"cover\" data-object-position=\"50% 50%\" srcset=\"https:\/\/i0.wp.com\/landmines.org.vn\/wp-content\/uploads\/2020\/05\/IMG_5949-1-scaled.jpg?w=2560&amp;ssl=1 2560w, https:\/\/i0.wp.com\/landmines.org.vn\/wp-content\/uploads\/2020\/05\/IMG_5949-1-scaled.jpg?resize=300%2C204&amp;ssl=1 300w, https:\/\/i0.wp.com\/landmines.org.vn\/wp-content\/uploads\/2020\/05\/IMG_5949-1-scaled.jpg?resize=1024%2C697&amp;ssl=1 1024w, https:\/\/i0.wp.com\/landmines.org.vn\/wp-content\/uploads\/2020\/05\/IMG_5949-1-scaled.jpg?resize=768%2C523&amp;ssl=1 768w, https:\/\/i0.wp.com\/landmines.org.vn\/wp-content\/uploads\/2020\/05\/IMG_5949-1-scaled.jpg?resize=1536%2C1046&amp;ssl=1 1536w, https:\/\/i0.wp.com\/landmines.org.vn\/wp-content\/uploads\/2020\/05\/IMG_5949-1-scaled.jpg?resize=2048%2C1395&amp;ssl=1 2048w, https:\/\/i0.wp.com\/landmines.org.vn\/wp-content\/uploads\/2020\/05\/IMG_5949-1-scaled.jpg?resize=200%2C136&amp;ssl=1 200w, https:\/\/i0.wp.com\/landmines.org.vn\/wp-content\/uploads\/2020\/05\/IMG_5949-1-scaled.jpg?w=2370&amp;ssl=1 2370w\" sizes=\"auto, (max-width: 790px) 100vw, 790px\" \/><div class=\"wp-block-cover__inner-container is-layout-flow wp-block-cover-is-layout-flow\">\n<p class=\"has-text-align-center has-large-font-size wp-block-paragraph\"><\/p>\n<\/div><\/div>\n\n\n\n<p class=\"wp-block-paragraph\"><\/p>\n\n\n\n<hr class=\"wp-block-separator has-css-opacity\"\/>\n\n\n\n<p class=\"wp-block-paragraph\"><\/p>\n\n\n\n<div id=\"TA_rated883\" class=\"TA_rated\"><ul id=\"LNRSdu19UOgG\" class=\"TA_links UzCme0wjFPU\"><li id=\"sDowhy67\" class=\"4RuOtxOcU\"><a target=\"_blank\" href=\"https:\/\/www.tripadvisor.com\/\" rel=\"noopener noreferrer\"><img data-recalc-dims=\"1\" decoding=\"async\" src=\"https:\/\/i0.wp.com\/www.tripadvisor.com\/img\/cdsi\/img2\/badges\/ollie-11424-2.gif?w=790&#038;ssl=1\" alt=\"TripAdvisor\"><\/a><\/li><\/ul><\/div><script async=\"\" src=\"https:\/\/www.jscache.com\/wejs?wtype=rated&amp;uniq=883&amp;locationId=4037754&amp;lang=en_US&amp;display_version=2\" data-loadtrk=\"\" onload=\"this.loadtrk=true\"><\/script>\n\n\n\n<p class=\"wp-block-paragraph\"><\/p>\n\n\n\n<p class=\"has-drop-cap wp-block-paragraph\">Trung t\u00e2m Tr\u01b0ng b\u00e0y ho\u1ea1t \u0111\u1ed9ng kh\u1eafc ph\u1ee5c h\u1eadu qu\u1ea3 bom m\u00ecn cung c\u1ea5p cho kh\u00e1ch tham quan th\u00f4ng tin v\u1ec1 s\u1ef1 kh\u1ed1c li\u1ec7t c\u1ee7a cu\u1ed9c chi\u1ebfn tranh Vi\u1ec7t Nam, v\u1ec1 h\u1eadu qu\u1ea3 c\u1ee7a bom m\u00ecn sau chi\u1ebfn tranh, v\u1ec1 c\u1ed1 g\u1eafng v\u01b0\u1ee3t qua m\u1ea5t m\u00e1t, \u0111au th\u01b0\u01a1ng, \u0111\u00f3i ngh\u00e8o c\u1ee7a ng\u01b0\u1eddi d\u00e2n c\u0169ng nh\u01b0 n\u1ed7 l\u1ef1c c\u1ee7a ch\u00ednh quy\u1ec1n, nh\u00e2n d\u00e2n v\u00e0 c\u00e1c t\u1ed5 ch\u1ee9c qu\u1ed1c t\u1ebf nh\u1eb1m&nbsp;kh\u1eafc ph\u1ee5c h\u1eadu qu\u1ea3 chi\u1ebfn tranh.<\/p>\n\n\n\n<p class=\"wp-block-paragraph\">B\u00ean c\u1ea1nh tr\u01b0ng b\u00e0y, Trung t\u00e2m c\u00f2n ph\u1ee5c v\u1ee5 kh\u00e1ch tham quan c\u00e1c d\u1ecbch v\u1ee5:<\/p>\n\n\n\n<ul class=\"wp-block-list\">\n<li>Ph\u00f2ng chi\u1ebfu phim t\u00e0i li\u1ec7u v\u00e0 ph\u00f3ng s\u1ef1 m\u00f4 t\u1ea3 h\u1eadu qu\u1ea3 chi\u1ebfn tranh.<\/li>\n\n\n\n<li>Qu\u1ea7y gi\u1ea3i kh\u00e1t ph\u1ee5c v\u1ee5 \u0111\u1ed3 u\u1ed1ng n\u00f3ng, l\u1ea1nh v\u00e0 th\u1ee9c \u0103n nh\u1eb9.<\/li>\n\n\n\n<li>Internet kh\u00f4ng d\u00e2y mi\u1ec5n ph\u00ed, m\u00e1y t\u00ednh \u0111\u1ec3 b\u00e0n c\u00f3 k\u1ebft n\u1ed1i Internet.<\/li>\n\n\n\n<li>Qu\u1ea7y h\u00e0ng l\u01b0u ni\u1ec7m v\u1edbi s\u00e1ch, DVD v\u00e0 h\u00e0ng th\u1ee7 c\u00f4ng \u0111\u1ecba ph\u01b0\u01a1ng.<\/li>\n\n\n\n<li>Ph\u00f2ng v\u1ec7 sinh s\u1ea1ch s\u1ebd, thu\u1eadn l\u1ee3i v\u1edbi ng\u01b0\u1eddi khuy\u1ebft t\u1eadt.<\/li>\n<\/ul>\n\n\n\n<p class=\"wp-block-paragraph\"><strong>Gi\u1edd m\u1edf c\u1eeda:<\/strong> 08:00 a.m. 05:00 p.m. Th\u1ee9 Hai &#8211; Th\u1ee9 S\u00e1u<br>(N\u1ebfu mu\u1ed1n th\u0103m trong ng\u00e0y cu\u1ed1i tu\u1ea7n, vui l\u00f2ng li\u00ean h\u1ec7 tr\u01b0\u1edbc)<\/p>\n\n\n\n<p class=\"wp-block-paragraph\"><strong>Ph\u00ed v\u00e0o c\u1eeda: <\/strong>Mi\u1ec5n ph\u00ed<\/p>\n\n\n\n<p class=\"wp-block-paragraph\"><strong>\u0110\u01b0\u1eddng \u0111\u1ebfn Trung t\u00e2m<\/strong><\/p>\n\n\n\n<iframe loading=\"lazy\" src=\"https:\/\/www.google.com\/maps\/embed?pb=!1m18!1m12!1m3!1d7639.096027411576!2d107.1108755344532!3d16.799148180620012!2m3!1f0!2f0!3f0!3m2!1i1024!2i768!4f13.1!3m3!1m2!1s0x3140e5811e88b91d%3A0x3ca3fc6753ec549!2sMine+Action+Visitor+Center!5e0!3m2!1sen!2s!4v1558664487235!5m2!1sen!2s\" width=\"800\" height=\"600\" frameborder=\"0\" style=\"border:0\" allowfullscreen=\"\"><\/iframe>\n\n\n\n<p class=\"wp-block-paragraph\"><strong>Th\u00f4ng tin li\u00ean h\u1ec7<\/strong><\/p>\n\n\n\n<p class=\"wp-block-paragraph\">Vui l\u00f2ng li\u00ean h\u1ec7 v\u1edbi \u00f4ng Nguy\u1ec5n Thanh Ph\u00fa, Qu\u1ea3n l\u00fd Trung t\u00e2m, qua <a href=\"mailto:phurenew@gmail.com\">email<\/a> ho\u1eb7c g\u1ecdi cho s\u1ed1 di \u0111\u1ed9ng +84935211281 \u0111\u1ec3 \u0111\u01b0\u1ee3c thu x\u1ebfp. <\/p>\n<div class=\"pvc_clear\"><\/div><p id=\"pvc_stats_1630\" class=\"pvc_stats all  \" data-element-id=\"1630\" style=\"\"><i class=\"pvc-stats-icon medium\" aria-hidden=\"true\"><svg aria-hidden=\"true\" focusable=\"false\" data-prefix=\"far\" data-icon=\"chart-bar\" role=\"img\" xmlns=\"http:\/\/www.w3.org\/2000\/svg\" viewBox=\"0 0 512 512\" class=\"svg-inline--fa fa-chart-bar fa-w-16 fa-2x\"><path fill=\"currentColor\" d=\"M396.8 352h22.4c6.4 0 12.8-6.4 12.8-12.8V108.8c0-6.4-6.4-12.8-12.8-12.8h-22.4c-6.4 0-12.8 6.4-12.8 12.8v230.4c0 6.4 6.4 12.8 12.8 12.8zm-192 0h22.4c6.4 0 12.8-6.4 12.8-12.8V140.8c0-6.4-6.4-12.8-12.8-12.8h-22.4c-6.4 0-12.8 6.4-12.8 12.8v198.4c0 6.4 6.4 12.8 12.8 12.8zm96 0h22.4c6.4 0 12.8-6.4 12.8-12.8V204.8c0-6.4-6.4-12.8-12.8-12.8h-22.4c-6.4 0-12.8 6.4-12.8 12.8v134.4c0 6.4 6.4 12.8 12.8 12.8zM496 400H48V80c0-8.84-7.16-16-16-16H16C7.16 64 0 71.16 0 80v336c0 17.67 14.33 32 32 32h464c8.84 0 16-7.16 16-16v-16c0-8.84-7.16-16-16-16zm-387.2-48h22.4c6.4 0 12.8-6.4 12.8-12.8v-70.4c0-6.4-6.4-12.8-12.8-12.8h-22.4c-6.4 0-12.8 6.4-12.8 12.8v70.4c0 6.4 6.4 12.8 12.8 12.8z\" class=\"\"><\/path><\/svg><\/i> <img data-recalc-dims=\"1\" loading=\"lazy\" decoding=\"async\" width=\"16\" height=\"16\" alt=\"Loading\" src=\"https:\/\/i0.wp.com\/landmines.org.vn\/wp-content\/plugins\/page-views-count\/ajax-loader-2x.gif?resize=16%2C16&#038;ssl=1\" border=0 \/><\/p><div class=\"pvc_clear\"><\/div>","protected":false},"excerpt":{"rendered":"<p>Trung t\u00e2m Tr\u01b0ng b\u00e0y ho\u1ea1t \u0111\u1ed9ng kh\u1eafc ph\u1ee5c h\u1eadu qu\u1ea3 bom m\u00ecn cung c\u1ea5p cho kh\u00e1ch tham quan th\u00f4ng tin v\u1ec1 s\u1ef1 kh\u1ed1c li\u1ec7t c\u1ee7a cu\u1ed9c chi\u1ebfn tranh Vi\u1ec7t Nam, v\u1ec1 h\u1eadu qu\u1ea3 c\u1ee7a bom m\u00ecn sau chi\u1ebfn tranh, v\u1ec1 c\u1ed1 g\u1eafng v\u01b0\u1ee3t qua m\u1ea5t m\u00e1t, \u0111au th\u01b0\u01a1ng, \u0111\u00f3i ngh\u00e8o c\u1ee7a ng\u01b0\u1eddi d\u00e2n c\u0169ng nh\u01b0 [&hellip;]<\/p>\n<div class=\"pvc_clear\"><\/div>\n<p id=\"pvc_stats_1630\" class=\"pvc_stats all  \" data-element-id=\"1630\" style=\"\"><i class=\"pvc-stats-icon medium\" aria-hidden=\"true\"><svg aria-hidden=\"true\" focusable=\"false\" data-prefix=\"far\" data-icon=\"chart-bar\" role=\"img\" xmlns=\"http:\/\/www.w3.org\/2000\/svg\" viewBox=\"0 0 512 512\" class=\"svg-inline--fa fa-chart-bar fa-w-16 fa-2x\"><path fill=\"currentColor\" d=\"M396.8 352h22.4c6.4 0 12.8-6.4 12.8-12.8V108.8c0-6.4-6.4-12.8-12.8-12.8h-22.4c-6.4 0-12.8 6.4-12.8 12.8v230.4c0 6.4 6.4 12.8 12.8 12.8zm-192 0h22.4c6.4 0 12.8-6.4 12.8-12.8V140.8c0-6.4-6.4-12.8-12.8-12.8h-22.4c-6.4 0-12.8 6.4-12.8 12.8v198.4c0 6.4 6.4 12.8 12.8 12.8zm96 0h22.4c6.4 0 12.8-6.4 12.8-12.8V204.8c0-6.4-6.4-12.8-12.8-12.8h-22.4c-6.4 0-12.8 6.4-12.8 12.8v134.4c0 6.4 6.4 12.8 12.8 12.8zM496 400H48V80c0-8.84-7.16-16-16-16H16C7.16 64 0 71.16 0 80v336c0 17.67 14.33 32 32 32h464c8.84 0 16-7.16 16-16v-16c0-8.84-7.16-16-16-16zm-387.2-48h22.4c6.4 0 12.8-6.4 12.8-12.8v-70.4c0-6.4-6.4-12.8-12.8-12.8h-22.4c-6.4 0-12.8 6.4-12.8 12.8v70.4c0 6.4 6.4 12.8 12.8 12.8z\" class=\"\"><\/path><\/svg><\/i> <img loading=\"lazy\" decoding=\"async\" width=\"16\" height=\"16\" alt=\"Loading\" src=\"https:\/\/landmines.org.vn\/wp-content\/plugins\/page-views-count\/ajax-loader-2x.gif\" border=0 \/><\/p>\n<div class=\"pvc_clear\"><\/div>\n","protected":false},"author":1,"featured_media":0,"parent":0,"menu_order":0,"comment_status":"closed","ping_status":"closed","template":"","meta":{"_crdt_document":"","advanced_seo_description":"","jetpack_seo_html_title":"","jetpack_seo_noindex":false,"jetpack_post_was_ever_published":false,"footnotes":""},"class_list":["post-1630","page","type-page","status-publish","hentry"],"jetpack_sharing_enabled":true,"jetpack_shortlink":"https:\/\/wp.me\/PaK7Iz-qi","jetpack_likes_enabled":false,"_links":{"self":[{"href":"https:\/\/landmines.org.vn\/vi\/wp-json\/wp\/v2\/pages\/1630","targetHints":{"allow":["GET"]}}],"collection":[{"href":"https:\/\/landmines.org.vn\/vi\/wp-json\/wp\/v2\/pages"}],"about":[{"href":"https:\/\/landmines.org.vn\/vi\/wp-json\/wp\/v2\/types\/page"}],"author":[{"embeddable":true,"href":"https:\/\/landmines.org.vn\/vi\/wp-json\/wp\/v2\/users\/1"}],"replies":[{"embeddable":true,"href":"https:\/\/landmines.org.vn\/vi\/wp-json\/wp\/v2\/comments?post=1630"}],"version-history":[{"count":8,"href":"https:\/\/landmines.org.vn\/vi\/wp-json\/wp\/v2\/pages\/1630\/revisions"}],"predecessor-version":[{"id":8664,"href":"https:\/\/landmines.org.vn\/vi\/wp-json\/wp\/v2\/pages\/1630\/revisions\/8664"}],"wp:attachment":[{"href":"https:\/\/landmines.org.vn\/vi\/wp-json\/wp\/v2\/media?parent=1630"}],"curies":[{"name":"wp","href":"https:\/\/api.w.org\/{rel}","templated":true}]}}