{"id":1615,"date":"2014-11-27T21:38:02","date_gmt":"2014-11-27T14:38:02","guid":{"rendered":"http:\/\/landmines.org.vn\/what-we-do-2\/"},"modified":"2026-01-08T15:44:15","modified_gmt":"2026-01-08T08:44:15","slug":"what-we-do","status":"publish","type":"page","link":"https:\/\/landmines.org.vn\/vi\/what-we-do\/","title":{"rendered":"Ch\u00fang T\u00f4i L\u00e0m G\u00ec"},"content":{"rendered":"<h3 data-start=\"808\" data-end=\"841\"><strong data-start=\"812\" data-end=\"841\">Gi\u1edbi thi\u1ec7u v\u1ec1 D\u1ef1 \u00e1n RENEW<\/strong><\/h3>\n<p data-start=\"843\" data-end=\"1219\">\u0110\u01b0\u1ee3c th\u00e0nh l\u1eadp v\u00e0o th\u00e1ng 8 n\u0103m 2001, D\u1ef1 \u00e1n RENEW l\u00e0 ch\u01b0\u01a1ng tr\u00ecnh h\u1ee3p t\u00e1c gi\u1eefa ch\u00ednh quy\u1ec1n t\u1ec9nh Qu\u1ea3ng Tr\u1ecb v\u00e0 c\u00e1c t\u1ed5 ch\u1ee9c phi ch\u00ednh ph\u1ee7 qu\u1ed1c t\u1ebf, nh\u1eb1m gi\u1ea3m thi\u1ec3u th\u01b0\u01a1ng vong do bom m\u00ecn ch\u01b0a n\u1ed5 c\u00f2n s\u00f3t l\u1ea1i sau chi\u1ebfn tranh. \u0110\u1ed1i t\u00e1c ch\u00ednh hi\u1ec7n nay c\u1ee7a D\u1ef1 \u00e1n l\u00e0 T\u1ed5 ch\u1ee9c Vi\u1ec7n tr\u1ee3 Nh\u00e2n d\u00e2n Na Uy (NPA), m\u1ed9t trong nh\u1eefng t\u1ed5 ch\u1ee9c h\u00e0ng \u0111\u1ea7u th\u1ebf gi\u1edbi trong l\u0129nh v\u1ef1c gi\u1ea3i tr\u1eeb v\u0169 kh\u00ed nh\u00e2n \u0111\u1ea1o.<\/p>\n<h3 data-start=\"1221\" data-end=\"1268\"><strong data-start=\"1225\" data-end=\"1268\">R\u00e0 ph\u00e1 bom m\u00ecn v\u00ec m\u1ed9t Qu\u1ea3ng Tr\u1ecb an to\u00e0n<\/strong><\/h3>\n<p data-start=\"1270\" data-end=\"1579\">NPA\/RENEW \u01b0u ti\u00ean r\u00e0 ph\u00e1 bom ch\u00f9m v\u00e0 v\u1eadt n\u1ed5 t\u1ea1i c\u00e1c v\u00f9ng n\u00f4ng th\u00f4n, \u0111\u1ea5t canh t\u00e1c v\u00e0 khu d\u00e2n c\u01b0, v\u1edbi s\u1ef1 t\u00e0i tr\u1ee3 c\u1ee7a <strong data-start=\"1385\" data-end=\"1409\">B\u1ed9 Ngo\u1ea1i giao Hoa K\u1ef3<\/strong>. T\u00ednh \u0111\u1ebfn th\u00e1ng 7 n\u0103m 2025, h\u01a1n <strong data-start=\"1442\" data-end=\"1465\">619 tri\u1ec7u m\u00e9t vu\u00f4ng<\/strong> \u0111\u1ea5t \u0111\u00e3 \u0111\u01b0\u1ee3c x\u00e1c \u0111\u1ecbnh l\u00e0 khu v\u1ef1c nguy hi\u1ec3m; trong \u0111\u00f3, h\u01a1n <strong data-start=\"1523\" data-end=\"1530\">42%<\/strong> \u0111\u00e3 \u0111\u01b0\u1ee3c x\u1eed l\u00fd v\u00e0 b\u00e0n giao an to\u00e0n cho ng\u01b0\u1eddi d\u00e2n.<\/p>\n<h3 data-start=\"1581\" data-end=\"1628\"><strong data-start=\"1585\" data-end=\"1628\">Gi\u00e1o d\u1ee5c ph\u00f2ng tr\u00e1nh v\u00e0 h\u1ed7 tr\u1ee3 n\u1ea1n nh\u00e2n<\/strong><\/h3>\n<p data-start=\"1630\" data-end=\"1920\">D\u1ef1 \u00e1n c\u0169ng tri\u1ec3n khai <strong data-start=\"1652\" data-end=\"1699\">gi\u00e1o d\u1ee5c nguy c\u01a1 bom m\u00ecn v\u00e0 h\u1ed7 tr\u1ee3 n\u1ea1n nh\u00e2n<\/strong>, v\u1edbi s\u1ef1 t\u00e0i tr\u1ee3 c\u1ee7a <strong data-start=\"1720\" data-end=\"1741\">Ch\u00ednh ph\u1ee7 Ireland <\/strong>th\u00f4ng qua \u0110\u1ea1i s\u1ee9 qu\u00e1n Ireland t\u1ea1i Vi\u1ec7t Nam v\u00e0 s\u1ef1 h\u1ed7 tr\u1ee3 c\u1ee7a <strong>Nh\u1eefng Ng\u01b0\u1eddi b\u1ea1n c\u1ee7a D\u1ef1 \u00e1n RENEW. <\/strong>C\u00e1c ho\u1ea1t \u0111\u1ed9ng bao g\u1ed3m h\u01b0\u1edbng d\u1eabn h\u00e0nh vi an to\u00e0n cho c\u1ed9ng \u0111\u1ed3ng, cung c\u1ea5p ch\u00e2n tay gi\u1ea3, ph\u1ee5c h\u1ed3i ch\u1ee9c n\u0103ng cho h\u01a1n 3.000 ng\u01b0\u1eddi khuy\u1ebft t\u1eadt v\u00e0 h\u1ed7 tr\u1ee3 sinh k\u1ebf cho h\u00e0ng tr\u0103m gia \u0111\u00ecnh.<\/p>\n<h3 data-start=\"1922\" data-end=\"1990\"><strong data-start=\"1926\" data-end=\"1990\">\u0110\u1ed3ng h\u00e0nh c\u00f9ng ng\u01b0\u1eddi khuy\u1ebft t\u1eadt b\u1ecb \u1ea3nh h\u01b0\u1edfng b\u1edfi ch\u1ea5t da cam<\/strong><\/h3>\n<p data-start=\"1992\" data-end=\"2141\">T\u1eeb n\u0103m 2022, RENEW tham gia <strong data-start=\"2020\" data-end=\"2055\">D\u1ef1 \u00e1n c\u1ea3i thi\u1ec7n ch\u1ea5t l\u01b0\u1ee3ng s\u1ed1ng<\/strong> cho ng\u01b0\u1eddi khuy\u1ebft t\u1eadt t\u1ea1i c\u00e1c t\u1ec9nh b\u1ecb phun r\u1ea3i n\u1eb7ng ch\u1ea5t da cam, do <strong>Ch\u00ednh ph\u1ee7 Hoa K\u1ef3<\/strong> t\u00e0i tr\u1ee3 th\u00f4ng qua <strong>\u0110\u1ea1i s\u1ee9 qu\u00e1n Hoa K\u1ef3 t\u1ea1i Vi\u1ec7t Nam.<\/strong><\/p>\n<hr data-start=\"2143\" data-end=\"2146\" \/>\n<h3 data-start=\"2148\" data-end=\"2197\"><strong data-start=\"2152\" data-end=\"2197\">Gi\u1ea3i ph\u00e1p b\u1ec1n v\u1eefng \u2013 Do ng\u01b0\u1eddi d\u00e2n l\u00e0m ch\u1ee7<\/strong><\/h3>\n<p data-start=\"2199\" data-end=\"2371\">M\u00f4 h\u00ecnh h\u00e0nh \u0111\u1ed9ng bom m\u00ecn l\u1ed3ng gh\u00e9p to\u00e0n di\u1ec7n c\u1ee7a RENEW h\u01b0\u1edbng \u0111\u1ebfn <strong data-start=\"2265\" data-end=\"2287\">gi\u1ea3i ph\u00e1p b\u1ec1n v\u1eefng<\/strong>, do ch\u00ednh ng\u01b0\u1eddi d\u00e2n \u0111\u1ecba ph\u01b0\u01a1ng l\u00e0m ch\u1ee7, v\u00ec m\u1ed9t <strong data-start=\"2335\" data-end=\"2370\">Qu\u1ea3ng Tr\u1ecb an to\u00e0n v\u00e0 ph\u00e1t tri\u1ec3n<\/strong>.<\/p>\n<div class=\"pvc_clear\"><\/div>\n<p id=\"pvc_stats_1615\" class=\"pvc_stats all  \" data-element-id=\"1615\" style=\"\"><i class=\"pvc-stats-icon medium\" aria-hidden=\"true\"><svg aria-hidden=\"true\" focusable=\"false\" data-prefix=\"far\" data-icon=\"chart-bar\" role=\"img\" xmlns=\"http:\/\/www.w3.org\/2000\/svg\" viewBox=\"0 0 512 512\" class=\"svg-inline--fa fa-chart-bar fa-w-16 fa-2x\"><path fill=\"currentColor\" d=\"M396.8 352h22.4c6.4 0 12.8-6.4 12.8-12.8V108.8c0-6.4-6.4-12.8-12.8-12.8h-22.4c-6.4 0-12.8 6.4-12.8 12.8v230.4c0 6.4 6.4 12.8 12.8 12.8zm-192 0h22.4c6.4 0 12.8-6.4 12.8-12.8V140.8c0-6.4-6.4-12.8-12.8-12.8h-22.4c-6.4 0-12.8 6.4-12.8 12.8v198.4c0 6.4 6.4 12.8 12.8 12.8zm96 0h22.4c6.4 0 12.8-6.4 12.8-12.8V204.8c0-6.4-6.4-12.8-12.8-12.8h-22.4c-6.4 0-12.8 6.4-12.8 12.8v134.4c0 6.4 6.4 12.8 12.8 12.8zM496 400H48V80c0-8.84-7.16-16-16-16H16C7.16 64 0 71.16 0 80v336c0 17.67 14.33 32 32 32h464c8.84 0 16-7.16 16-16v-16c0-8.84-7.16-16-16-16zm-387.2-48h22.4c6.4 0 12.8-6.4 12.8-12.8v-70.4c0-6.4-6.4-12.8-12.8-12.8h-22.4c-6.4 0-12.8 6.4-12.8 12.8v70.4c0 6.4 6.4 12.8 12.8 12.8z\" class=\"\"><\/path><\/svg><\/i> <img data-recalc-dims=\"1\" loading=\"lazy\" decoding=\"async\" width=\"16\" height=\"16\" alt=\"Loading\" src=\"https:\/\/i0.wp.com\/landmines.org.vn\/wp-content\/plugins\/page-views-count\/ajax-loader-2x.gif?resize=16%2C16&#038;ssl=1\" border=0 \/><\/p>\n<div class=\"pvc_clear\"><\/div>\n","protected":false},"excerpt":{"rendered":"<p>Gi\u1edbi thi\u1ec7u v\u1ec1 D\u1ef1 \u00e1n RENEW \u0110\u01b0\u1ee3c th\u00e0nh l\u1eadp v\u00e0o th\u00e1ng 8 n\u0103m 2001, D\u1ef1 \u00e1n RENEW l\u00e0 ch\u01b0\u01a1ng tr\u00ecnh h\u1ee3p t\u00e1c gi\u1eefa ch\u00ednh quy\u1ec1n t\u1ec9nh Qu\u1ea3ng Tr\u1ecb v\u00e0 c\u00e1c t\u1ed5 ch\u1ee9c phi ch\u00ednh ph\u1ee7 qu\u1ed1c t\u1ebf, nh\u1eb1m gi\u1ea3m thi\u1ec3u th\u01b0\u01a1ng vong do bom m\u00ecn ch\u01b0a n\u1ed5 c\u00f2n s\u00f3t l\u1ea1i sau chi\u1ebfn tranh. \u0110\u1ed1i t\u00e1c [&hellip;]<\/p>\n<div class=\"pvc_clear\"><\/div>\n<p id=\"pvc_stats_1615\" class=\"pvc_stats all  \" data-element-id=\"1615\" style=\"\"><i class=\"pvc-stats-icon medium\" aria-hidden=\"true\"><svg aria-hidden=\"true\" focusable=\"false\" data-prefix=\"far\" data-icon=\"chart-bar\" role=\"img\" xmlns=\"http:\/\/www.w3.org\/2000\/svg\" viewBox=\"0 0 512 512\" class=\"svg-inline--fa fa-chart-bar fa-w-16 fa-2x\"><path fill=\"currentColor\" d=\"M396.8 352h22.4c6.4 0 12.8-6.4 12.8-12.8V108.8c0-6.4-6.4-12.8-12.8-12.8h-22.4c-6.4 0-12.8 6.4-12.8 12.8v230.4c0 6.4 6.4 12.8 12.8 12.8zm-192 0h22.4c6.4 0 12.8-6.4 12.8-12.8V140.8c0-6.4-6.4-12.8-12.8-12.8h-22.4c-6.4 0-12.8 6.4-12.8 12.8v198.4c0 6.4 6.4 12.8 12.8 12.8zm96 0h22.4c6.4 0 12.8-6.4 12.8-12.8V204.8c0-6.4-6.4-12.8-12.8-12.8h-22.4c-6.4 0-12.8 6.4-12.8 12.8v134.4c0 6.4 6.4 12.8 12.8 12.8zM496 400H48V80c0-8.84-7.16-16-16-16H16C7.16 64 0 71.16 0 80v336c0 17.67 14.33 32 32 32h464c8.84 0 16-7.16 16-16v-16c0-8.84-7.16-16-16-16zm-387.2-48h22.4c6.4 0 12.8-6.4 12.8-12.8v-70.4c0-6.4-6.4-12.8-12.8-12.8h-22.4c-6.4 0-12.8 6.4-12.8 12.8v70.4c0 6.4 6.4 12.8 12.8 12.8z\" class=\"\"><\/path><\/svg><\/i> <img loading=\"lazy\" decoding=\"async\" width=\"16\" height=\"16\" alt=\"Loading\" src=\"https:\/\/landmines.org.vn\/wp-content\/plugins\/page-views-count\/ajax-loader-2x.gif\" border=0 \/><\/p>\n<div class=\"pvc_clear\"><\/div>\n","protected":false},"author":1,"featured_media":0,"parent":0,"menu_order":0,"comment_status":"closed","ping_status":"closed","template":"","meta":{"_crdt_document":"","advanced_seo_description":"","jetpack_seo_html_title":"","jetpack_seo_noindex":false,"jetpack_post_was_ever_published":false,"footnotes":""},"class_list":["post-1615","page","type-page","status-publish","hentry"],"jetpack_sharing_enabled":true,"jetpack_shortlink":"https:\/\/wp.me\/PaK7Iz-q3","jetpack_likes_enabled":false,"_links":{"self":[{"href":"https:\/\/landmines.org.vn\/vi\/wp-json\/wp\/v2\/pages\/1615","targetHints":{"allow":["GET"]}}],"collection":[{"href":"https:\/\/landmines.org.vn\/vi\/wp-json\/wp\/v2\/pages"}],"about":[{"href":"https:\/\/landmines.org.vn\/vi\/wp-json\/wp\/v2\/types\/page"}],"author":[{"embeddable":true,"href":"https:\/\/landmines.org.vn\/vi\/wp-json\/wp\/v2\/users\/1"}],"replies":[{"embeddable":true,"href":"https:\/\/landmines.org.vn\/vi\/wp-json\/wp\/v2\/comments?post=1615"}],"version-history":[{"count":22,"href":"https:\/\/landmines.org.vn\/vi\/wp-json\/wp\/v2\/pages\/1615\/revisions"}],"predecessor-version":[{"id":10981,"href":"https:\/\/landmines.org.vn\/vi\/wp-json\/wp\/v2\/pages\/1615\/revisions\/10981"}],"wp:attachment":[{"href":"https:\/\/landmines.org.vn\/vi\/wp-json\/wp\/v2\/media?parent=1615"}],"curies":[{"name":"wp","href":"https:\/\/api.w.org\/{rel}","templated":true}]}}