{"id":1608,"date":"2014-11-28T10:22:55","date_gmt":"2014-11-28T03:22:55","guid":{"rendered":"http:\/\/landmines.org.vn\/where-we-work-2\/"},"modified":"2026-01-19T09:09:43","modified_gmt":"2026-01-19T02:09:43","slug":"where-we-work","status":"publish","type":"page","link":"https:\/\/landmines.org.vn\/vi\/where-we-work\/","title":{"rendered":"V\u00f9ng Ho\u1ea1t \u0111\u1ed9ng"},"content":{"rendered":"<h2>Ph\u1ee5c v\u1ee5 t\u1ec9nh Qu\u1ea3ng Tr\u1ecb m\u1edbi (s\u00e1p nh\u1eadp Qu\u1ea3ng Tr\u1ecb v\u00e0 Qu\u1ea3ng B\u00ecnh \u2013 t\u1eeb ng\u00e0y 1\/7\/2025)<\/h2>\n<p>K\u1ec3 t\u1eeb ng\u00e0y 1\/7\/2025, hai t\u1ec9nh Qu\u1ea3ng Tr\u1ecb v\u00e0 Qu\u1ea3ng B\u00ecnh \u0111\u00e3 ch\u00ednh th\u1ee9c s\u00e1p nh\u1eadp th\u00e0nh t\u1ec9nh Qu\u1ea3ng Tr\u1ecb m\u1edbi, theo ch\u1ee7 tr\u01b0\u01a1ng c\u1ea3i c\u00e1ch h\u00e0nh ch\u00ednh c\u1ee7a Ch\u00ednh ph\u1ee7 Vi\u1ec7t Nam. T\u1ec9nh m\u1edf r\u1ed9ng n\u00e0y bao g\u1ed3m c\u00e1c v\u00f9ng t\u1eebng b\u1ecb n\u00e9m bom n\u1eb7ng n\u1ec1 nh\u1ea5t trong chi\u1ebfn tranh v\u00e0 hi\u1ec7n v\u1eabn c\u00f2n \u00f4 nhi\u1ec5m bom m\u00ecn n\u1eb7ng n\u1ec1.<\/p>\n<p><a href=\"https:\/\/i0.wp.com\/landmines.org.vn\/wp-content\/uploads\/2026\/01\/QT_Bombing-scaled.webp?ssl=1\"><img data-recalc-dims=\"1\" loading=\"lazy\" decoding=\"async\" data-attachment-id=\"10971\" data-permalink=\"https:\/\/landmines.org.vn\/vi\/where-we-work\/qt_bombing-2\/\" data-orig-file=\"https:\/\/i0.wp.com\/landmines.org.vn\/wp-content\/uploads\/2026\/01\/QT_Bombing-scaled.webp?fit=1842%2C2560&amp;ssl=1\" data-orig-size=\"1842,2560\" data-comments-opened=\"0\" data-image-meta=\"{&quot;aperture&quot;:&quot;0&quot;,&quot;credit&quot;:&quot;&quot;,&quot;camera&quot;:&quot;&quot;,&quot;caption&quot;:&quot;&quot;,&quot;created_timestamp&quot;:&quot;0&quot;,&quot;copyright&quot;:&quot;&quot;,&quot;focal_length&quot;:&quot;0&quot;,&quot;iso&quot;:&quot;0&quot;,&quot;shutter_speed&quot;:&quot;0&quot;,&quot;title&quot;:&quot;&quot;,&quot;orientation&quot;:&quot;0&quot;}\" data-image-title=\"QT_Bombing\" data-image-description=\"\" data-image-caption=\"\" data-medium-file=\"https:\/\/i0.wp.com\/landmines.org.vn\/wp-content\/uploads\/2026\/01\/QT_Bombing-scaled.webp?fit=216%2C300&amp;ssl=1\" data-large-file=\"https:\/\/i0.wp.com\/landmines.org.vn\/wp-content\/uploads\/2026\/01\/QT_Bombing-scaled.webp?fit=737%2C1024&amp;ssl=1\" class=\"wp-image-10971 alignleft\" src=\"https:\/\/i0.wp.com\/landmines.org.vn\/wp-content\/uploads\/2026\/01\/QT_Bombing-scaled.webp?resize=453%2C629&#038;ssl=1\" alt=\"\" width=\"453\" height=\"629\" srcset=\"https:\/\/i0.wp.com\/landmines.org.vn\/wp-content\/uploads\/2026\/01\/QT_Bombing-scaled.webp?w=1842&amp;ssl=1 1842w, https:\/\/i0.wp.com\/landmines.org.vn\/wp-content\/uploads\/2026\/01\/QT_Bombing-scaled.webp?resize=216%2C300&amp;ssl=1 216w, https:\/\/i0.wp.com\/landmines.org.vn\/wp-content\/uploads\/2026\/01\/QT_Bombing-scaled.webp?resize=737%2C1024&amp;ssl=1 737w, https:\/\/i0.wp.com\/landmines.org.vn\/wp-content\/uploads\/2026\/01\/QT_Bombing-scaled.webp?resize=108%2C150&amp;ssl=1 108w, https:\/\/i0.wp.com\/landmines.org.vn\/wp-content\/uploads\/2026\/01\/QT_Bombing-scaled.webp?resize=768%2C1068&amp;ssl=1 768w, https:\/\/i0.wp.com\/landmines.org.vn\/wp-content\/uploads\/2026\/01\/QT_Bombing-scaled.webp?resize=1105%2C1536&amp;ssl=1 1105w, https:\/\/i0.wp.com\/landmines.org.vn\/wp-content\/uploads\/2026\/01\/QT_Bombing-scaled.webp?resize=1473%2C2048&amp;ssl=1 1473w, https:\/\/i0.wp.com\/landmines.org.vn\/wp-content\/uploads\/2026\/01\/QT_Bombing-scaled.webp?resize=200%2C278&amp;ssl=1 200w, https:\/\/i0.wp.com\/landmines.org.vn\/wp-content\/uploads\/2026\/01\/QT_Bombing-scaled.webp?w=1580&amp;ssl=1 1580w\" sizes=\"auto, (max-width: 453px) 100vw, 453px\" \/><\/a><\/p>\n<hr \/>\n<h3>\u0110\u1ecba l\u00fd v\u00e0 H\u00e0nh ch\u00ednh<\/h3>\n<ul>\n<li>T\u1ec9nh m\u1edbi bao g\u1ed3m v\u00f9ng \u0111\u1ed3ng b\u1eb1ng ven bi\u1ec3n, v\u00f9ng trung du, v\u00e0 khu v\u1ef1c bi\u00ean gi\u1edbi v\u1edbi L\u00e0o.<\/li>\n<li>G\u1ed3m 78 \u0111\u01a1n v\u1ecb h\u00e0nh ch\u00ednh c\u1ea5p x\u00e3 sau khi b\u00e3i b\u1ecf c\u1ea5p huy\u1ec7n.<\/li>\n<li>Th\u1ee7 ph\u1ee7 m\u1edbi l\u00e0 th\u00e0nh ph\u1ed1 \u0110\u1ed3ng H\u1edbi, tr\u01b0\u1edbc \u0111\u00e2y l\u00e0 trung t\u00e2m h\u00e0nh ch\u00ednh c\u1ee7a Qu\u1ea3ng B\u00ecnh.<\/li>\n<\/ul>\n<hr \/>\n<h3>Di s\u1ea3n chi\u1ebfn tranh: M\u1ed1i \u0111e d\u1ecda t\u1eeb bom m\u00ecn ch\u01b0a n\u1ed5 (UXO)<\/h3>\n<ul>\n<li>Di s\u1ea3n chi\u1ebfn tranh ti\u1ebfp t\u1ee5c \u0111e d\u1ecda t\u00ednh m\u1ea1ng v\u00e0 c\u1ea3n tr\u1edf ph\u00e1t tri\u1ec3n t\u1ea1i nhi\u1ec1u c\u1ed9ng \u0111\u1ed3ng trong t\u1ec9nh.<\/li>\n<li>Ri\u00eang t\u1ec9nh Qu\u1ea3ng Tr\u1ecb c\u0169, tr\u00ean 57 % di\u1ec7n t\u00edch \u0111\u1ea5t b\u1ecb \u00f4 nhi\u1ec5m bom ch\u00f9m ch\u01b0a n\u1ed5 c\u1ea7n \u0111\u01b0\u1ee3c x\u1eed l\u00fd (t\u01b0\u01a1ng \u0111\u01b0\u01a1ng 358 km2), theo <a href=\"https:\/\/www.qtmac.vn\/en\/facts-and-figures\/survey\" target=\"_blank\" rel=\"noopener\">Trung t\u00e2m H\u00e0nh \u0111\u1ed9ng Bom m\u00ecn t\u1ec9nh Qu\u1ea3ng Tr\u1ecb (QTMAC)<\/a>.<\/li>\n<li>T\u1eeb n\u0103m 1975 \u0111\u1ebfn nay, \u0111\u00e3 c\u00f3 h\u01a1n 8.000 ng\u01b0\u1eddi ch\u1ebft ho\u1eb7c b\u1ecb th\u01b0\u01a1ng do bom m\u00ecn, trong \u0111\u00f3 tr\u1ebb em chi\u1ebfm g\u1ea7n m\u1ed9t ph\u1ea7n ba.<\/li>\n<\/ul>\n<hr \/>\n<h3>Vai Tr\u00f2 Ch\u00ednh c\u1ee7a Project RENEW<\/h3>\n<h4>1&#xfe0f;&#x20e3; Gi\u00e1o d\u1ee5c nguy c\u01a1 bom m\u00ecn<\/h4>\n<p>RENEW ti\u00ean phong tri\u1ec3n khai c\u00e1c ho\u1ea1t \u0111\u1ed9ng gi\u00e1o d\u1ee5c nguy c\u01a1 bom m\u00ecn, v\u1eadt n\u1ed5 t\u1ea1i c\u1ed9ng \u0111\u1ed3ng, gi\u00fap ng\u01b0\u1eddi d\u00e2n \u2013 \u0111\u1eb7c bi\u1ec7t l\u00e0 tr\u1ebb em, n\u00f4ng d\u00e2n v\u00e0 \u0111\u1ed3ng b\u00e0o d\u00e2n t\u1ed9c thi\u1ec3u s\u1ed1 \u2013 nh\u1eadn bi\u1ebft v\u00e0 b\u00e1o c\u00e1o v\u1eadt n\u1ed5 nguy hi\u1ec3m.<\/p>\n<ul>\n<li>M\u1ea1ng l\u01b0\u1edbi c\u1ed9ng \u0111\u1ed3ng b\u00e1o c\u00e1o bom m\u00ecn, v\u1eadt n\u1ed5 v\u00e0 ch\u01b0\u01a1ng tr\u00ecnh gi\u00e1o d\u1ee5c t\u1ea1i tr\u01b0\u1eddng h\u1ecdc gi\u00fap n\u00e2ng cao nh\u1eadn th\u1ee9c.<\/li>\n<li>Khuy\u1ebfn kh\u00edch ng\u01b0\u1eddi d\u00e2n b\u00e1o c\u00e1o ph\u00e1t hi\u1ec7n bom m\u00ecn \u0111\u1ebfn s\u1ed1 \u0111i\u1ec7n tho\u1ea1i \u0111\u01b0\u1eddng d\u00e2y n\u00f3ng gi\u00fap ng\u0103n ch\u1eb7n tai n\u1ea1n \u0111\u00e1ng ti\u1ebfc.<\/li>\n<li>T\u00edch h\u1ee3p chuy\u1ec3n \u0111\u1ed5i k\u1ef9 thu\u1eadt s\u1ed1trong gi\u00e1o d\u1ee5c nguy c\u01a1 bom m\u00ecn.<\/li>\n<\/ul>\n<p>RENEW h\u1ed7 tr\u1ee3 tr\u1ef1c ti\u1ebfp n\u1ea1n nh\u00e2n UXO, n\u1ea1n nh\u00e2n ch\u1ea5t \u0111\u1ed9c da cam v\u00e0 ng\u01b0\u1eddi khuy\u1ebft t\u1eadt th\u00f4ng qua:<\/p>\n<ul>\n<li>D\u1ecbch v\u1ee5 ch\u00e2n tay gi\u1ea3 v\u00e0 ch\u1ec9nh h\u00ecnh, c\u00e1c chuy\u1ebfn kh\u00e1m l\u01b0u \u0111\u1ed9ng v\u00e0 ch\u0103m s\u00f3c h\u1eadu c\u1ea7n.<\/li>\n<li>H\u1ed7 tr\u1ee3 sinh k\u1ebf th\u00f4ng qua \u0111\u00e0o t\u1ea1o ngh\u1ec1 v\u00e0 h\u1ed7 tr\u1ee3 ph\u00e1t tri\u1ec3n kinh t\u1ebf h\u1ed9 gia \u0111\u00ecnh.<\/li>\n<li>C\u1ea3i t\u1ea1o nh\u00e0 \u1edf nh\u1eb1m n\u00e2ng cao kh\u1ea3 n\u0103ng ti\u1ebfp c\u1eadn cho ng\u01b0\u1eddi khuy\u1ebft t\u1eadt n\u1eb7ng \u2013 nh\u01b0 l\u00e0m \u0111\u01b0\u1eddng d\u1ed1c, m\u1edf r\u1ed9ng c\u1eeda, s\u1eeda ch\u1eefa nh\u00e0 v\u1ec7 sinh ph\u00f9 h\u1ee3p.<\/li>\n<li>H\u1ed7 tr\u1ee3 trung t\u00e2m ph\u1ee5c h\u1ed3i ch\u1ee9c n\u0103ng ph\u1ed1i h\u1ee3p v\u1edbi c\u00e1c \u0111\u01a1n v\u1ecb y t\u1ebf v\u00e0 d\u1ecbch v\u1ee5 x\u00e3 h\u1ed9i \u0111\u1ecba ph\u01b0\u01a1ng.<\/li>\n<li>Ph\u1ed5 bi\u1ebfn Lu\u1eadt Ng\u01b0\u1eddi khuy\u1ebft t\u1eadt nh\u1eb1m th\u00fac \u0111\u1ea9y quy\u1ec1n l\u1ee3i v\u00e0 h\u00f2a nh\u1eadp x\u00e3 h\u1ed9i cho ng\u01b0\u1eddi khuy\u1ebft t\u1eadt.<\/li>\n<\/ul>\n<hr \/>\n<h3>R\u00e0 ph\u00e1 bom m\u00ecn: H\u1ee3p t\u00e1c v\u1edbi T\u1ed5 ch\u1ee9c Vi\u1ec7n tr\u1ee3 Nh\u00e2n d\u00e2n Na Uy (NPA)<\/h3>\n<p>Ho\u1ea1t \u0111\u1ed9ng kh\u1ea3o s\u00e1t v\u00e0 r\u00e0 ph\u00e1 bom m\u00ecn t\u1ea1i t\u1ec9nh Qu\u1ea3ng Tr\u1ecb m\u1edbi \u0111\u01b0\u1ee3c th\u1ef1c hi\u1ec7n v\u1edbi s\u1ef1 h\u1ee3p t\u00e1c ch\u1eb7t ch\u1ebd v\u1edbi T\u1ed5 ch\u1ee9c Vi\u1ec7n tr\u1ee3 Nh\u00e2n d\u00e2n Na Uy (NPA), trong m\u1ed9t c\u01a1 ch\u1ebf ph\u1ed1i h\u1ee3p li\u00ean k\u1ebft c\u00e1c t\u1ed5 ch\u1ee9c qu\u1ed1c t\u1ebf v\u00e0 \u0111\u1ed1i t\u00e1c \u0111\u1ecba ph\u01b0\u01a1ng.<\/p>\n<ul>\n<li>T\u1ea1i Qu\u1ea3ng Tr\u1ecb c\u0169, NPA\/RENEW c\u00f9ng tri\u1ec3n khai:\n<ul>\n<li>15 \u0111\u1ed9i r\u00e0 ph\u00e1 khu v\u1ef1c giao tranh (BAC): l\u00e0m s\u1ea1ch c\u00e1c khu v\u1ef1c kh\u1eb3ng \u0111\u1ecbnh nguy hi\u1ec3m \u0111\u00e3 \u0111\u01b0\u1ee3c x\u00e1c \u0111\u1ecbnh th\u00f4ng qua kh\u1ea3o s\u00e1t k\u1ef9 thu\u1eadt.<\/li>\n<li>1 \u0111\u1ed9i x\u1eed l\u00fd bom m\u00ecn l\u01b0u \u0111\u1ed9ng (EOD): ti\u1ebfp \u1ee9ng c\u00e1c cu\u1ed9c g\u1ecdi kh\u1ea9n c\u1ea5p c\u1ee7a ng\u01b0\u1eddi d\u00e2n \u0111\u1ebfn \u0111\u01b0\u1eddng d\u00e2y n\u00f3ng.<\/li>\n<\/ul>\n<p>&nbsp;<\/li>\n<li>T\u1ea1i Qu\u1ea3ng B\u00ecnh c\u0169, NPA tri\u1ec3n khai d\u1ef1 \u00e1n Kh\u1ea3o s\u00e1t d\u1ea5u v\u1ebft bom ch\u00f9m (CMRS) t\u1eeb n\u0103m 2020, ph\u1ed1i h\u1ee3p v\u1edbi MAG v\u00e0 PeaceTrees Vietnam.<\/li>\n<li>T\u1ea5t c\u1ea3 ho\u1ea1t \u0111\u1ed9ng r\u00e0 ph\u00e1 \u0111\u1ec1u tu\u00e2n th\u1ee7 ti\u00eau chu\u1ea9n qu\u1ed1c t\u1ebf v\u00e0 \u0111\u01b0\u1ee3c t\u00edch h\u1ee3p v\u00e0o h\u1ec7 th\u1ed1ng th\u00f4ng tin h\u00e0nh \u0111\u1ed9ng bom m\u00ecn qu\u1ed1c gia (IMSMA).<\/li>\n<\/ul>\n<hr \/>\n<h3>Nh\u1eefng th\u00e1ch th\u1ee9c ph\u00e1t tri\u1ec3n<\/h3>\n<ul>\n<li>Ngh\u00e8o \u0111\u00f3i t\u1eadp trung t\u1ea1i c\u00e1c khu v\u1ef1c mi\u1ec1n n\u00fai, t\u1ef7 l\u1ec7 h\u1ed9 ngh\u00e8o tr\u00ean 30% t\u1ea1i nhi\u1ec1u x\u00e3 d\u00e2n t\u1ed9c thi\u1ec3u s\u1ed1.<\/li>\n<li>T\u1ec9nh c\u00f3 h\u01a1n 34.000 ng\u01b0\u1eddi khuy\u1ebft t\u1eadt, bao g\u1ed3m 15.485 n\u1ea1n nh\u00e2n ch\u1ea5t \u0111\u1ed9c da cam, trong \u0111\u00f3 5.000 l\u00e0 tr\u1ebb em.<\/li>\n<li>Nhi\u1ec1u c\u1ed9ng \u0111\u1ed3ng c\u00f2n thi\u1ebfu ti\u1ebfp c\u1eadn v\u1edbi y t\u1ebf, gi\u00e1o d\u1ee5c v\u00e0 c\u01a1 h\u1ed9i vi\u1ec7c l\u00e0m.<\/li>\n<\/ul>\n<hr \/>\n<h3>Bi\u1ebfn \u0111\u1ed5i kh\u00ed h\u1eadu v\u00e0 m\u00f4i tr\u01b0\u1eddng<\/h3>\n<ul>\n<li>T\u1ec9nh \u0111ang ch\u1ecbu \u1ea3nh h\u01b0\u1edfng ng\u00e0y c\u00e0ng l\u1edbn t\u1eeb b\u00e3o, l\u0169, h\u1ea1n h\u00e1n, v\u00e0 x\u00e2m nh\u1eadp m\u1eb7n.<\/li>\n<li>C\u1ea3 khu v\u1ef1c ven bi\u1ec3n v\u00e0 mi\u1ec1n n\u00fai \u0111\u1ec1u d\u1ec5 b\u1ecb t\u1ed5n th\u01b0\u01a1ng, c\u1ea7n \u0111\u01b0\u1ee3c t\u0103ng c\u01b0\u1eddng kh\u1ea3 n\u0103ng th\u00edch \u1ee9ng.<\/li>\n<\/ul>\n<hr \/>\n<h3>&#x2705; Cam k\u1ebft c\u1ee7a ch\u00fang t\u00f4i v\u1edbi t\u1ec9nh Qu\u1ea3ng Tr\u1ecb m\u1edbi<\/h3>\n<p>D\u1ef1 \u00e1n RENEW cam k\u1ebft \u0111\u1ed3ng h\u00e0nh c\u00f9ng ng\u01b0\u1eddi d\u00e2n trong t\u1ec9nh m\u1edbi m\u1edf r\u1ed9ng th\u00f4ng qua c\u00e1c \u01b0u ti\u00ean:<\/p>\n<ul>\n<li>Ph\u00f2ng ng\u1eeba tai n\u1ea1n b\u1eb1ng gi\u00e1o d\u1ee5c nguy c\u01a1 bom m\u00ecn, v\u1eadt n\u1ed5 t\u1ea1i c\u1ed9ng \u0111\u1ed3ng<\/li>\n<li>Ph\u1ee5c h\u1ed3i kh\u1ea3 n\u0103ng v\u1eadn \u0111\u1ed9ng cho n\u1ea1n nh\u00e2n chi\u1ebfn tranh v\u00e0 ng\u01b0\u1eddi khuy\u1ebft t\u1eadt<\/li>\n<li>H\u1ed7 tr\u1ee3 r\u00e0 ph\u00e1 bom m\u00ecn hi\u1ec7u qu\u1ea3 th\u00f4ng qua \u0111\u1ed1i t\u00e1c v\u1edbi NPA<\/li>\n<li>Th\u00fac \u0111\u1ea9y h\u00f2a nh\u1eadp v\u00e0 quy\u1ec1n l\u1ee3i c\u1ee7a ng\u01b0\u1eddi khuy\u1ebft t\u1eadt<\/li>\n<li>X\u00e2y d\u1ef1ng l\u00f2ng tin v\u00e0 s\u1ef1 an to\u00e0n t\u1eeb t\u1eebng ng\u00f4i l\u00e0ng, t\u1eebng gia \u0111\u00ecnh, t\u1eebng c\u00e2u chuy\u1ec7n<\/li>\n<\/ul>\n<p>Ch\u00fang t\u00f4i \u0111ang c\u00f9ng nhau x\u00e2y d\u1ef1ng m\u1ed9t t\u01b0\u01a1ng lai an to\u00e0n v\u00e0 bao tr\u00f9m h\u01a1n cho t\u1ea5t c\u1ea3 m\u1ecdi ng\u01b0\u1eddi \u1edf Qu\u1ea3ng Tr\u1ecb.<\/p>\n<div class=\"pvc_clear\"><\/div>\n<p id=\"pvc_stats_1608\" class=\"pvc_stats all  \" data-element-id=\"1608\" style=\"\"><i class=\"pvc-stats-icon medium\" aria-hidden=\"true\"><svg aria-hidden=\"true\" focusable=\"false\" data-prefix=\"far\" data-icon=\"chart-bar\" role=\"img\" xmlns=\"http:\/\/www.w3.org\/2000\/svg\" viewBox=\"0 0 512 512\" class=\"svg-inline--fa fa-chart-bar fa-w-16 fa-2x\"><path fill=\"currentColor\" d=\"M396.8 352h22.4c6.4 0 12.8-6.4 12.8-12.8V108.8c0-6.4-6.4-12.8-12.8-12.8h-22.4c-6.4 0-12.8 6.4-12.8 12.8v230.4c0 6.4 6.4 12.8 12.8 12.8zm-192 0h22.4c6.4 0 12.8-6.4 12.8-12.8V140.8c0-6.4-6.4-12.8-12.8-12.8h-22.4c-6.4 0-12.8 6.4-12.8 12.8v198.4c0 6.4 6.4 12.8 12.8 12.8zm96 0h22.4c6.4 0 12.8-6.4 12.8-12.8V204.8c0-6.4-6.4-12.8-12.8-12.8h-22.4c-6.4 0-12.8 6.4-12.8 12.8v134.4c0 6.4 6.4 12.8 12.8 12.8zM496 400H48V80c0-8.84-7.16-16-16-16H16C7.16 64 0 71.16 0 80v336c0 17.67 14.33 32 32 32h464c8.84 0 16-7.16 16-16v-16c0-8.84-7.16-16-16-16zm-387.2-48h22.4c6.4 0 12.8-6.4 12.8-12.8v-70.4c0-6.4-6.4-12.8-12.8-12.8h-22.4c-6.4 0-12.8 6.4-12.8 12.8v70.4c0 6.4 6.4 12.8 12.8 12.8z\" class=\"\"><\/path><\/svg><\/i> <img data-recalc-dims=\"1\" loading=\"lazy\" decoding=\"async\" width=\"16\" height=\"16\" alt=\"Loading\" src=\"https:\/\/i0.wp.com\/landmines.org.vn\/wp-content\/plugins\/page-views-count\/ajax-loader-2x.gif?resize=16%2C16&#038;ssl=1\" border=0 \/><\/p>\n<div class=\"pvc_clear\"><\/div>\n","protected":false},"excerpt":{"rendered":"<p>Ph\u1ee5c v\u1ee5 t\u1ec9nh Qu\u1ea3ng Tr\u1ecb m\u1edbi (s\u00e1p nh\u1eadp Qu\u1ea3ng Tr\u1ecb v\u00e0 Qu\u1ea3ng B\u00ecnh \u2013 t\u1eeb ng\u00e0y 1\/7\/2025) K\u1ec3 t\u1eeb ng\u00e0y 1\/7\/2025, hai t\u1ec9nh Qu\u1ea3ng Tr\u1ecb v\u00e0 Qu\u1ea3ng B\u00ecnh \u0111\u00e3 ch\u00ednh th\u1ee9c s\u00e1p nh\u1eadp th\u00e0nh t\u1ec9nh Qu\u1ea3ng Tr\u1ecb m\u1edbi, theo ch\u1ee7 tr\u01b0\u01a1ng c\u1ea3i c\u00e1ch h\u00e0nh ch\u00ednh c\u1ee7a Ch\u00ednh ph\u1ee7 Vi\u1ec7t Nam. T\u1ec9nh m\u1edf r\u1ed9ng n\u00e0y bao [&hellip;]<\/p>\n<div class=\"pvc_clear\"><\/div>\n<p id=\"pvc_stats_1608\" class=\"pvc_stats all  \" data-element-id=\"1608\" style=\"\"><i class=\"pvc-stats-icon medium\" aria-hidden=\"true\"><svg aria-hidden=\"true\" focusable=\"false\" data-prefix=\"far\" data-icon=\"chart-bar\" role=\"img\" xmlns=\"http:\/\/www.w3.org\/2000\/svg\" viewBox=\"0 0 512 512\" class=\"svg-inline--fa fa-chart-bar fa-w-16 fa-2x\"><path fill=\"currentColor\" d=\"M396.8 352h22.4c6.4 0 12.8-6.4 12.8-12.8V108.8c0-6.4-6.4-12.8-12.8-12.8h-22.4c-6.4 0-12.8 6.4-12.8 12.8v230.4c0 6.4 6.4 12.8 12.8 12.8zm-192 0h22.4c6.4 0 12.8-6.4 12.8-12.8V140.8c0-6.4-6.4-12.8-12.8-12.8h-22.4c-6.4 0-12.8 6.4-12.8 12.8v198.4c0 6.4 6.4 12.8 12.8 12.8zm96 0h22.4c6.4 0 12.8-6.4 12.8-12.8V204.8c0-6.4-6.4-12.8-12.8-12.8h-22.4c-6.4 0-12.8 6.4-12.8 12.8v134.4c0 6.4 6.4 12.8 12.8 12.8zM496 400H48V80c0-8.84-7.16-16-16-16H16C7.16 64 0 71.16 0 80v336c0 17.67 14.33 32 32 32h464c8.84 0 16-7.16 16-16v-16c0-8.84-7.16-16-16-16zm-387.2-48h22.4c6.4 0 12.8-6.4 12.8-12.8v-70.4c0-6.4-6.4-12.8-12.8-12.8h-22.4c-6.4 0-12.8 6.4-12.8 12.8v70.4c0 6.4 6.4 12.8 12.8 12.8z\" class=\"\"><\/path><\/svg><\/i> <img loading=\"lazy\" decoding=\"async\" width=\"16\" height=\"16\" alt=\"Loading\" src=\"https:\/\/landmines.org.vn\/wp-content\/plugins\/page-views-count\/ajax-loader-2x.gif\" border=0 \/><\/p>\n<div class=\"pvc_clear\"><\/div>\n","protected":false},"author":1,"featured_media":0,"parent":0,"menu_order":0,"comment_status":"closed","ping_status":"closed","template":"","meta":{"_crdt_document":"","advanced_seo_description":"","jetpack_seo_html_title":"","jetpack_seo_noindex":false,"jetpack_post_was_ever_published":false,"footnotes":""},"class_list":["post-1608","page","type-page","status-publish","hentry"],"jetpack_sharing_enabled":true,"jetpack_shortlink":"https:\/\/wp.me\/PaK7Iz-pW","jetpack_likes_enabled":false,"_links":{"self":[{"href":"https:\/\/landmines.org.vn\/vi\/wp-json\/wp\/v2\/pages\/1608","targetHints":{"allow":["GET"]}}],"collection":[{"href":"https:\/\/landmines.org.vn\/vi\/wp-json\/wp\/v2\/pages"}],"about":[{"href":"https:\/\/landmines.org.vn\/vi\/wp-json\/wp\/v2\/types\/page"}],"author":[{"embeddable":true,"href":"https:\/\/landmines.org.vn\/vi\/wp-json\/wp\/v2\/users\/1"}],"replies":[{"embeddable":true,"href":"https:\/\/landmines.org.vn\/vi\/wp-json\/wp\/v2\/comments?post=1608"}],"version-history":[{"count":21,"href":"https:\/\/landmines.org.vn\/vi\/wp-json\/wp\/v2\/pages\/1608\/revisions"}],"predecessor-version":[{"id":11013,"href":"https:\/\/landmines.org.vn\/vi\/wp-json\/wp\/v2\/pages\/1608\/revisions\/11013"}],"wp:attachment":[{"href":"https:\/\/landmines.org.vn\/vi\/wp-json\/wp\/v2\/media?parent=1608"}],"curies":[{"name":"wp","href":"https:\/\/api.w.org\/{rel}","templated":true}]}}