{"id":1595,"date":"2014-11-27T20:19:56","date_gmt":"2014-11-27T13:19:56","guid":{"rendered":"http:\/\/landmines.org.vn\/who-we-are-2\/"},"modified":"2026-04-20T11:44:05","modified_gmt":"2026-04-20T04:44:05","slug":"chung-toi-la-ai","status":"publish","type":"page","link":"https:\/\/landmines.org.vn\/vi\/chung-toi-la-ai\/","title":{"rendered":"Ch\u00fang T\u00f4i L\u00e0 Ai"},"content":{"rendered":"\r\n<p class=\"font-claude-response-body break-words whitespace-normal leading-[1.7] wp-block-paragraph\">D\u1ef1 \u00e1n RENEW \u0111\u01b0\u1ee3c \u0111\u1ed3ng s\u00e1ng l\u1eadp v\u00e0o th\u00e1ng 8 n\u0103m 2001 b\u1edfi \u00f4ng\u00a0<a href=\"https:\/\/www.quangtri.gov.vn\/thong-tin\/ubnd-tinh-quang-tri\"><strong>Ho\u00e0ng Nam<\/strong><\/a>, l\u00fac \u0111\u00f3 l\u00e0 chuy\u00ean vi\u00ean Ph\u00f2ng \u0110\u1ed1i ngo\u1ea1i thu\u1ed9c UBND t\u1ec9nh Qu\u1ea3ng Tr\u1ecb, v\u00e0 \u00f4ng\u00a0<a href=\"https:\/\/landmines.org.vn\/vi\/our-staff\/chuck-searcy-2\/\"><strong>Chuck Searcy<\/strong><\/a>, c\u1ef1u chi\u1ebfn binh M\u1ef9 trong chi\u1ebfn tranh Vi\u1ec7t Nam, \u0111\u1ea1i di\u1ec7n c\u1ee7a Qu\u1ef9 T\u01b0\u1edfng ni\u1ec7m C\u1ef1u chi\u1ebfn binh Vi\u1ec7t Nam (Vietnam Veterans Memorial Fund \u2014 VVMF). C\u00f9ng nhau, h\u1ecd \u0111\u00e3 x\u00e2y d\u1ef1ng m\u1ed9t s\u00e1ng ki\u1ebfn nh\u00e2n \u0111\u1ea1o t\u1eeb nh\u1eefng b\u01b0\u1edbc \u0111\u1ea7u ti\u00ean \u2014 nay \u0111\u00e3 ph\u00e1t tri\u1ec3n qua h\u01a1n hai th\u1eadp k\u1ef7 th\u00e0nh m\u1ed9t trong nh\u1eefng ch\u01b0\u01a1ng tr\u00ecnh h\u00e0nh \u0111\u1ed9ng bom m\u00ecn \u0111\u01b0\u1ee3c \u0111\u00e1nh gi\u00e1 cao nh\u1ea5t t\u1ea1i Vi\u1ec7t Nam. \u00d4ng Ho\u00e0ng Nam hi\u1ec7n l\u00e0 Ph\u00f3 Ch\u1ee7 t\u1ecbch UBND t\u1ec9nh Qu\u1ea3ng Tr\u1ecb ki\u00eam Tr\u01b0\u1edfng Ban Ch\u1ec9 \u0111\u1ea1o D\u1ef1 \u00e1n RENEW\/NPA \u2014 minh ch\u1ee9ng cho cam k\u1ebft th\u1ec3 ch\u1ebf b\u1ec1n v\u1eefng \u0111\u1eb1ng sau c\u00f4ng vi\u1ec7c n\u00e0y.<\/p>\r\n<p class=\"font-claude-response-body break-words whitespace-normal leading-[1.7]\">\u0110\u1ed9i ng\u0169 n\u00f2ng c\u1ed1t c\u1ee7a D\u1ef1 \u00e1n RENEW g\u1ed3m nh\u1eefng c\u00e1n b\u1ed9 ng\u01b0\u1eddi Vi\u1ec7t Nam c\u00f3 tr\u00ecnh \u0111\u1ed9 v\u00e0 t\u00e2m huy\u1ebft, sinh s\u1ed1ng t\u1ea1i t\u1ec9nh Qu\u1ea3ng Tr\u1ecb \u2014 n\u01a1i gia \u0111\u00ecnh h\u1ecd \u0111\u00e3 tr\u1ea3i qua nh\u1eefng \u0111au th\u01b0\u01a1ng c\u1ee7a chi\u1ebfn tranh v\u00e0 h\u1eb1ng ng\u00e0y v\u1eabn s\u1ed1ng chung v\u1edbi m\u1ed1i nguy hi\u1ec3m t\u1eeb bom m\u00ecn c\u00f2n s\u00f3t l\u1ea1i. S\u1ef1 am hi\u1ec3u v\u0103n h\u00f3a, truy\u1ec1n th\u1ed1ng, ph\u00e1p lu\u1eadt \u0111\u1ecba ph\u01b0\u01a1ng c\u00f9ng tinh th\u1ea7n ch\u1ee7 \u0111\u1ed9ng, \u0111\u1ed3ng \u0111\u1ed9i ch\u00ednh l\u00e0 n\u1ec1n t\u1ea3ng t\u1ea1o n\u00ean th\u00e0nh c\u00f4ng c\u1ee7a D\u1ef1 \u00e1n RENEW.<\/p>\r\n\r\n\r\n\r\n<h3 class=\"wp-block-heading\"><a href=\"http:\/\/landmines.org.vn\/staff-category\/coordination-office-vi\/?lang=vi\"><strong>V\u0103n ph\u00f2ng \u0110i\u1ec1u ph\u1ed1i D\u1ef1 \u00e1n<\/strong><\/a><\/h3>\r\n\r\n\r\n\r\n<h3 class=\"wp-block-heading\"><a href=\"http:\/\/landmines.org.vn\/staff-category\/programmes-vi\/?lang=vi\"><strong>Ch\u01b0\u01a1ng tr\u00ecnh Ho\u1ea1t \u0111\u1ed9ng<\/strong><\/a><\/h3>\r\n<div class=\"pvc_clear\"><\/div><p id=\"pvc_stats_1595\" class=\"pvc_stats all  \" data-element-id=\"1595\" style=\"\"><i class=\"pvc-stats-icon medium\" aria-hidden=\"true\"><svg aria-hidden=\"true\" focusable=\"false\" data-prefix=\"far\" data-icon=\"chart-bar\" role=\"img\" xmlns=\"http:\/\/www.w3.org\/2000\/svg\" viewBox=\"0 0 512 512\" class=\"svg-inline--fa fa-chart-bar fa-w-16 fa-2x\"><path fill=\"currentColor\" d=\"M396.8 352h22.4c6.4 0 12.8-6.4 12.8-12.8V108.8c0-6.4-6.4-12.8-12.8-12.8h-22.4c-6.4 0-12.8 6.4-12.8 12.8v230.4c0 6.4 6.4 12.8 12.8 12.8zm-192 0h22.4c6.4 0 12.8-6.4 12.8-12.8V140.8c0-6.4-6.4-12.8-12.8-12.8h-22.4c-6.4 0-12.8 6.4-12.8 12.8v198.4c0 6.4 6.4 12.8 12.8 12.8zm96 0h22.4c6.4 0 12.8-6.4 12.8-12.8V204.8c0-6.4-6.4-12.8-12.8-12.8h-22.4c-6.4 0-12.8 6.4-12.8 12.8v134.4c0 6.4 6.4 12.8 12.8 12.8zM496 400H48V80c0-8.84-7.16-16-16-16H16C7.16 64 0 71.16 0 80v336c0 17.67 14.33 32 32 32h464c8.84 0 16-7.16 16-16v-16c0-8.84-7.16-16-16-16zm-387.2-48h22.4c6.4 0 12.8-6.4 12.8-12.8v-70.4c0-6.4-6.4-12.8-12.8-12.8h-22.4c-6.4 0-12.8 6.4-12.8 12.8v70.4c0 6.4 6.4 12.8 12.8 12.8z\" class=\"\"><\/path><\/svg><\/i> <img data-recalc-dims=\"1\" loading=\"lazy\" decoding=\"async\" width=\"16\" height=\"16\" alt=\"Loading\" src=\"https:\/\/i0.wp.com\/landmines.org.vn\/wp-content\/plugins\/page-views-count\/ajax-loader-2x.gif?resize=16%2C16&#038;ssl=1\" border=0 \/><\/p><div class=\"pvc_clear\"><\/div>","protected":false},"excerpt":{"rendered":"<p>D\u1ef1 \u00e1n RENEW \u0111\u01b0\u1ee3c \u0111\u1ed3ng s\u00e1ng l\u1eadp v\u00e0o th\u00e1ng 8 n\u0103m 2001 b\u1edfi \u00f4ng\u00a0Ho\u00e0ng Nam, l\u00fac \u0111\u00f3 l\u00e0 chuy\u00ean vi\u00ean Ph\u00f2ng \u0110\u1ed1i ngo\u1ea1i thu\u1ed9c UBND t\u1ec9nh Qu\u1ea3ng Tr\u1ecb, v\u00e0 \u00f4ng\u00a0Chuck Searcy, c\u1ef1u chi\u1ebfn binh M\u1ef9 trong chi\u1ebfn tranh Vi\u1ec7t Nam, \u0111\u1ea1i di\u1ec7n c\u1ee7a Qu\u1ef9 T\u01b0\u1edfng ni\u1ec7m C\u1ef1u chi\u1ebfn binh Vi\u1ec7t Nam (Vietnam Veterans Memorial Fund [&hellip;]<\/p>\n<div class=\"pvc_clear\"><\/div>\n<p id=\"pvc_stats_1595\" class=\"pvc_stats all  \" data-element-id=\"1595\" style=\"\"><i class=\"pvc-stats-icon medium\" aria-hidden=\"true\"><svg aria-hidden=\"true\" focusable=\"false\" data-prefix=\"far\" data-icon=\"chart-bar\" role=\"img\" xmlns=\"http:\/\/www.w3.org\/2000\/svg\" viewBox=\"0 0 512 512\" class=\"svg-inline--fa fa-chart-bar fa-w-16 fa-2x\"><path fill=\"currentColor\" d=\"M396.8 352h22.4c6.4 0 12.8-6.4 12.8-12.8V108.8c0-6.4-6.4-12.8-12.8-12.8h-22.4c-6.4 0-12.8 6.4-12.8 12.8v230.4c0 6.4 6.4 12.8 12.8 12.8zm-192 0h22.4c6.4 0 12.8-6.4 12.8-12.8V140.8c0-6.4-6.4-12.8-12.8-12.8h-22.4c-6.4 0-12.8 6.4-12.8 12.8v198.4c0 6.4 6.4 12.8 12.8 12.8zm96 0h22.4c6.4 0 12.8-6.4 12.8-12.8V204.8c0-6.4-6.4-12.8-12.8-12.8h-22.4c-6.4 0-12.8 6.4-12.8 12.8v134.4c0 6.4 6.4 12.8 12.8 12.8zM496 400H48V80c0-8.84-7.16-16-16-16H16C7.16 64 0 71.16 0 80v336c0 17.67 14.33 32 32 32h464c8.84 0 16-7.16 16-16v-16c0-8.84-7.16-16-16-16zm-387.2-48h22.4c6.4 0 12.8-6.4 12.8-12.8v-70.4c0-6.4-6.4-12.8-12.8-12.8h-22.4c-6.4 0-12.8 6.4-12.8 12.8v70.4c0 6.4 6.4 12.8 12.8 12.8z\" class=\"\"><\/path><\/svg><\/i> <img loading=\"lazy\" decoding=\"async\" width=\"16\" height=\"16\" alt=\"Loading\" src=\"https:\/\/landmines.org.vn\/wp-content\/plugins\/page-views-count\/ajax-loader-2x.gif\" border=0 \/><\/p>\n<div class=\"pvc_clear\"><\/div>\n","protected":false},"author":1,"featured_media":0,"parent":0,"menu_order":0,"comment_status":"closed","ping_status":"closed","template":"","meta":{"_crdt_document":"","advanced_seo_description":"","jetpack_seo_html_title":"","jetpack_seo_noindex":false,"jetpack_post_was_ever_published":false,"footnotes":""},"class_list":["post-1595","page","type-page","status-publish","hentry"],"jetpack_sharing_enabled":true,"jetpack_shortlink":"https:\/\/wp.me\/PaK7Iz-pJ","jetpack_likes_enabled":false,"_links":{"self":[{"href":"https:\/\/landmines.org.vn\/vi\/wp-json\/wp\/v2\/pages\/1595","targetHints":{"allow":["GET"]}}],"collection":[{"href":"https:\/\/landmines.org.vn\/vi\/wp-json\/wp\/v2\/pages"}],"about":[{"href":"https:\/\/landmines.org.vn\/vi\/wp-json\/wp\/v2\/types\/page"}],"author":[{"embeddable":true,"href":"https:\/\/landmines.org.vn\/vi\/wp-json\/wp\/v2\/users\/1"}],"replies":[{"embeddable":true,"href":"https:\/\/landmines.org.vn\/vi\/wp-json\/wp\/v2\/comments?post=1595"}],"version-history":[{"count":21,"href":"https:\/\/landmines.org.vn\/vi\/wp-json\/wp\/v2\/pages\/1595\/revisions"}],"predecessor-version":[{"id":11182,"href":"https:\/\/landmines.org.vn\/vi\/wp-json\/wp\/v2\/pages\/1595\/revisions\/11182"}],"wp:attachment":[{"href":"https:\/\/landmines.org.vn\/vi\/wp-json\/wp\/v2\/media?parent=1595"}],"curies":[{"name":"wp","href":"https:\/\/api.w.org\/{rel}","templated":true}]}}