{"id":10685,"date":"2025-09-25T09:46:10","date_gmt":"2025-09-25T02:46:10","guid":{"rendered":"https:\/\/landmines.org.vn\/?page_id=10685"},"modified":"2025-09-25T09:46:10","modified_gmt":"2025-09-25T02:46:10","slug":"partners-and-donors","status":"publish","type":"page","link":"https:\/\/landmines.org.vn\/vi\/partners-and-donors\/","title":{"rendered":"Partners and Donors"},"content":{"rendered":"\r\n<div>RENEW nh\u1eadn \u0111\u01b0\u1ee3c s\u1ef1 h\u1ed7 tr\u1ee3 t\u1eeb nhi\u1ec1u ngu\u1ed3n kh\u00e1c nhau \u2013 c\u00e1c nh\u00e0 t\u00e0i tr\u1ee3 t\u1ed5 ch\u1ee9c, ch\u00ednh ph\u1ee7 qu\u1ed1c t\u1ebf, qu\u1ef9 v\u00e0 c\u00e1 nh\u00e2n. Ch\u00fang t\u00f4i xin g\u1eedi l\u1eddi c\u1ea3m \u01a1n ch\u00e2n th\u00e0nh \u0111\u1ebfn c\u00e1c \u0111\u1ed1i t\u00e1c v\u00e0 nh\u00e0 t\u00e0i tr\u1ee3 \u0111\u00e3 h\u1ed7 tr\u1ee3 ch\u00fang t\u00f4i, gi\u00fap ch\u00fang t\u00f4i t\u1ea1o ra t\u00e1c \u0111\u1ed9ng l\u1edbn \u0111\u1ebfn ng\u01b0\u1eddi d\u00e2n t\u1ec9nh Qu\u1ea3ng Tr\u1ecb trong 20 n\u0103m qua.<\/div>\r\n\r\n\r\n\r\n<h3 class=\"wp-block-heading\">\u0110\u1ed1i t\u00e1c v\u00e0 Nh\u00e0 t\u00e0i tr\u1ee3 hi\u1ec7n t\u1ea1i<\/h3>\r\n\r\n\r\n\r\n<div class=\"wp-block-columns is-layout-flex wp-container-core-columns-is-layout-8f761849 wp-block-columns-is-layout-flex\">\r\n<div class=\"wp-block-column is-layout-flow wp-block-column-is-layout-flow\" style=\"flex-basis: 100%;\"><div class=\"wp-block-image\">\r\n<figure class=\"alignleft size-full is-resized\"><img data-recalc-dims=\"1\" loading=\"lazy\" decoding=\"async\" width=\"600\" height=\"600\" class=\"wp-image-8506\" style=\"width: 163px; height: 163px;\" src=\"https:\/\/i0.wp.com\/landmines.org.vn\/wp-content\/uploads\/2022\/09\/US-DoS-Logo-5.png?resize=600%2C600&#038;ssl=1\" alt=\"\" srcset=\"https:\/\/i0.wp.com\/landmines.org.vn\/wp-content\/uploads\/2022\/09\/US-DoS-Logo-5.png?w=600&amp;ssl=1 600w, https:\/\/i0.wp.com\/landmines.org.vn\/wp-content\/uploads\/2022\/09\/US-DoS-Logo-5.png?resize=300%2C300&amp;ssl=1 300w, https:\/\/i0.wp.com\/landmines.org.vn\/wp-content\/uploads\/2022\/09\/US-DoS-Logo-5.png?resize=150%2C150&amp;ssl=1 150w, https:\/\/i0.wp.com\/landmines.org.vn\/wp-content\/uploads\/2022\/09\/US-DoS-Logo-5.png?resize=144%2C144&amp;ssl=1 144w, https:\/\/i0.wp.com\/landmines.org.vn\/wp-content\/uploads\/2022\/09\/US-DoS-Logo-5.png?resize=200%2C200&amp;ssl=1 200w\" sizes=\"auto, (max-width: 600px) 100vw, 600px\" \/><figcaption class=\"wp-element-caption\"><a href=\"http:\/\/www.state.gov\/\">US Department of State<\/a><\/figcaption><\/figure>\r\n<\/div>\r\n\r\n<\/div>\r\n\r\n\r\n<\/div>\r\n\r\n\r\n\r\n<div class=\"wp-block-columns is-layout-flex wp-container-core-columns-is-layout-8f761849 wp-block-columns-is-layout-flex\">\r\n<div class=\"wp-block-column is-layout-flow wp-block-column-is-layout-flow\" style=\"flex-basis: 100%;\">\r\n<figure class=\"wp-block-image size-full is-resized\"><img data-recalc-dims=\"1\" loading=\"lazy\" decoding=\"async\" width=\"790\" height=\"790\" class=\"wp-image-8507\" style=\"width: 155px; height: 155px;\" src=\"https:\/\/i0.wp.com\/landmines.org.vn\/wp-content\/uploads\/2022\/09\/US-DoD-3.jpg?resize=790%2C790&#038;ssl=1\" alt=\"\" srcset=\"https:\/\/i0.wp.com\/landmines.org.vn\/wp-content\/uploads\/2022\/09\/US-DoD-3.jpg?w=1000&amp;ssl=1 1000w, https:\/\/i0.wp.com\/landmines.org.vn\/wp-content\/uploads\/2022\/09\/US-DoD-3.jpg?resize=300%2C300&amp;ssl=1 300w, https:\/\/i0.wp.com\/landmines.org.vn\/wp-content\/uploads\/2022\/09\/US-DoD-3.jpg?resize=150%2C150&amp;ssl=1 150w, https:\/\/i0.wp.com\/landmines.org.vn\/wp-content\/uploads\/2022\/09\/US-DoD-3.jpg?resize=768%2C768&amp;ssl=1 768w, https:\/\/i0.wp.com\/landmines.org.vn\/wp-content\/uploads\/2022\/09\/US-DoD-3.jpg?resize=144%2C144&amp;ssl=1 144w, https:\/\/i0.wp.com\/landmines.org.vn\/wp-content\/uploads\/2022\/09\/US-DoD-3.jpg?resize=200%2C200&amp;ssl=1 200w\" sizes=\"auto, (max-width: 790px) 100vw, 790px\" \/><figcaption class=\"wp-element-caption\"><a href=\"https:\/\/www.defense.gov\/\" target=\"_blank\" rel=\"noreferrer noopener\">U.S Department of Defense<\/a><\/figcaption><\/figure>\r\n\r\n\r\n<\/div>\r\n\r\n\r\n<\/div>\r\n\r\n\r\n\r\n<div class=\"wp-block-columns is-layout-flex wp-container-core-columns-is-layout-8f761849 wp-block-columns-is-layout-flex\">\r\n<div class=\"wp-block-column is-layout-flow wp-block-column-is-layout-flow\" style=\"flex-basis: 100%;\">\r\n\r\n<\/div>\r\n\r\n\r\n<\/div>\r\n\r\n\r\n\r\n<div class=\"wp-block-columns is-layout-flex wp-container-core-columns-is-layout-8f761849 wp-block-columns-is-layout-flex\">\r\n<div class=\"wp-block-column is-layout-flow wp-block-column-is-layout-flow\" style=\"flex-basis: 100%;\">\r\n<figure class=\"wp-block-image size-full is-resized\"><img data-recalc-dims=\"1\" loading=\"lazy\" decoding=\"async\" width=\"100\" height=\"100\" class=\"wp-image-8485\" style=\"width: 129px; height: 129px;\" src=\"https:\/\/i0.wp.com\/landmines.org.vn\/wp-content\/uploads\/2022\/09\/NMFA-1.png?resize=100%2C100&#038;ssl=1\" alt=\"\" srcset=\"https:\/\/i0.wp.com\/landmines.org.vn\/wp-content\/uploads\/2022\/09\/NMFA-1.png?w=100&amp;ssl=1 100w, https:\/\/i0.wp.com\/landmines.org.vn\/wp-content\/uploads\/2022\/09\/NMFA-1.png?resize=144%2C144&amp;ssl=1 144w\" sizes=\"auto, (max-width: 100px) 100vw, 100px\" \/><figcaption class=\"wp-element-caption\"><a href=\"https:\/\/www.regjeringen.no\/en\/id4\/\">Norwegian Ministry of Foreign Affairs\u00a0<\/a><\/figcaption><\/figure>\r\n\r\n\r\n<\/div>\r\n\r\n\r\n<\/div>\r\n\r\n\r\n\r\n<div class=\"wp-block-columns is-layout-flex wp-container-core-columns-is-layout-8f761849 wp-block-columns-is-layout-flex\">\r\n<div class=\"wp-block-column is-layout-flow wp-block-column-is-layout-flow\" style=\"flex-basis: 100%;\">\r\n<figure class=\"wp-block-image size-full is-resized\"><img data-recalc-dims=\"1\" loading=\"lazy\" decoding=\"async\" width=\"180\" height=\"180\" class=\"wp-image-8486\" style=\"width: 147px; height: 147px;\" src=\"https:\/\/i0.wp.com\/landmines.org.vn\/wp-content\/uploads\/2022\/09\/NPA-Logo.png?resize=180%2C180&#038;ssl=1\" alt=\"\" srcset=\"https:\/\/i0.wp.com\/landmines.org.vn\/wp-content\/uploads\/2022\/09\/NPA-Logo.png?w=180&amp;ssl=1 180w, https:\/\/i0.wp.com\/landmines.org.vn\/wp-content\/uploads\/2022\/09\/NPA-Logo.png?resize=150%2C150&amp;ssl=1 150w, https:\/\/i0.wp.com\/landmines.org.vn\/wp-content\/uploads\/2022\/09\/NPA-Logo.png?resize=144%2C144&amp;ssl=1 144w\" sizes=\"auto, (max-width: 180px) 100vw, 180px\" \/><figcaption class=\"wp-element-caption\"><a href=\"https:\/\/www.npaid.org\/\">Norwegian People&#8217;s Aid<\/a><\/figcaption><\/figure>\r\n\r\n\r\n<\/div>\r\n\r\n\r\n<\/div>\r\n\r\n\r\n\r\n<div class=\"wp-block-columns is-layout-flex wp-container-core-columns-is-layout-8f761849 wp-block-columns-is-layout-flex\">\r\n<div class=\"wp-block-column is-layout-flow wp-block-column-is-layout-flow\" style=\"flex-basis: 100%;\">\r\n<figure class=\"wp-block-image size-large is-resized\"><img data-recalc-dims=\"1\" loading=\"lazy\" decoding=\"async\" width=\"790\" height=\"309\" class=\"wp-image-9608\" style=\"aspect-ratio: 1.6019417475728155; width: 250px; height: auto;\" src=\"https:\/\/i0.wp.com\/landmines.org.vn\/wp-content\/uploads\/2024\/06\/Ireland-Mark-Colour.png?resize=790%2C309&#038;ssl=1\" alt=\"\" srcset=\"https:\/\/i0.wp.com\/landmines.org.vn\/wp-content\/uploads\/2024\/06\/Ireland-Mark-Colour.png?resize=1024%2C401&amp;ssl=1 1024w, https:\/\/i0.wp.com\/landmines.org.vn\/wp-content\/uploads\/2024\/06\/Ireland-Mark-Colour.png?resize=300%2C118&amp;ssl=1 300w, https:\/\/i0.wp.com\/landmines.org.vn\/wp-content\/uploads\/2024\/06\/Ireland-Mark-Colour.png?resize=150%2C59&amp;ssl=1 150w, https:\/\/i0.wp.com\/landmines.org.vn\/wp-content\/uploads\/2024\/06\/Ireland-Mark-Colour.png?resize=768%2C301&amp;ssl=1 768w, https:\/\/i0.wp.com\/landmines.org.vn\/wp-content\/uploads\/2024\/06\/Ireland-Mark-Colour.png?resize=1536%2C602&amp;ssl=1 1536w, https:\/\/i0.wp.com\/landmines.org.vn\/wp-content\/uploads\/2024\/06\/Ireland-Mark-Colour.png?resize=2048%2C802&amp;ssl=1 2048w, https:\/\/i0.wp.com\/landmines.org.vn\/wp-content\/uploads\/2024\/06\/Ireland-Mark-Colour.png?resize=200%2C78&amp;ssl=1 200w, https:\/\/i0.wp.com\/landmines.org.vn\/wp-content\/uploads\/2024\/06\/Ireland-Mark-Colour.png?w=2370&amp;ssl=1 2370w\" sizes=\"auto, (max-width: 790px) 100vw, 790px\" \/><figcaption class=\"wp-element-caption\"><a href=\"https:\/\/www.irishaid.ie\/\">Irish Aid\u00a0<\/a><\/figcaption><\/figure>\r\n\r\n\r\n<\/div>\r\n\r\n\r\n<\/div>\r\n\r\n\r\n\r\n<div class=\"wp-block-columns is-layout-flex wp-container-core-columns-is-layout-8f761849 wp-block-columns-is-layout-flex\">\r\n<div class=\"wp-block-column is-layout-flow wp-block-column-is-layout-flow\" style=\"flex-basis: 100%;\">\r\n<figure class=\"wp-block-image size-large is-resized\"><img data-recalc-dims=\"1\" loading=\"lazy\" decoding=\"async\" width=\"790\" height=\"225\" class=\"wp-image-8489\" style=\"width: 263px; height: 74px;\" src=\"https:\/\/i0.wp.com\/landmines.org.vn\/wp-content\/uploads\/2022\/09\/Friends-of-Project-RENEW.jpg?resize=790%2C225&#038;ssl=1\" alt=\"\" srcset=\"https:\/\/i0.wp.com\/landmines.org.vn\/wp-content\/uploads\/2022\/09\/Friends-of-Project-RENEW-scaled.jpg?resize=1024%2C291&amp;ssl=1 1024w, https:\/\/i0.wp.com\/landmines.org.vn\/wp-content\/uploads\/2022\/09\/Friends-of-Project-RENEW-scaled.jpg?resize=300%2C85&amp;ssl=1 300w, https:\/\/i0.wp.com\/landmines.org.vn\/wp-content\/uploads\/2022\/09\/Friends-of-Project-RENEW-scaled.jpg?resize=150%2C43&amp;ssl=1 150w, https:\/\/i0.wp.com\/landmines.org.vn\/wp-content\/uploads\/2022\/09\/Friends-of-Project-RENEW-scaled.jpg?resize=768%2C218&amp;ssl=1 768w, https:\/\/i0.wp.com\/landmines.org.vn\/wp-content\/uploads\/2022\/09\/Friends-of-Project-RENEW-scaled.jpg?resize=1536%2C436&amp;ssl=1 1536w, https:\/\/i0.wp.com\/landmines.org.vn\/wp-content\/uploads\/2022\/09\/Friends-of-Project-RENEW-scaled.jpg?resize=2048%2C582&amp;ssl=1 2048w, https:\/\/i0.wp.com\/landmines.org.vn\/wp-content\/uploads\/2022\/09\/Friends-of-Project-RENEW-scaled.jpg?resize=200%2C57&amp;ssl=1 200w, https:\/\/i0.wp.com\/landmines.org.vn\/wp-content\/uploads\/2022\/09\/Friends-of-Project-RENEW-scaled.jpg?w=2370&amp;ssl=1 2370w\" sizes=\"auto, (max-width: 790px) 100vw, 790px\" \/><figcaption class=\"wp-element-caption\"><a href=\"https:\/\/renewvn.org\/\" target=\"_blank\" rel=\"noreferrer noopener\">Friends of Project RENEW<\/a><\/figcaption><\/figure>\r\n\r\n\r\n<\/div>\r\n\r\n\r\n<\/div>\r\n\r\n\r\n\r\n<div class=\"wp-block-columns is-layout-flex wp-container-core-columns-is-layout-8f761849 wp-block-columns-is-layout-flex\">\r\n<div class=\"wp-block-column is-layout-flow wp-block-column-is-layout-flow\" style=\"flex-basis: 100%;\">\r\n<div class=\"wp-block-columns is-layout-flex wp-container-core-columns-is-layout-8f761849 wp-block-columns-is-layout-flex\">\r\n<div class=\"wp-block-column is-layout-flow wp-block-column-is-layout-flow\" style=\"flex-basis: 100%;\">\r\n<div class=\"wp-block-columns is-layout-flex wp-container-core-columns-is-layout-8f761849 wp-block-columns-is-layout-flex\">\r\n<div class=\"wp-block-column is-layout-flow wp-block-column-is-layout-flow\" style=\"flex-basis: 100%;\">\r\n<figure class=\"wp-block-image size-full is-resized\"><a href=\" https:\/\/vfp160.org\/\"><img data-recalc-dims=\"1\" loading=\"lazy\" decoding=\"async\" width=\"562\" height=\"414\" class=\"wp-image-8488\" style=\"width: 119px; height: 88px;\" src=\"https:\/\/i0.wp.com\/landmines.org.vn\/wp-content\/uploads\/2022\/09\/VFP-Chapter-160.png?resize=562%2C414&#038;ssl=1\" alt=\"\" srcset=\"https:\/\/i0.wp.com\/landmines.org.vn\/wp-content\/uploads\/2022\/09\/VFP-Chapter-160.png?w=562&amp;ssl=1 562w, https:\/\/i0.wp.com\/landmines.org.vn\/wp-content\/uploads\/2022\/09\/VFP-Chapter-160.png?resize=300%2C221&amp;ssl=1 300w, https:\/\/i0.wp.com\/landmines.org.vn\/wp-content\/uploads\/2022\/09\/VFP-Chapter-160.png?resize=150%2C110&amp;ssl=1 150w, https:\/\/i0.wp.com\/landmines.org.vn\/wp-content\/uploads\/2022\/09\/VFP-Chapter-160.png?resize=200%2C147&amp;ssl=1 200w\" sizes=\"auto, (max-width: 562px) 100vw, 562px\" \/><\/a><figcaption class=\"wp-element-caption\"><a href=\"https:\/\/vfp160.org\/\" target=\"_blank\" rel=\"noreferrer noopener\">Veterans For Peace <\/a><\/figcaption><\/figure>\r\n\r\n\r\n<\/div>\r\n\r\n\r\n<\/div>\r\n\r\n\r\n\r\n<div class=\"wp-block-columns is-layout-flex wp-container-core-columns-is-layout-8f761849 wp-block-columns-is-layout-flex\">\r\n<div class=\"wp-block-column is-layout-flow wp-block-column-is-layout-flow\" style=\"flex-basis: 100%;\">\r\n<figure class=\"wp-block-image size-full is-resized\"><img data-recalc-dims=\"1\" loading=\"lazy\" decoding=\"async\" width=\"500\" height=\"500\" class=\"wp-image-8515\" style=\"width: 122px; height: 122px;\" src=\"https:\/\/i0.wp.com\/landmines.org.vn\/wp-content\/uploads\/2022\/09\/chino-chienega-foundation.png?resize=500%2C500&#038;ssl=1\" alt=\"\" srcset=\"https:\/\/i0.wp.com\/landmines.org.vn\/wp-content\/uploads\/2022\/09\/chino-chienega-foundation.png?w=500&amp;ssl=1 500w, https:\/\/i0.wp.com\/landmines.org.vn\/wp-content\/uploads\/2022\/09\/chino-chienega-foundation.png?resize=300%2C300&amp;ssl=1 300w, https:\/\/i0.wp.com\/landmines.org.vn\/wp-content\/uploads\/2022\/09\/chino-chienega-foundation.png?resize=150%2C150&amp;ssl=1 150w, https:\/\/i0.wp.com\/landmines.org.vn\/wp-content\/uploads\/2022\/09\/chino-chienega-foundation.png?resize=144%2C144&amp;ssl=1 144w, https:\/\/i0.wp.com\/landmines.org.vn\/wp-content\/uploads\/2022\/09\/chino-chienega-foundation.png?resize=200%2C200&amp;ssl=1 200w\" sizes=\"auto, (max-width: 500px) 100vw, 500px\" \/><figcaption class=\"wp-element-caption\"><a href=\"http:\/\/www.chinofound.org\/\">Chino Cienega Foundation\u00a0<\/a><\/figcaption><\/figure>\r\n\r\n\r\n<\/div>\r\n\r\n\r\n<\/div>\r\n\r\n\r\n<\/div>\r\n\r\n\r\n<\/div>\r\n\r\n\r\n<\/div>\r\n\r\n\r\n<\/div>\r\n\r\n\r\n\r\n\r\n<hr class=\"wp-block-separator has-alpha-channel-opacity is-style-wide\" \/>\r\n\r\n\r\n\r\n\r\n<h2 class=\"wp-block-heading\">\u0110\u1ed1i t\u00e1c v\u00e0 Nh\u00e0 t\u00e0i tr\u1ee3 tr\u01b0\u1edbc \u0111\u00e2y<\/h2>\r\n\r\n\r\n\r\n\r\n<a href=\"http:\/\/www.vvmf.org\/\">Vietnam Veterans Memorial Fund\u00a0<\/a>\r\n\r\n\r\n\r\n\r\n\r\n<a href=\"https:\/\/www.gov.uk\/government\/organisations\/foreign-commonwealth-development-office\">Foreign, Commonwealth &amp; Development Office<\/a>\r\n\r\n\r\n\r\n\r\n\r\n<a href=\"http:\/\/www.toms.com\/\">TOMS<\/a>\r\n\r\n\r\n\r\n\r\n\r\n<a href=\"http:\/\/www.fjc.org\/\">FJC &#8211; A Foundation of Philanthropic Funds<\/a>\r\n\r\n\r\n\r\n\r\n\r\nTromsoe Mine Victim Resource Center\r\n\r\n\r\n\r\n\r\n\r\n<a href=\"http:\/\/www.vn.emb-japan.go.jp\/\">Japanese Embassy in Viet Nam\u00a0<\/a>\r\n\r\n\r\n\r\n\r\n\r\n<a href=\"http:\/\/thehdi.org\/\">The Humpty Dumpty Institute\u00a0<\/a>\r\n\r\n\r\n\r\n\r\n\r\n<a href=\"http:\/\/www.mivac.org.au\/\">MiVac\u00a0<\/a>\r\n\r\n\r\n\r\n\r\n\r\n<a href=\"https:\/\/www.unicef.org\/\">UNICEF<\/a>\r\n\r\n\r\n\r\n\r\n\r\n<a href=\"http:\/\/goldenwesthf.org\/\">Golden West Humanitarian Foundation<\/a>\r\n\r\n\r\n\r\n\r\n\r\nFreeman Foundation\r\n\r\n\r\n\r\n\r\n\r\nAdopt-A-Minefield\r\n\r\n\r\n\r\n\r\n\r\nChristos Cotsakos, Founder, Chairman and CEO of Pennington Ventures, LLC.\r\n\r\n<div class=\"pvc_clear\"><\/div><p id=\"pvc_stats_10685\" class=\"pvc_stats all  \" data-element-id=\"10685\" style=\"\"><i class=\"pvc-stats-icon medium\" aria-hidden=\"true\"><svg aria-hidden=\"true\" focusable=\"false\" data-prefix=\"far\" data-icon=\"chart-bar\" role=\"img\" xmlns=\"http:\/\/www.w3.org\/2000\/svg\" viewBox=\"0 0 512 512\" class=\"svg-inline--fa fa-chart-bar fa-w-16 fa-2x\"><path fill=\"currentColor\" d=\"M396.8 352h22.4c6.4 0 12.8-6.4 12.8-12.8V108.8c0-6.4-6.4-12.8-12.8-12.8h-22.4c-6.4 0-12.8 6.4-12.8 12.8v230.4c0 6.4 6.4 12.8 12.8 12.8zm-192 0h22.4c6.4 0 12.8-6.4 12.8-12.8V140.8c0-6.4-6.4-12.8-12.8-12.8h-22.4c-6.4 0-12.8 6.4-12.8 12.8v198.4c0 6.4 6.4 12.8 12.8 12.8zm96 0h22.4c6.4 0 12.8-6.4 12.8-12.8V204.8c0-6.4-6.4-12.8-12.8-12.8h-22.4c-6.4 0-12.8 6.4-12.8 12.8v134.4c0 6.4 6.4 12.8 12.8 12.8zM496 400H48V80c0-8.84-7.16-16-16-16H16C7.16 64 0 71.16 0 80v336c0 17.67 14.33 32 32 32h464c8.84 0 16-7.16 16-16v-16c0-8.84-7.16-16-16-16zm-387.2-48h22.4c6.4 0 12.8-6.4 12.8-12.8v-70.4c0-6.4-6.4-12.8-12.8-12.8h-22.4c-6.4 0-12.8 6.4-12.8 12.8v70.4c0 6.4 6.4 12.8 12.8 12.8z\" class=\"\"><\/path><\/svg><\/i> <img data-recalc-dims=\"1\" loading=\"lazy\" decoding=\"async\" width=\"16\" height=\"16\" alt=\"Loading\" src=\"https:\/\/i0.wp.com\/landmines.org.vn\/wp-content\/plugins\/page-views-count\/ajax-loader-2x.gif?resize=16%2C16&#038;ssl=1\" border=0 \/><\/p><div class=\"pvc_clear\"><\/div>","protected":false},"excerpt":{"rendered":"<p>RENEW nh\u1eadn \u0111\u01b0\u1ee3c s\u1ef1 h\u1ed7 tr\u1ee3 t\u1eeb nhi\u1ec1u ngu\u1ed3n kh\u00e1c nhau \u2013 c\u00e1c nh\u00e0 t\u00e0i tr\u1ee3 t\u1ed5 ch\u1ee9c, ch\u00ednh ph\u1ee7 qu\u1ed1c t\u1ebf, qu\u1ef9 v\u00e0 c\u00e1 nh\u00e2n. Ch\u00fang t\u00f4i xin g\u1eedi l\u1eddi c\u1ea3m \u01a1n ch\u00e2n th\u00e0nh \u0111\u1ebfn c\u00e1c \u0111\u1ed1i t\u00e1c v\u00e0 nh\u00e0 t\u00e0i tr\u1ee3 \u0111\u00e3 h\u1ed7 tr\u1ee3 ch\u00fang t\u00f4i, gi\u00fap ch\u00fang t\u00f4i t\u1ea1o ra t\u00e1c \u0111\u1ed9ng [&hellip;]<\/p>\n<div class=\"pvc_clear\"><\/div>\n<p id=\"pvc_stats_10685\" class=\"pvc_stats all  \" data-element-id=\"10685\" style=\"\"><i class=\"pvc-stats-icon medium\" aria-hidden=\"true\"><svg aria-hidden=\"true\" focusable=\"false\" data-prefix=\"far\" data-icon=\"chart-bar\" role=\"img\" xmlns=\"http:\/\/www.w3.org\/2000\/svg\" viewBox=\"0 0 512 512\" class=\"svg-inline--fa fa-chart-bar fa-w-16 fa-2x\"><path fill=\"currentColor\" d=\"M396.8 352h22.4c6.4 0 12.8-6.4 12.8-12.8V108.8c0-6.4-6.4-12.8-12.8-12.8h-22.4c-6.4 0-12.8 6.4-12.8 12.8v230.4c0 6.4 6.4 12.8 12.8 12.8zm-192 0h22.4c6.4 0 12.8-6.4 12.8-12.8V140.8c0-6.4-6.4-12.8-12.8-12.8h-22.4c-6.4 0-12.8 6.4-12.8 12.8v198.4c0 6.4 6.4 12.8 12.8 12.8zm96 0h22.4c6.4 0 12.8-6.4 12.8-12.8V204.8c0-6.4-6.4-12.8-12.8-12.8h-22.4c-6.4 0-12.8 6.4-12.8 12.8v134.4c0 6.4 6.4 12.8 12.8 12.8zM496 400H48V80c0-8.84-7.16-16-16-16H16C7.16 64 0 71.16 0 80v336c0 17.67 14.33 32 32 32h464c8.84 0 16-7.16 16-16v-16c0-8.84-7.16-16-16-16zm-387.2-48h22.4c6.4 0 12.8-6.4 12.8-12.8v-70.4c0-6.4-6.4-12.8-12.8-12.8h-22.4c-6.4 0-12.8 6.4-12.8 12.8v70.4c0 6.4 6.4 12.8 12.8 12.8z\" class=\"\"><\/path><\/svg><\/i> <img loading=\"lazy\" decoding=\"async\" width=\"16\" height=\"16\" alt=\"Loading\" src=\"https:\/\/landmines.org.vn\/wp-content\/plugins\/page-views-count\/ajax-loader-2x.gif\" border=0 \/><\/p>\n<div class=\"pvc_clear\"><\/div>\n","protected":false},"author":1,"featured_media":0,"parent":0,"menu_order":0,"comment_status":"closed","ping_status":"closed","template":"","meta":{"_crdt_document":"","advanced_seo_description":"","jetpack_seo_html_title":"","jetpack_seo_noindex":false,"jetpack_post_was_ever_published":false,"footnotes":""},"class_list":["post-10685","page","type-page","status-publish","hentry"],"jetpack_sharing_enabled":true,"jetpack_shortlink":"https:\/\/wp.me\/PaK7Iz-2Ml","jetpack_likes_enabled":false,"_links":{"self":[{"href":"https:\/\/landmines.org.vn\/vi\/wp-json\/wp\/v2\/pages\/10685","targetHints":{"allow":["GET"]}}],"collection":[{"href":"https:\/\/landmines.org.vn\/vi\/wp-json\/wp\/v2\/pages"}],"about":[{"href":"https:\/\/landmines.org.vn\/vi\/wp-json\/wp\/v2\/types\/page"}],"author":[{"embeddable":true,"href":"https:\/\/landmines.org.vn\/vi\/wp-json\/wp\/v2\/users\/1"}],"replies":[{"embeddable":true,"href":"https:\/\/landmines.org.vn\/vi\/wp-json\/wp\/v2\/comments?post=10685"}],"version-history":[{"count":1,"href":"https:\/\/landmines.org.vn\/vi\/wp-json\/wp\/v2\/pages\/10685\/revisions"}],"predecessor-version":[{"id":10717,"href":"https:\/\/landmines.org.vn\/vi\/wp-json\/wp\/v2\/pages\/10685\/revisions\/10717"}],"wp:attachment":[{"href":"https:\/\/landmines.org.vn\/vi\/wp-json\/wp\/v2\/media?parent=10685"}],"curies":[{"name":"wp","href":"https:\/\/api.w.org\/{rel}","templated":true}]}}