{"id":10674,"date":"2025-09-25T09:16:59","date_gmt":"2025-09-25T02:16:59","guid":{"rendered":"https:\/\/landmines.org.vn\/?page_id=10674"},"modified":"2025-12-22T11:05:09","modified_gmt":"2025-12-22T04:05:09","slug":"trung-tam-renew","status":"publish","type":"page","link":"https:\/\/landmines.org.vn\/vi\/trung-tam-renew\/","title":{"rendered":"Trung t\u00e2m RENEW"},"content":{"rendered":"<div class=\"container py-2 text-center\"><\/div>\n<p><!-- Hero Section --><\/p>\n<section class=\"hero py-5 bg-primary text-white text-center\">\n<div class=\"container\">\n<h1 class=\"display-4 mb-3\" style=\"text-align: center;\">TRUNG T\u00c2M PH\u1ee4C H\u1ed2I CH\u1ee8C N\u0102NG, H\u1ed6 TR\u1ee2 NG\u01af\u1edcI KHUY\u1ebeT T\u1eacT RENEW<\/h1>\n<h1 class=\"display-4 mb-3\" style=\"text-align: center;\">(TRUNG T\u00c2M RENEW)<\/h1>\n<p class=\"lead mb-4\" style=\"text-align: center;\"><strong>Trao quy\u1ec1n cho Cu\u1ed9c s\u1ed1ng, X\u00e2y d\u1ef1ng C\u1ed9ng \u0111\u1ed3ng An to\u00e0n<\/strong><\/p>\n<p>&nbsp;<\/p>\n<\/div>\n<\/section>\n<p><!-- Who We Are --><\/p>\n<section class=\"py-5\">\n<div class=\"container\">\n<div class=\"row\">\n<div class=\"col-lg-8 mx-auto\">\n<h2 class=\"text-center mb-4\">Ch\u00fang T\u00f4i L\u00e0 Ai<\/h2>\n<p>Trung t\u00e2m RENEW l\u00e0 m\u1ed9t t\u1ed5 ch\u1ee9c phi l\u1ee3i nhu\u1eadn \u0111\u1ecba ph\u01b0\u01a1ng chuy\u00ean h\u1ed7 tr\u1ee3 ng\u01b0\u1eddi khuy\u1ebft t\u1eadt, n\u1ea1n nh\u00e2n bom m\u00ecn v\u00e0 ch\u1ea5t da cam\/dioxin. Ch\u00fang t\u00f4i gi\u00e1o d\u1ee5c nguy c\u01a1 bom m\u00ecn, v\u1eadt n\u1ed5 cho tr\u1ebb em, thi\u1ebfu ni\u00ean, v\u00e0 ng\u01b0\u1eddi d\u00e2n t\u1ea1i c\u00e1c khu v\u1ef1c b\u1ecb \u00f4 nhi\u1ec5m cao. \u0110\u01b0\u1ee3c th\u00e0nh l\u1eadp theo Gi\u1ea5y Ch\u1ee9ng nh\u1eadn s\u1ed1 08\/GCN-SL\u0110TBXH ng\u00e0y 7\/10\/2024, Trung t\u00e2m RENEW c\u00f3 s\u1ee9 m\u1ec7nh trao quy\u1ec1n cho c\u00e1 nh\u00e2n v\u00e0 c\u1ed9ng \u0111\u1ed3ng th\u00f4ng qua ph\u1ee5c h\u1ed3i ch\u1ee9c n\u0103ng, gi\u00e1o d\u1ee5c, v\u00e0 v\u1eadn \u0111\u1ed9ng ch\u00ednh s\u00e1ch.<\/p>\n<\/div>\n<\/div>\n<\/div>\n<\/section>\n<p><!-- Services --><\/p>\n<section class=\"py-5 bg-light\">\n<div class=\"container\">\n<h2 class=\"text-center mb-5\">D\u1ecbch V\u1ee5 C\u1ee7a Ch\u00fang T\u00f4i<\/h2>\n<div class=\"row\">\n<div class=\"col-md-6 mb-4\">\n<h3>H\u1ed7 tr\u1ee3 Ng\u01b0\u1eddi Khuy\u1ebft T\u1eadt<\/h3>\n<table class=\"table table-bordered\">\n<thead>\n<tr>\n<th>D\u1ecbch v\u1ee5<\/th>\n<th>M\u00f4 t\u1ea3<\/th>\n<\/tr>\n<\/thead>\n<tbody>\n<tr>\n<td>Ph\u1ee5c h\u1ed3i Ch\u1ee9c n\u0103ng<\/td>\n<td>V\u1eadt l\u00fd tr\u1ecb li\u1ec7u, ho\u1ea1t \u0111\u1ed9ng tr\u1ecb li\u1ec7u, v\u00e0 tr\u1ecb li\u1ec7u ng\u00f4n ng\u1eef<\/td>\n<\/tr>\n<tr>\n<td>Thi\u1ebft b\u1ecb Tr\u1ee3 gi\u00fap<\/td>\n<td>Ch\u00e2n, tay gi\u1ea3, xe l\u0103n\/xe l\u1eafc, khung t\u1eadp \u0111i<\/td>\n<\/tr>\n<tr>\n<td>C\u1ea3i thi\u1ec7n Ti\u1ebfp c\u1eadn<\/td>\n<td>Tay v\u1ecbn, ram d\u1ed1c, v\u00e0 c\u1ea3i t\u1ea1o nh\u00e0 \u1edf<\/td>\n<\/tr>\n<tr>\n<td>\u0110\u00e0o t\u1ea1o Ngh\u1ec1<\/td>\n<td>Trang b\u1ecb k\u1ef9 n\u0103ng cho sinh k\u1ebf b\u1ec1n v\u1eefng<\/td>\n<\/tr>\n<tr>\n<td>\u1ee8ng ph\u00f3 Thi\u00ean tai<\/td>\n<td>Cung c\u1ea5p v\u1eadt ph\u1ea9m v\u00e0 t\u1eadp hu\u1ea5n sau thi\u00ean tai<\/td>\n<\/tr>\n<\/tbody>\n<\/table>\n<\/div>\n<div class=\"col-md-6 mb-4\">\n<h3>Gi\u00e1o d\u1ee5c Nguy c\u01a1 Bom m\u00ecn, V\u1eadt n\u1ed5<\/h3>\n<table class=\"table table-bordered\">\n<thead>\n<tr>\n<th>D\u1ecbch v\u1ee5<\/th>\n<th>M\u00f4 t\u1ea3<\/th>\n<\/tr>\n<\/thead>\n<tbody>\n<tr>\n<td>N\u00e2ng cao Nh\u1eadn th\u1ee9c C\u1ed9ng \u0111\u1ed3ng<\/td>\n<td>H\u01b0\u1edbng d\u1eabn ph\u00f2ng tr\u00e1nh r\u1ee7i ro bom m\u00ecn v\u00e0 c\u00e1ch b\u00e1o c\u00e1o ph\u00e1t hi\u1ec7n bom m\u00ecn<\/td>\n<\/tr>\n<tr>\n<td>Ch\u01b0\u01a1ng tr\u00ecnh Gi\u00e1o d\u1ee5c<\/td>\n<td>T\u1ed5 ch\u1ee9c tham quan th\u1ef1c \u0111\u1ecba, tr\u1ea1i h\u00e8 v\u00e0 b\u00f3ng \u0111\u00e1 c\u1ed9ng \u0111\u1ed3ng c\u00f3 l\u1ed3ng gh\u00e9p gi\u00e1o d\u1ee5c nguy c\u01a1 bom m\u00ecn<\/td>\n<\/tr>\n<tr>\n<td>\u1ee8ng d\u1ee5ng K\u1ef9 thu\u1eadt s\u1ed1<\/td>\n<td>S\u1eed d\u1ee5ng \u00e2m nh\u1ea1c v\u00e0 c\u00f4ng ngh\u1ec7 ti\u00ean ti\u1ebfn \u0111\u1ec3 tr\u1ef1c quan h\u00f3a d\u1eef li\u1ec7u kh\u1eafc ph\u1ee5c h\u1eadu qu\u1ea3 bom m\u00ecn<\/td>\n<\/tr>\n<tr>\n<td>X\u00e2y d\u1ef1ng T\u00e0i li\u1ec7u<\/td>\n<td>Thi\u1ebft k\u1ebf t\u00e0i li\u1ec7u in v\u00e0 \u0111i\u1ec7n t\u1eed ph\u1ee5c v\u1ee5 gi\u00e1o d\u1ee5c ph\u00f2ng tr\u00e1nh tai n\u1ea1n bom m\u00ecn<\/td>\n<\/tr>\n<tr>\n<td>M\u1ea1ng l\u01b0\u1edbi T\u00ecnh nguy\u1ec7n<\/td>\n<td>X\u00e2y d\u1ef1ng v\u00e0 \u0111\u00e0o t\u1ea1o \u0111\u1ed9i ng\u0169 c\u1ed9ng t\u00e1c vi\u00ean truy\u1ec1n th\u00f4ng an to\u00e0n v\u1ec1 bom m\u00ecn, v\u1eadt n\u1ed5<\/td>\n<\/tr>\n<\/tbody>\n<\/table>\n<\/div>\n<\/div>\n<\/div>\n<\/section>\n<p><!-- Who We Serve --><\/p>\n<section class=\"py-5\">\n<div class=\"container\">\n<div class=\"row\">\n<div class=\"col-lg-8 mx-auto\">\n<h2 class=\"text-center mb-4\">\u0110\u1ed1i T\u01b0\u1ee3ng Ph\u1ee5c v\u1ee5<\/h2>\n<ul class=\"list-unstyled\">\n<li class=\"mb-3\"><strong>Ng\u01b0\u1eddi khuy\u1ebft t\u1eadt v\u00e0 n\u1ea1n nh\u00e2n bom m\u00ecn v\u00e0 ch\u1ea5t da cam.<\/strong><\/li>\n<li class=\"mb-3\"><strong>Tr\u1ebb em v\u00e0 ng\u01b0\u1eddi l\u1edbn<\/strong> t\u1ea1i khu v\u1ef1c b\u1ecb \u1ea3nh h\u01b0\u1edfng b\u1edfi bom m\u00ecn, v\u1eadt n\u1ed5.<\/li>\n<li class=\"mb-3\"><strong>C\u1ed9ng \u0111\u1ed3ng \u0111\u1ecba ph\u01b0\u01a1ng<\/strong> c\u1ea7n m\u00f4i tr\u01b0\u1eddng h\u00f2a nh\u1eadp v\u00e0 an to\u00e0n.<\/li>\n<\/ul>\n<\/div>\n<\/div>\n<\/div>\n<\/section>\n<p><!-- Key Details --><\/p>\n<section class=\"py-5 bg-light\">\n<div class=\"container\">\n<h2 class=\"text-center mb-4\">Th\u00f4ng Tin Ch\u00ednh<\/h2>\n<div class=\"row\">\n<div class=\"col-md-6\">\n<h3>Gi\u1edd Ho\u1ea1t \u0110\u1ed9ng<\/h3>\n<p>Th\u1ee9 Hai \u2013 Th\u1ee9 S\u00e1u: 8:00 S\u00e1ng \u2013 5:00 Chi\u1ec1u (\u0110\u1ec3 \u0111\u1eb7t l\u1ecbch ngo\u00e0i gi\u1edd, vui l\u00f2ng li\u00ean h\u1ec7 tr\u01b0\u1edbc)<\/p>\n<\/div>\n<div class=\"col-md-6\">\n<p>&nbsp;<\/p>\n<\/div>\n<\/div>\n<p><!-- Map Embed --><\/p>\n<div class=\"row mt-4\">\n<div class=\"col-12\">\n<h3>V\u1ecb Tr\u00ed<\/h3>\n<p><iframe loading=\"lazy\" style=\"border: 0;\" src=\"https:\/\/www.google.com\/maps\/embed?pb=!1m18!1m12!1m3!1d1100.6260354374554!2d107.10575019471793!3d16.79938350099508!2m3!1f0!2f0!3f0!3m2!1i1024!2i768!4f13.1!3m3!1m2!1s0x3140e58105a0b96b%3A0xc3cf72311d60feab!2sProject%20RENEW%20(D%E1%BB%B1%20%C3%A1n%20RENEW)!5e1!3m2!1sen!2sus!4v1758766833176!5m2!1sen!2sus\" width=\"600\" height=\"450\" allowfullscreen=\"allowfullscreen\"><\/iframe><\/p>\n<\/div>\n<\/div>\n<\/div>\n<\/section>\n<p><!-- Get in Touch --><\/p>\n<section class=\"py-5\">\n<div class=\"container\">\n<div class=\"row\">\n<div class=\"col-md-6\">\n<h2 class=\"mb-4\">Li\u00ean H\u1ec7<\/h2>\n<address><strong>\u0110\u1ecba ch\u1ec9:<\/strong><br \/>\n18 Nguy\u1ec5n C\u01a1 Th\u1ea1ch, ph\u01b0\u1eddng Nam \u0110\u00f4ng H\u00e0, t\u1ec9nh Qu\u1ea3ng Tr\u1ecb<\/address>\n<p><strong>\u0110i\u1ec7n tho\u1ea1i:<\/strong> +84 233 3567338<br \/>\n<strong>Email:<\/strong> <a href=\"mailto:admin@landmines.org.vn\">admin@landmines.org.vn<\/a><br \/>\n<strong>Gi\u00e1m \u0111\u1ed1c:<\/strong> Nguy\u1ec5n Hi\u1ebfu Trung | Di \u0111\u1ed9ng: 0905.090.235 | <a href=\"mailto:nguyenhieutrung@landmines.org.vn\">nguyenhieutrung@landmines.org.vn<\/a><\/p>\n<\/div>\n<div class=\"col-md-6\">\n<h2 class=\"mb-4\">H\u1ed7 Tr\u1ee3 Ch\u00fang T\u00f4i<\/h2>\n<p>\u0110\u1ec3 quy\u00ean g\u00f3p trong n\u01b0\u1edbc b\u1eb1ng VND:<\/p>\n<table class=\"table table-bordered\">\n<thead>\n<tr>\n<th>Chi ti\u1ebft<\/th>\n<th>Th\u00f4ng tin<\/th>\n<\/tr>\n<\/thead>\n<tbody>\n<tr>\n<td>S\u1ed1 t\u00e0i kho\u1ea3n<\/td>\n<td>040025146688<\/td>\n<\/tr>\n<tr>\n<td>Ti\u1ec1n t\u1ec7<\/td>\n<td>VND<\/td>\n<\/tr>\n<tr>\n<td>T\u00ean t\u00e0i kho\u1ea3n<\/td>\n<td>TRUNG TAM PHUC HOI CHUC NANG , HO TRO NGUOI KHUYET TAT RENEW<\/td>\n<\/tr>\n<tr>\n<td>Ng\u00e2n h\u00e0ng<\/td>\n<td>Ng\u00e2n H\u00e0ng TMCP S\u00e0i G\u00f2n Th\u01b0\u01a1ng T\u00edn &#8211; Chi Nh\u00e1nh Qu\u1ea3ng Tr\u1ecb<\/td>\n<\/tr>\n<tr>\n<td>\u0110\u1ecba ch\u1ec9 ng\u00e2n h\u00e0ng<\/td>\n<td>43 Tr\u1ea7n H\u01b0ng \u0110\u1ea1o, ph\u01b0\u1eddng \u0110\u00f4ng H\u00e0, t\u1ec9nh Qu\u1ea3ng Tr\u1ecb<\/td>\n<\/tr>\n<tr>\n<td>M\u00e3 SWIFT<\/td>\n<td>SGTTVNVX<\/td>\n<\/tr>\n<\/tbody>\n<\/table>\n<p>&nbsp;<\/p>\n<\/div>\n<\/div>\n<\/div>\n<\/section>\n<p><!-- CTA Close --><\/p>\n<section class=\"py-5 bg-secondary text-white text-center\">\n<div class=\"container\">\n<h3>H\u00e3y c\u00f9ng ch\u00fang t\u00f4i t\u1ea1o ra m\u1ed9t t\u01b0\u01a1ng lai an to\u00e0n v\u00e0 h\u00f2a nh\u1eadp h\u01a1n! Li\u00ean h\u1ec7 \u0111\u1ec3 h\u1ed7 tr\u1ee3 ho\u1eb7c nh\u1eadn d\u1ecbch v\u1ee5 c\u1ee7a ch\u00fang t\u00f4i<\/h3>\n<\/div>\n<\/section>\n<p><!-- Footer Placeholder --><\/p>\n<footer class=\"bg-dark text-white py-4\">\n<div class=\"container\">\n<p class=\"text-center\" style=\"text-align: center;\">###<\/p>\n<\/div>\n<\/footer>\n<p><!-- Bootstrap JS (optional, if not already in site) --><br \/>\n<script src=\"https:\/\/cdn.jsdelivr.net\/npm\/bootstrap@5.3.0\/dist\/js\/bootstrap.bundle.min.js\"><\/script><\/p>\n<div class=\"pvc_clear\"><\/div>\n<p id=\"pvc_stats_10674\" class=\"pvc_stats all  \" data-element-id=\"10674\" style=\"\"><i class=\"pvc-stats-icon medium\" aria-hidden=\"true\"><svg aria-hidden=\"true\" focusable=\"false\" data-prefix=\"far\" data-icon=\"chart-bar\" role=\"img\" xmlns=\"http:\/\/www.w3.org\/2000\/svg\" viewBox=\"0 0 512 512\" class=\"svg-inline--fa fa-chart-bar fa-w-16 fa-2x\"><path fill=\"currentColor\" d=\"M396.8 352h22.4c6.4 0 12.8-6.4 12.8-12.8V108.8c0-6.4-6.4-12.8-12.8-12.8h-22.4c-6.4 0-12.8 6.4-12.8 12.8v230.4c0 6.4 6.4 12.8 12.8 12.8zm-192 0h22.4c6.4 0 12.8-6.4 12.8-12.8V140.8c0-6.4-6.4-12.8-12.8-12.8h-22.4c-6.4 0-12.8 6.4-12.8 12.8v198.4c0 6.4 6.4 12.8 12.8 12.8zm96 0h22.4c6.4 0 12.8-6.4 12.8-12.8V204.8c0-6.4-6.4-12.8-12.8-12.8h-22.4c-6.4 0-12.8 6.4-12.8 12.8v134.4c0 6.4 6.4 12.8 12.8 12.8zM496 400H48V80c0-8.84-7.16-16-16-16H16C7.16 64 0 71.16 0 80v336c0 17.67 14.33 32 32 32h464c8.84 0 16-7.16 16-16v-16c0-8.84-7.16-16-16-16zm-387.2-48h22.4c6.4 0 12.8-6.4 12.8-12.8v-70.4c0-6.4-6.4-12.8-12.8-12.8h-22.4c-6.4 0-12.8 6.4-12.8 12.8v70.4c0 6.4 6.4 12.8 12.8 12.8z\" class=\"\"><\/path><\/svg><\/i> <img data-recalc-dims=\"1\" loading=\"lazy\" decoding=\"async\" width=\"16\" height=\"16\" alt=\"Loading\" src=\"https:\/\/i0.wp.com\/landmines.org.vn\/wp-content\/plugins\/page-views-count\/ajax-loader-2x.gif?resize=16%2C16&#038;ssl=1\" border=0 \/><\/p>\n<div class=\"pvc_clear\"><\/div>\n","protected":false},"excerpt":{"rendered":"<p>TRUNG T\u00c2M PH\u1ee4C H\u1ed2I CH\u1ee8C N\u0102NG, H\u1ed6 TR\u1ee2 NG\u01af\u1edcI KHUY\u1ebeT T\u1eacT RENEW (TRUNG T\u00c2M RENEW) Trao quy\u1ec1n cho Cu\u1ed9c s\u1ed1ng, X\u00e2y d\u1ef1ng C\u1ed9ng \u0111\u1ed3ng An to\u00e0n &nbsp; Ch\u00fang T\u00f4i L\u00e0 Ai Trung t\u00e2m RENEW l\u00e0 m\u1ed9t t\u1ed5 ch\u1ee9c phi l\u1ee3i nhu\u1eadn \u0111\u1ecba ph\u01b0\u01a1ng chuy\u00ean h\u1ed7 tr\u1ee3 ng\u01b0\u1eddi khuy\u1ebft t\u1eadt, n\u1ea1n nh\u00e2n bom m\u00ecn v\u00e0 ch\u1ea5t [&hellip;]<\/p>\n<div class=\"pvc_clear\"><\/div>\n<p id=\"pvc_stats_10674\" class=\"pvc_stats all  \" data-element-id=\"10674\" style=\"\"><i class=\"pvc-stats-icon medium\" aria-hidden=\"true\"><svg aria-hidden=\"true\" focusable=\"false\" data-prefix=\"far\" data-icon=\"chart-bar\" role=\"img\" xmlns=\"http:\/\/www.w3.org\/2000\/svg\" viewBox=\"0 0 512 512\" class=\"svg-inline--fa fa-chart-bar fa-w-16 fa-2x\"><path fill=\"currentColor\" d=\"M396.8 352h22.4c6.4 0 12.8-6.4 12.8-12.8V108.8c0-6.4-6.4-12.8-12.8-12.8h-22.4c-6.4 0-12.8 6.4-12.8 12.8v230.4c0 6.4 6.4 12.8 12.8 12.8zm-192 0h22.4c6.4 0 12.8-6.4 12.8-12.8V140.8c0-6.4-6.4-12.8-12.8-12.8h-22.4c-6.4 0-12.8 6.4-12.8 12.8v198.4c0 6.4 6.4 12.8 12.8 12.8zm96 0h22.4c6.4 0 12.8-6.4 12.8-12.8V204.8c0-6.4-6.4-12.8-12.8-12.8h-22.4c-6.4 0-12.8 6.4-12.8 12.8v134.4c0 6.4 6.4 12.8 12.8 12.8zM496 400H48V80c0-8.84-7.16-16-16-16H16C7.16 64 0 71.16 0 80v336c0 17.67 14.33 32 32 32h464c8.84 0 16-7.16 16-16v-16c0-8.84-7.16-16-16-16zm-387.2-48h22.4c6.4 0 12.8-6.4 12.8-12.8v-70.4c0-6.4-6.4-12.8-12.8-12.8h-22.4c-6.4 0-12.8 6.4-12.8 12.8v70.4c0 6.4 6.4 12.8 12.8 12.8z\" class=\"\"><\/path><\/svg><\/i> <img loading=\"lazy\" decoding=\"async\" width=\"16\" height=\"16\" alt=\"Loading\" src=\"https:\/\/landmines.org.vn\/wp-content\/plugins\/page-views-count\/ajax-loader-2x.gif\" border=0 \/><\/p>\n<div class=\"pvc_clear\"><\/div>\n","protected":false},"author":1,"featured_media":0,"parent":0,"menu_order":0,"comment_status":"closed","ping_status":"closed","template":"","meta":{"_crdt_document":"","advanced_seo_description":"","jetpack_seo_html_title":"","jetpack_seo_noindex":false,"jetpack_post_was_ever_published":false,"footnotes":""},"class_list":["post-10674","page","type-page","status-publish","hentry"],"jetpack_sharing_enabled":true,"jetpack_shortlink":"https:\/\/wp.me\/PaK7Iz-2Ma","jetpack_likes_enabled":false,"_links":{"self":[{"href":"https:\/\/landmines.org.vn\/vi\/wp-json\/wp\/v2\/pages\/10674","targetHints":{"allow":["GET"]}}],"collection":[{"href":"https:\/\/landmines.org.vn\/vi\/wp-json\/wp\/v2\/pages"}],"about":[{"href":"https:\/\/landmines.org.vn\/vi\/wp-json\/wp\/v2\/types\/page"}],"author":[{"embeddable":true,"href":"https:\/\/landmines.org.vn\/vi\/wp-json\/wp\/v2\/users\/1"}],"replies":[{"embeddable":true,"href":"https:\/\/landmines.org.vn\/vi\/wp-json\/wp\/v2\/comments?post=10674"}],"version-history":[{"count":9,"href":"https:\/\/landmines.org.vn\/vi\/wp-json\/wp\/v2\/pages\/10674\/revisions"}],"predecessor-version":[{"id":10919,"href":"https:\/\/landmines.org.vn\/vi\/wp-json\/wp\/v2\/pages\/10674\/revisions\/10919"}],"wp:attachment":[{"href":"https:\/\/landmines.org.vn\/vi\/wp-json\/wp\/v2\/media?parent=10674"}],"curies":[{"name":"wp","href":"https:\/\/api.w.org\/{rel}","templated":true}]}}